{"id":33011,"date":"2024-08-29T17:35:50","date_gmt":"2024-08-29T17:35:50","guid":{"rendered":"https:\/\/paymentdiscounter.com\/?post_type=product&#038;p=33011"},"modified":"2025-09-04T08:56:33","modified_gmt":"2025-09-04T08:56:33","slug":"estacion-de-acoplamiento-sunmi-p3k","status":"publish","type":"product","link":"https:\/\/paymentdiscounter.com\/es\/producto\/estacion-de-acoplamiento-sunmi-p3k\/","title":{"rendered":"Estaci\u00f3n de acoplamiento Sunmi P3K"},"content":{"rendered":"<p><strong>Estaci\u00f3n de acoplamiento Sunmi P3K<\/strong><br \/>\nUtilizar una estaci\u00f3n base tiene muchas ventajas. Ya no se depende de cables y cordones, sino que basta con colocar el terminal de pago en el soporte. Como siempre est\u00e1 cargando el terminal en un lugar fijo, sabe exactamente d\u00f3nde est\u00e1. La estaci\u00f3n base Sunmi P3K es f\u00e1cil de instalar con un cable de alimentaci\u00f3n independiente.<\/p>\n<p>Para una experiencia \u00f3ptima, recomendamos utilizar una estaci\u00f3n base original. As\u00ed evitar\u00e1 da\u00f1os en su terminal de pago y costosas reparaciones.<\/p>\n<p><strong>Acerca de la familia Sunmi P3<\/strong><br \/>\nPresentaci\u00f3n de la <strong>Familia SUNMI P3<\/strong>-lo \u00faltimo <strong>terminales de pago inteligentes <\/strong>para Android. Disponible en tres versiones<a href=\"https:\/\/paymentdiscounter.com\/es\/almacenar\/sunmi\/sunmi-p3\/\"><strong>SUNMI P3<\/strong><\/a>, <a href=\"https:\/\/paymentdiscounter.com\/es\/almacenar\/sunmi\/sunmi-p3h\/\"><strong>SUNMI P3H<\/strong><\/a>\u00a0y <a href=\"\/es\/almacenar\/sunmi\/sunmi-p3k\/\"><strong>SUNMI P3K<\/strong><\/a>-estos <a href=\"\/es\/tienda\/?attro-product-type=2619&amp;attro-os=2930&amp;attro-brand=1603\"><strong>Terminales de pago Android<\/strong><\/a> ofrecen flexibilidad y funcionalidad para cada necesidad empresarial. En <strong>P3K<\/strong> El modelo cuenta incluso con un teclado f\u00edsico para facilitar su uso.<\/p>\n<p>Mejore su terminal con nuestra gama de <a href=\"\/es\/tienda\/?attro-product-type=2620&amp;attro-brand=1603\"><strong>Accesorios Sunmi<\/strong><\/a> para tu terminal Sunmi P3K. Desde cargadores y soportes hasta fundas y protectores de pantalla. Lo tenemos todo para que tu dispositivo funcione a la perfecci\u00f3n. \u00bfBuscas piezas o accesorios Sunmi y no los encuentras en la tienda? <a href=\"\/es\/pongase-en-contacto-con\/\">Env\u00edanos un mensaje<\/a> !<\/p>\n<p><strong>Acerca de la familia Sunmi P3<\/strong><br \/>\nPresentaci\u00f3n de la <strong>Familia SUNMI P3<\/strong>-lo \u00faltimo <strong>terminales de pago inteligentes <\/strong>para Android. Disponible en tres versiones<a href=\"https:\/\/paymentdiscounter.com\/es\/almacenar\/sunmi\/sunmi-p3\/\"><strong>SUNMI P3<\/strong><\/a>, <a href=\"https:\/\/paymentdiscounter.com\/es\/almacenar\/sunmi\/sunmi-p3h\/\"><strong>SUNMI P3H<\/strong><\/a>\u00a0y <a href=\"\/es\/almacenar\/sunmi\/sunmi-p3k\/\"><strong>SUNMI P3K<\/strong><\/a>-estos <a href=\"\/es\/tienda\/?attro-product-type=2619&amp;attro-os=2930&amp;attro-brand=1603\"><strong>Terminales de pago Android<\/strong><\/a> ofrecen flexibilidad y funcionalidad para cada necesidad empresarial. En <strong>P3K<\/strong> El modelo cuenta incluso con un teclado f\u00edsico para facilitar su uso.<\/p>\n<p>Mejore su terminal con nuestra gama de <a href=\"\/es\/tienda\/?attro-product-type=2620&amp;attro-brand=1603\"><strong>Accesorios Sunmi<\/strong><\/a> para tu terminal Sunmi P3K. Desde cargadores y soportes hasta fundas y protectores de pantalla. Lo tenemos todo para que tu dispositivo funcione a la perfecci\u00f3n. \u00bfBuscas piezas o accesorios Sunmi y no los encuentras en la tienda? <a href=\"\/es\/pongase-en-contacto-con\/\">Env\u00edanos un mensaje<\/a> !<\/p>","protected":false},"excerpt":{"rendered":"<p>Con una Sunmi P3K Dockingstation su terminal de pago siempre tendr\u00e1 la bater\u00eda llena. Puedes colocar f\u00e1cilmente el terminal de pago en el soporte, conectarlo con un cargador Sunmi y dejar que la dockingstation haga el resto.<\/p>\n<p>Esta estaci\u00f3n base Sunmi ayuda a evitar problemas como bater\u00edas agotadas o da\u00f1os por rotura de cables que pueden provocar cortocircuitos. Utilice la base Sunmi original para garantizar una compatibilidad adecuada y un rendimiento \u00f3ptimo.<\/p>\n<p>* Plazo de entrega 7 d\u00edas<\/p>","protected":false},"featured_media":33304,"comment_status":"open","ping_status":"closed","template":"","meta":[],"product_cat":[1555,3511],"product_tag":[2707,694,3537,3536,3515,3532,3524,2708,1874,2704,3538,3539,3514,3513,3512],"acf":[],"_links":{"self":[{"href":"https:\/\/paymentdiscounter.com\/es\/wp-json\/wp\/v2\/product\/33011"}],"collection":[{"href":"https:\/\/paymentdiscounter.com\/es\/wp-json\/wp\/v2\/product"}],"about":[{"href":"https:\/\/paymentdiscounter.com\/es\/wp-json\/wp\/v2\/types\/product"}],"replies":[{"embeddable":true,"href":"https:\/\/paymentdiscounter.com\/es\/wp-json\/wp\/v2\/comments?post=33011"}],"version-history":[{"count":8,"href":"https:\/\/paymentdiscounter.com\/es\/wp-json\/wp\/v2\/product\/33011\/revisions"}],"predecessor-version":[{"id":37271,"href":"https:\/\/paymentdiscounter.com\/es\/wp-json\/wp\/v2\/product\/33011\/revisions\/37271"}],"wp:featuredmedia":[{"embeddable":true,"href":"https:\/\/paymentdiscounter.com\/es\/wp-json\/wp\/v2\/media\/33304"}],"wp:attachment":[{"href":"https:\/\/paymentdiscounter.com\/es\/wp-json\/wp\/v2\/media?parent=33011"}],"wp:term":[{"taxonomy":"product_cat","embeddable":true,"href":"https:\/\/paymentdiscounter.com\/es\/wp-json\/wp\/v2\/product_cat?post=33011"},{"taxonomy":"product_tag","embeddable":true,"href":"https:\/\/paymentdiscounter.com\/es\/wp-json\/wp\/v2\/product_tag?post=33011"}],"curies":[{"name":"wp","href":"https:\/\/api.w.org\/{rel}","templated":true}]}}