{"id":32773,"date":"2024-08-07T15:48:14","date_gmt":"2024-08-07T15:48:14","guid":{"rendered":"https:\/\/paymentdiscounter.com\/?post_type=product&#038;p=32773"},"modified":"2025-06-16T19:29:12","modified_gmt":"2025-06-16T19:29:12","slug":"bateria-pax-a920-pro","status":"publish","type":"product","link":"https:\/\/paymentdiscounter.com\/es\/producto\/bateria-pax-a920-pro\/","title":{"rendered":"Bater\u00eda Pax A920 PRO"},"content":{"rendered":"","protected":false},"excerpt":{"rendered":"<p>La bater\u00eda del Pax A920 PRO es f\u00e1cilmente reemplazable y puede durar varios a\u00f1os si se utiliza correctamente. Si observa que el terminal es capaz de imprimir menos transacciones a pesar de mostrar una bater\u00eda completamente cargada es aconsejable sustituirla.<\/p>","protected":false},"featured_media":32775,"comment_status":"open","ping_status":"closed","template":"","meta":[],"product_cat":[730,1489],"product_tag":[3333,2913,681,728,1492,3497,2611],"acf":[],"_links":{"self":[{"href":"https:\/\/paymentdiscounter.com\/es\/wp-json\/wp\/v2\/product\/32773"}],"collection":[{"href":"https:\/\/paymentdiscounter.com\/es\/wp-json\/wp\/v2\/product"}],"about":[{"href":"https:\/\/paymentdiscounter.com\/es\/wp-json\/wp\/v2\/types\/product"}],"replies":[{"embeddable":true,"href":"https:\/\/paymentdiscounter.com\/es\/wp-json\/wp\/v2\/comments?post=32773"}],"version-history":[{"count":4,"href":"https:\/\/paymentdiscounter.com\/es\/wp-json\/wp\/v2\/product\/32773\/revisions"}],"predecessor-version":[{"id":35878,"href":"https:\/\/paymentdiscounter.com\/es\/wp-json\/wp\/v2\/product\/32773\/revisions\/35878"}],"wp:featuredmedia":[{"embeddable":true,"href":"https:\/\/paymentdiscounter.com\/es\/wp-json\/wp\/v2\/media\/32775"}],"wp:attachment":[{"href":"https:\/\/paymentdiscounter.com\/es\/wp-json\/wp\/v2\/media?parent=32773"}],"wp:term":[{"taxonomy":"product_cat","embeddable":true,"href":"https:\/\/paymentdiscounter.com\/es\/wp-json\/wp\/v2\/product_cat?post=32773"},{"taxonomy":"product_tag","embeddable":true,"href":"https:\/\/paymentdiscounter.com\/es\/wp-json\/wp\/v2\/product_tag?post=32773"}],"curies":[{"name":"wp","href":"https:\/\/api.w.org\/{rel}","templated":true}]}}