{"id":30005,"date":"2024-03-03T11:52:32","date_gmt":"2024-03-03T11:52:32","guid":{"rendered":"https:\/\/paymentdiscounter.com\/?post_type=product&#038;p=30005"},"modified":"2024-09-23T12:58:44","modified_gmt":"2024-09-23T12:58:44","slug":"castillos-s2l","status":"publish","type":"product","link":"https:\/\/paymentdiscounter.com\/es\/producto\/castillos-s2l\/","title":{"rendered":"Castles S2L"},"content":{"rendered":"<h3>Castles S2L: Racionalizaci\u00f3n de los pagos<\/h3>\n<p>l Castles S2L es una soluci\u00f3n todo en uno dise\u00f1ada para satisfacer las demandas multifuncionales de las empresas modernas. El S2L se ha dise\u00f1ado pensando en la versatilidad, simplifica el proceso de compra y mejora la experiencia de pago tanto para clientes como para comercios.<\/p>\n<h4>Capacidades multifuncionales y comunicaci\u00f3n sin fisuras<\/h4>\n<p>El S2L cuenta con diversas opciones de comunicaci\u00f3n, como USB, RS232, WLAN, Bluetooth y Ethernet. Con un soporte opcional, se convierte en una opci\u00f3n \u00f3ptima para agilizar el proceso de compra y facilitar los pagos sin problemas.<\/p>\n<h4>F\u00e1cil de usar y con muchas funciones<\/h4>\n<p>Dise\u00f1ado para satisfacer las demandas contempor\u00e1neas de interfaces f\u00e1ciles de usar, multifuncionalidad y una gran pantalla t\u00e1ctil en color de 8\u2033, el S2L es una soluci\u00f3n de pago ideal para diversos entornos, como restaurantes, tiendas de comestibles y centros comerciales.<\/p>\n<h4>Funciones de seguridad mejoradas<\/h4>\n<p>La seguridad es primordial y el S2L cumple las normas PCI PTS 6, lo que garantiza una s\u00f3lida protecci\u00f3n de la informaci\u00f3n de pago confidencial. Tanto los comercios como los clientes pueden confiar en la fiabilidad de este terminal de pago.<\/p>\n<h4>Especificaciones S2L<\/h4>\n<ul>\n<li><strong>Procesador:<\/strong> CPU octa-core a 1,8 GHz + procesador Secure<\/li>\n<li><strong>Memoria:<\/strong> Flash\/RAM 16 GB\/2 GB<\/li>\n<li><strong>Sistema operativo:<\/strong> Android 10<\/li>\n<li><strong>Pantalla:<\/strong> TFT en color de 8\u201d con pantalla t\u00e1ctil capacitiva<\/li>\n<li><strong>Lector de tarjetas:<\/strong> Banda magn\u00e9tica, tarjeta inteligente, sin contacto, SAM<\/li>\n<li><strong>Opciones de interfaz de comunicaci\u00f3n:<\/strong> Cable, inal\u00e1mbrico<\/li>\n<li><strong>Audio:<\/strong> Altavoz | Toma de auriculares | Micr\u00f3fono<\/li>\n<li><strong>Teclado:<\/strong> Teclado de 15 teclas<\/li>\n<li><strong>C\u00e1mara:<\/strong> 8MP Auto Focus con Flash LED<\/li>\n<li><strong>Software:<\/strong> SDK | KMS | TMS | GDB | Biblioteca CTOS | Biblioteca ISO 8583 | Biblioteca Crypto<\/li>\n<li><strong>Cripto:<\/strong> TRNG | DES | TDES | AES | RSA | MK\/SK | DUKPT<\/li>\n<li><strong>Fuente de alimentaci\u00f3n:<\/strong> CC 12V\/1A<\/li>\n<li><strong>Dimensiones (L x A x A):<\/strong> 210 x 200 x 29,5 mm<\/li>\n<li><strong>Peso:<\/strong> 748g<\/li>\n<li><strong>Temperatura de funcionamiento:<\/strong> 0\u00b0C a 50\u00b0C<\/li>\n<li><strong>Temperatura de almacenamiento:<\/strong> -20\u00b0C a 70\u00b0C<\/li>\n<li><strong>Humedad de funcionamiento:<\/strong> 5% a 90% sin condensaci\u00f3n<\/li>\n<li><strong>Humedad de almacenamiento:<\/strong> 5% a 90% sin condensaci\u00f3n<\/li>\n<li><strong>Certificaci\u00f3n:<\/strong> PCI PTS v6.X | EMV L1\/L2 | payWave | PayPass | ExpressPay | D-PAS | Interac Flash | J\/Speedy | FeliCa | QuickPass | TQM<\/li>\n<li><strong>Accesorios opcionales:<\/strong> Soporte, Caja M\u00e1gica<\/li>\n<\/ul>","protected":false},"excerpt":{"rendered":"<p>El Castles S2L es una soluci\u00f3n de pago vers\u00e1til y segura que combina facilidad de uso con tecnolog\u00eda punta. Con una gran pantalla t\u00e1ctil, m\u00faltiples opciones de comunicaci\u00f3n y s\u00f3lidas funciones de seguridad, este terminal agiliza el proceso de pago para empresas de diversos sectores.<\/p>","protected":false},"featured_media":30006,"comment_status":"open","ping_status":"closed","template":"","meta":[],"product_cat":[1550,3301],"product_tag":[1791,1857,3059,697,1936,734,879,3058],"acf":[],"_links":{"self":[{"href":"https:\/\/paymentdiscounter.com\/es\/wp-json\/wp\/v2\/product\/30005"}],"collection":[{"href":"https:\/\/paymentdiscounter.com\/es\/wp-json\/wp\/v2\/product"}],"about":[{"href":"https:\/\/paymentdiscounter.com\/es\/wp-json\/wp\/v2\/types\/product"}],"replies":[{"embeddable":true,"href":"https:\/\/paymentdiscounter.com\/es\/wp-json\/wp\/v2\/comments?post=30005"}],"version-history":[{"count":5,"href":"https:\/\/paymentdiscounter.com\/es\/wp-json\/wp\/v2\/product\/30005\/revisions"}],"predecessor-version":[{"id":33540,"href":"https:\/\/paymentdiscounter.com\/es\/wp-json\/wp\/v2\/product\/30005\/revisions\/33540"}],"wp:featuredmedia":[{"embeddable":true,"href":"https:\/\/paymentdiscounter.com\/es\/wp-json\/wp\/v2\/media\/30006"}],"wp:attachment":[{"href":"https:\/\/paymentdiscounter.com\/es\/wp-json\/wp\/v2\/media?parent=30005"}],"wp:term":[{"taxonomy":"product_cat","embeddable":true,"href":"https:\/\/paymentdiscounter.com\/es\/wp-json\/wp\/v2\/product_cat?post=30005"},{"taxonomy":"product_tag","embeddable":true,"href":"https:\/\/paymentdiscounter.com\/es\/wp-json\/wp\/v2\/product_tag?post=30005"}],"curies":[{"name":"wp","href":"https:\/\/api.w.org\/{rel}","templated":true}]}}