{"id":29323,"date":"2024-02-25T16:31:53","date_gmt":"2024-02-25T16:31:53","guid":{"rendered":"https:\/\/paymentdiscounter.com\/?post_type=product&#038;p=29323"},"modified":"2025-10-27T07:40:18","modified_gmt":"2025-10-27T07:40:18","slug":"castles-s1f2-dockingstation-simple","status":"publish","type":"product","link":"https:\/\/paymentdiscounter.com\/es\/producto\/castles-s1f2-dockingstation-simple\/","title":{"rendered":"Castles S1F2 Dockingstation Simple"},"content":{"rendered":"<p><strong>\u00bfQu\u00e9 es una estaci\u00f3n de acoplamiento Castles S1F2?<\/strong><br \/>\nUna estaci\u00f3n base S1F2 es un pr\u00e1ctico m\u00f3dulo de carga que puede utilizarse en lugar de una fuente de alimentaci\u00f3n normal para el terminal. La gran ventaja de una estaci\u00f3n base es que el terminal puede cargarse f\u00e1cilmente entre transacciones. Despu\u00e9s de cada pago, vuelva a colocar el terminal en la estaci\u00f3n de carga para tener siempre la seguridad de que la bater\u00eda est\u00e1 llena.<\/p>\n<p><strong>\u00bfPara qu\u00e9 tipo de m\u00e1quina es adecuada esta estaci\u00f3n de acoplamiento?<\/strong><br \/>\nEsta estaci\u00f3n base est\u00e1 dise\u00f1ada exclusivamente para el Castles S1F2 y, por tanto, s\u00f3lo puede utilizarse en combinaci\u00f3n con este modelo.<\/p>\n<p><strong>\u00bfCu\u00e1les son las ventajas de una estaci\u00f3n de acoplamiento Castles?<br \/>\n<\/strong><\/p>\n<ul>\n<li>Proporciona una ubicaci\u00f3n segura y estable para cargar su terminal de pago.<\/li>\n<li>No es necesario conectar constantemente el terminal a un cargador de bater\u00edas<\/li>\n<li>Proporciona m\u00e1s visi\u00f3n de conjunto y un lugar de trabajo ordenado.<\/li>\n<\/ul>\n<p>&nbsp;<\/p>","protected":false},"excerpt":{"rendered":"<p>La Castles S1F2 Docking Station es un pr\u00e1ctico m\u00f3dulo de carga para su terminal m\u00f3vil. Al utilizar una estaci\u00f3n base, el terminal est\u00e1 siempre cargado y se evita tener la bater\u00eda vac\u00eda. Los puntos de carga de la parte superior de la Docking Station encajan exactamente en la parte inferior del terminal de pago, permitiendo que \u00e9ste se cargue.<\/p>\n<ul>\n<li>Puede utilizarse en combinaci\u00f3n con el Castles S1F2<\/li>\n<li>Un punto de carga fijo para su terminal<\/li>\n<li>Evita que se rompan los cables<\/li>\n<li>F\u00e1cil instalaci\u00f3n sin herramientas<\/li>\n<\/ul>\n<h1 style=\"color: #e42011; font-size: 12px;\">*Solicitar por encargo. (Plazo de entrega 30 d\u00edas)<\/h1>","protected":false},"featured_media":29327,"comment_status":"open","ping_status":"closed","template":"","meta":[],"product_cat":[1550,3149],"product_tag":[3288,2707,1857,3335,3150,690,694,751,3151,3336],"acf":[],"_links":{"self":[{"href":"https:\/\/paymentdiscounter.com\/es\/wp-json\/wp\/v2\/product\/29323"}],"collection":[{"href":"https:\/\/paymentdiscounter.com\/es\/wp-json\/wp\/v2\/product"}],"about":[{"href":"https:\/\/paymentdiscounter.com\/es\/wp-json\/wp\/v2\/types\/product"}],"replies":[{"embeddable":true,"href":"https:\/\/paymentdiscounter.com\/es\/wp-json\/wp\/v2\/comments?post=29323"}],"version-history":[{"count":9,"href":"https:\/\/paymentdiscounter.com\/es\/wp-json\/wp\/v2\/product\/29323\/revisions"}],"predecessor-version":[{"id":38096,"href":"https:\/\/paymentdiscounter.com\/es\/wp-json\/wp\/v2\/product\/29323\/revisions\/38096"}],"wp:featuredmedia":[{"embeddable":true,"href":"https:\/\/paymentdiscounter.com\/es\/wp-json\/wp\/v2\/media\/29327"}],"wp:attachment":[{"href":"https:\/\/paymentdiscounter.com\/es\/wp-json\/wp\/v2\/media?parent=29323"}],"wp:term":[{"taxonomy":"product_cat","embeddable":true,"href":"https:\/\/paymentdiscounter.com\/es\/wp-json\/wp\/v2\/product_cat?post=29323"},{"taxonomy":"product_tag","embeddable":true,"href":"https:\/\/paymentdiscounter.com\/es\/wp-json\/wp\/v2\/product_tag?post=29323"}],"curies":[{"name":"wp","href":"https:\/\/api.w.org\/{rel}","templated":true}]}}