{"id":23424,"date":"2023-11-30T23:16:43","date_gmt":"2023-11-30T23:16:43","guid":{"rendered":"https:\/\/paymentdiscounter.com\/?post_type=product&#038;p=23424"},"modified":"2023-11-30T23:35:28","modified_gmt":"2023-11-30T23:35:28","slug":"newland-n7-cachalot-pro-ii","status":"publish","type":"product","link":"https:\/\/paymentdiscounter.com\/es\/producto\/newland-n7-cachalot-pro-ii\/","title":{"rendered":"Newland N7 Cachalot Pro II"},"content":{"rendered":"<div class=\"col-12 col-3@desktop\">\n<ul>\n<li><strong>Excelencia log\u00edstica:<\/strong>\n<ul>\n<li>Prospera en industrias de log\u00edstica y almacenamiento con carcasas resistentes.<\/li>\n<li>Alto grado de protecci\u00f3n IP65 y prueba de ca\u00eddas de hasta 1,8 m para una mayor duraci\u00f3n en entornos dif\u00edciles.<\/li>\n<\/ul>\n<\/li>\n<li><strong>Opciones de teclado vers\u00e1tiles:<\/strong>\n<ul>\n<li>Elija entre tres distribuciones de teclado (29, 38 y 47 teclas) para aplicaciones a medida.<\/li>\n<li>Configuraciones retroiluminadas para una gran visibilidad en entornos de trabajo oscuros.<\/li>\n<\/ul>\n<\/li>\n<li><strong>Tecnolog\u00eda Duo Near &amp; Far:<\/strong>\n<ul>\n<li>Permite una exploraci\u00f3n eficaz tanto a corta como a larga distancia.<\/li>\n<li>Sustituye la necesidad de dos dispositivos independientes, lo que aumenta la velocidad de la gesti\u00f3n de inventarios y el seguimiento de paquetes.<\/li>\n<\/ul>\n<\/li>\n<\/ul>\n<p><strong>Industrias sugeridas:<\/strong><\/p>\n<ul>\n<li>Almacenamiento<\/li>\n<li>Log\u00edstica<\/li>\n<li>Fabricaci\u00f3n<\/li>\n<li>Industrial<\/li>\n<li>Transporte<\/li>\n<\/ul>\n<p><strong>Funciones avanzadas:<\/strong><\/p>\n<ul>\n<li><strong>Clase Business Durabilidad:<\/strong>\n<ul>\n<li>Fabricado para soportar entornos polvorientos y golpes.<\/li>\n<li>Clasificaci\u00f3n IP65 y prueba de ca\u00eddas de hasta 1,8 m para mayor durabilidad.<\/li>\n<\/ul>\n<\/li>\n<li><strong>Lectura megap\u00edxel de c\u00f3digos de barras:<\/strong>\n<ul>\n<li>Tecnolog\u00eda Duo Near &amp; Far para alternar sin problemas entre distancias cortas y largas.<\/li>\n<li>Escaneado m\u00e1s r\u00e1pido y mayor productividad.<\/li>\n<\/ul>\n<\/li>\n<li><strong>Pantalla t\u00e1ctil resistente:<\/strong>\n<ul>\n<li>Pantalla HD de 4\u201d de alta transparencia y baja reflectividad.<\/li>\n<li>Gorilla Glass 3 para mayor dureza y resistencia a los da\u00f1os.<\/li>\n<\/ul>\n<\/li>\n<li><strong>Uso durante todo el d\u00eda con bater\u00eda intercambiable en caliente:<\/strong>\n<ul>\n<li>Bater\u00eda intercambiable en caliente de 5100 mAh para un uso fiable durante todo el d\u00eda.<\/li>\n<li>Una sola base se conecta con hasta 3 bases adicionales para una carga eficiente.<\/li>\n<\/ul>\n<\/li>\n<li><strong>Android Enterprise Recomendado:<\/strong>\n<ul>\n<li>Sello de aprobaci\u00f3n AER de Google para mejoras de rendimiento y seguridad.<\/li>\n<li>Ndevor MDM gratuito de Newland para una visibilidad y un control seguros.<\/li>\n<\/ul>\n<\/li>\n<\/ul>\n<p>&nbsp;<\/p>\n<\/div>","protected":false},"excerpt":{"rendered":"<p>Presentamos el N7 Cachalot Pro II. La c\u00faspide de la durabilidad y funcionalidad de la serie Newland Pro. Dise\u00f1ado para aplicaciones de log\u00edstica y almacenes de gran actividad, este terminal port\u00e1til destaca por su velocidad de procesamiento, conexiones inal\u00e1mbricas de itinerancia r\u00e1pida, mayor resistencia a ca\u00eddas e IP y tres distribuciones de teclado vers\u00e1tiles.<\/p>","protected":false},"featured_media":23425,"comment_status":"open","ping_status":"closed","template":"","meta":[],"product_cat":[3221],"product_tag":[1875,715,3223,1693,3222,1436],"acf":[],"_links":{"self":[{"href":"https:\/\/paymentdiscounter.com\/es\/wp-json\/wp\/v2\/product\/23424"}],"collection":[{"href":"https:\/\/paymentdiscounter.com\/es\/wp-json\/wp\/v2\/product"}],"about":[{"href":"https:\/\/paymentdiscounter.com\/es\/wp-json\/wp\/v2\/types\/product"}],"replies":[{"embeddable":true,"href":"https:\/\/paymentdiscounter.com\/es\/wp-json\/wp\/v2\/comments?post=23424"}],"version-history":[{"count":1,"href":"https:\/\/paymentdiscounter.com\/es\/wp-json\/wp\/v2\/product\/23424\/revisions"}],"predecessor-version":[{"id":23430,"href":"https:\/\/paymentdiscounter.com\/es\/wp-json\/wp\/v2\/product\/23424\/revisions\/23430"}],"wp:featuredmedia":[{"embeddable":true,"href":"https:\/\/paymentdiscounter.com\/es\/wp-json\/wp\/v2\/media\/23425"}],"wp:attachment":[{"href":"https:\/\/paymentdiscounter.com\/es\/wp-json\/wp\/v2\/media?parent=23424"}],"wp:term":[{"taxonomy":"product_cat","embeddable":true,"href":"https:\/\/paymentdiscounter.com\/es\/wp-json\/wp\/v2\/product_cat?post=23424"},{"taxonomy":"product_tag","embeddable":true,"href":"https:\/\/paymentdiscounter.com\/es\/wp-json\/wp\/v2\/product_tag?post=23424"}],"curies":[{"name":"wp","href":"https:\/\/api.w.org\/{rel}","templated":true}]}}