{"id":23417,"date":"2023-11-30T22:42:58","date_gmt":"2023-11-30T22:42:58","guid":{"rendered":"https:\/\/paymentdiscounter.com\/?post_type=product&#038;p=23417"},"modified":"2023-11-30T23:14:50","modified_gmt":"2023-11-30T23:14:50","slug":"newland-nft10-pilot-pro","status":"publish","type":"product","link":"https:\/\/paymentdiscounter.com\/es\/producto\/newland-nft10-pilot-pro\/","title":{"rendered":"Newland NFT10 Pilot Pro"},"content":{"rendered":"<p><strong><em>Empresa inteligente, dispositivo inteligente<\/em><\/strong><br \/>\nEl NFT10 Pilot Pro presenta un esc\u00e1ner de c\u00f3digos de barras megap\u00edxel ultradelgado que ofrece opciones de escaneado a izquierda y derecha para capturar datos sin esfuerzo. Su dise\u00f1o refleja los tel\u00e9fonos de consumo de gama alta, lo que lo convierte en una herramienta vers\u00e1til para las empresas. Respaldado por las opciones de garant\u00eda est\u00e1ndar y ampliada de Newland junto con las soluciones MDM de Ndevor, garantiza estilo, funcionalidad y un s\u00f3lido soporte para empresas de todos los tama\u00f1os.<\/p>\n<p><strong><em>Industrias adaptadas al \u00e9xito<\/em><\/strong><br \/>\nEste ordenador m\u00f3vil inteligente est\u00e1 hecho a medida para diversos sectores, entre ellos:<\/p>\n<ul>\n<li>Venta al por menor<\/li>\n<li>Log\u00edstica<\/li>\n<li>Hospitalidad<\/li>\n<li>Eventos<\/li>\n<li>Sanidad<\/li>\n<\/ul>\n<p><strong><em>Captar posibilidades<\/em><\/strong><br \/>\nEquipado con una amplia gama de opciones de captura de datos, el NFT10 Pilot Pro destaca por su versatilidad:<\/p>\n<ul>\n<li>Lectura de c\u00f3digos de barras 1D\/2D de megap\u00edxeles<\/li>\n<li>Lectura NFC RFID<\/li>\n<li>Reconocimiento de huellas dactilares<\/li>\n<li>GPS\/Beidou\/GLONASS<\/li>\n<\/ul>\n<p><strong><em>Mantenerse conectado con estilo<\/em><\/strong><br \/>\nGarantizar la conectividad nunca es un obst\u00e1culo. Caracter\u00edsticas de NFT10 Pilot Pro:<\/p>\n<ul>\n<li>WiFi 802.11 a\/b\/g\/n\/ac de doble banda<\/li>\n<li>Compatible con 4G\/3G\/2G<\/li>\n<li>Opci\u00f3n de doble SIM para opciones flexibles de proveedor<\/li>\n<\/ul>\n<p><strong><em>Potencia y rendimiento<\/em><\/strong><br \/>\nExperimenta la potencia del sistema operativo Android 11 junto con un procesador octa-core de 2,0 GHz que proporciona una experiencia inform\u00e1tica m\u00f3vil intuitiva, r\u00e1pida y adaptada a tus necesidades.<\/p>\n<p><strong><em>Resistencia redefinida<\/em><\/strong><br \/>\nUna bater\u00eda de 4800 mAh unida a un dise\u00f1o de bajo consumo ampl\u00eda significativamente el tiempo de uso. La eficiencia del dispositivo evita tener que cambiar la bater\u00eda a mitad de turno y su puerto Type-C admite carga r\u00e1pida.<\/p>\n<p><strong><em>Excelencia empresarial Android<\/em><\/strong><br \/>\nComo primera unidad Newland avalada por Android Enterprise, el NFT10 Pilot Pro garantiza el cumplimiento de los servicios GMS ofreciendo una experiencia de usuario elevada.<\/p>\n<p><strong><em>Fiabilidad robusta<\/em><\/strong><br \/>\nFabricada para soportar las condiciones m\u00e1s duras, la robusta carcasa de la NFT10 Pilot Pro cumple la norma IP67, que la protege contra el polvo y el agua. Est\u00e1 dise\u00f1ada para soportar ca\u00eddas de hasta 1,5 m sobre hormig\u00f3n.<\/p>\n<p><strong><em>Brillo biom\u00e9trico<\/em><\/strong><br \/>\nCon medidas de seguridad avanzadas, el terminal pda incorpora biometr\u00eda de huella dactilar para un inicio de sesi\u00f3n r\u00e1pido y seguro. Situado c\u00f3modamente en la parte posterior, el desbloqueo se realiza f\u00e1cilmente con una sola mano, sin necesidad de tocar la pantalla frontal.<\/p>\n<p>NFT10 Pilot Pro Terminal port\u00e1til con pantalla t\u00e1ctil de 5,7\u2033 (negro) con lector de im\u00e1genes CMOS 2D con l\u00e1ser, BT, WiFi (doble banda), 4G, GPS y c\u00e1mara. Incluye mu\u00f1equera, cable USB y adaptador multienchufe. SO: Android 11 GMS.<\/p>","protected":false},"excerpt":{"rendered":"<p>Emb\u00e1rquese en una nueva era de la inform\u00e1tica m\u00f3vil con el Newland NFT10 Pilot Pro. Un dispositivo con Android estrat\u00e9gicamente dise\u00f1ado para combinar a la perfecci\u00f3n la robusta funcionalidad de una PDA con la elegancia de un smartphone contempor\u00e1neo. Con una generosa pantalla t\u00e1ctil de 5,7\u201d, este terminal port\u00e1til destaca como una de las pantallas m\u00e1s grandes y duraderas disponibles. Para necesidades especializadas tambi\u00e9n se ofrece una versi\u00f3n sanitaria en blanco.<\/p>","protected":false},"featured_media":23418,"comment_status":"open","ping_status":"closed","template":"","meta":[],"product_cat":[3216],"product_tag":[1875,715,1693,3219,3217,3218,1436,1832],"acf":[],"_links":{"self":[{"href":"https:\/\/paymentdiscounter.com\/es\/wp-json\/wp\/v2\/product\/23417"}],"collection":[{"href":"https:\/\/paymentdiscounter.com\/es\/wp-json\/wp\/v2\/product"}],"about":[{"href":"https:\/\/paymentdiscounter.com\/es\/wp-json\/wp\/v2\/types\/product"}],"replies":[{"embeddable":true,"href":"https:\/\/paymentdiscounter.com\/es\/wp-json\/wp\/v2\/comments?post=23417"}],"version-history":[{"count":2,"href":"https:\/\/paymentdiscounter.com\/es\/wp-json\/wp\/v2\/product\/23417\/revisions"}],"predecessor-version":[{"id":23423,"href":"https:\/\/paymentdiscounter.com\/es\/wp-json\/wp\/v2\/product\/23417\/revisions\/23423"}],"wp:featuredmedia":[{"embeddable":true,"href":"https:\/\/paymentdiscounter.com\/es\/wp-json\/wp\/v2\/media\/23418"}],"wp:attachment":[{"href":"https:\/\/paymentdiscounter.com\/es\/wp-json\/wp\/v2\/media?parent=23417"}],"wp:term":[{"taxonomy":"product_cat","embeddable":true,"href":"https:\/\/paymentdiscounter.com\/es\/wp-json\/wp\/v2\/product_cat?post=23417"},{"taxonomy":"product_tag","embeddable":true,"href":"https:\/\/paymentdiscounter.com\/es\/wp-json\/wp\/v2\/product_tag?post=23417"}],"curies":[{"name":"wp","href":"https:\/\/api.w.org\/{rel}","templated":true}]}}