{"id":23402,"date":"2023-11-30T20:14:43","date_gmt":"2023-11-30T20:14:43","guid":{"rendered":"https:\/\/paymentdiscounter.com\/?post_type=product&#038;p=23402"},"modified":"2023-11-30T20:23:14","modified_gmt":"2023-11-30T20:23:14","slug":"lengueta-de-proteccion-newland-para-funda-para-n7000r-ii","status":"publish","type":"product","link":"https:\/\/paymentdiscounter.com\/es\/producto\/lengueta-de-proteccion-newland-para-funda-para-n7000r-ii\/","title":{"rendered":"Newland Leng\u00fceta de protecci\u00f3n de la funda"},"content":{"rendered":"<p>Fabricada con materiales duraderos, la leng\u00fceta de protecci\u00f3n garantiza un ajuste perfecto para evitar resbalones o ca\u00eddas accidentales. Su dise\u00f1o permite un f\u00e1cil acceso al MT6555 a la vez que mantiene una sujeci\u00f3n segura dentro de la funda. Este accesorio es una soluci\u00f3n ideal para los profesionales que conf\u00edan en su terminal de mano en diversos entornos de trabajo, ya que protege el dispositivo del desgaste diario.<\/p>","protected":false},"excerpt":{"rendered":"<p>La leng\u00fceta de protecci\u00f3n Newland para fundas es un accesorio esencial dise\u00f1ado espec\u00edficamente para ser compatible con la funda Newland N7000R-II y el terminal port\u00e1til Newland MT6555. Fabricada con precisi\u00f3n y funcionalidad en mente, esta leng\u00fceta de protecci\u00f3n a\u00f1ade una capa adicional de seguridad para proteger su terminal port\u00e1til de posibles da\u00f1os.<\/p>","protected":false},"featured_media":23404,"comment_status":"open","ping_status":"closed","template":"","meta":[],"product_cat":[3202],"product_tag":[1419,702,3206,3209,1693,3205],"acf":[],"_links":{"self":[{"href":"https:\/\/paymentdiscounter.com\/es\/wp-json\/wp\/v2\/product\/23402"}],"collection":[{"href":"https:\/\/paymentdiscounter.com\/es\/wp-json\/wp\/v2\/product"}],"about":[{"href":"https:\/\/paymentdiscounter.com\/es\/wp-json\/wp\/v2\/types\/product"}],"replies":[{"embeddable":true,"href":"https:\/\/paymentdiscounter.com\/es\/wp-json\/wp\/v2\/comments?post=23402"}],"version-history":[{"count":1,"href":"https:\/\/paymentdiscounter.com\/es\/wp-json\/wp\/v2\/product\/23402\/revisions"}],"predecessor-version":[{"id":23405,"href":"https:\/\/paymentdiscounter.com\/es\/wp-json\/wp\/v2\/product\/23402\/revisions\/23405"}],"wp:featuredmedia":[{"embeddable":true,"href":"https:\/\/paymentdiscounter.com\/es\/wp-json\/wp\/v2\/media\/23404"}],"wp:attachment":[{"href":"https:\/\/paymentdiscounter.com\/es\/wp-json\/wp\/v2\/media?parent=23402"}],"wp:term":[{"taxonomy":"product_cat","embeddable":true,"href":"https:\/\/paymentdiscounter.com\/es\/wp-json\/wp\/v2\/product_cat?post=23402"},{"taxonomy":"product_tag","embeddable":true,"href":"https:\/\/paymentdiscounter.com\/es\/wp-json\/wp\/v2\/product_tag?post=23402"}],"curies":[{"name":"wp","href":"https:\/\/api.w.org\/{rel}","templated":true}]}}