{"id":23001,"date":"2023-11-29T16:56:03","date_gmt":"2023-11-29T16:56:03","guid":{"rendered":"https:\/\/paymentdiscounter.com\/?post_type=product&#038;p=23001"},"modified":"2025-07-05T16:42:05","modified_gmt":"2025-07-05T16:42:05","slug":"cargador-inalambrico-pax-a77","status":"publish","type":"product","link":"https:\/\/paymentdiscounter.com\/es\/producto\/cargador-inalambrico-pax-a77\/","title":{"rendered":"Cargador inal\u00e1mbrico Pax A77 + funda"},"content":{"rendered":"<p><strong>\u00bfQu\u00e9 es un cargador Qi Pax A77?<\/strong><br \/>\nLa carga inal\u00e1mbrica (tambi\u00e9n llamada carga Qi) funciona mediante bobinas electromagn\u00e9ticas. Hay una en el cargador inal\u00e1mbrico y otra en el terminal de pago. En cuanto se colocan esas bobinas una encima de la otra, la energ\u00eda pasa de una bobina a la otra. Una tecnolog\u00eda probada que ahora se utiliza a menudo para cargar el tel\u00e9fono m\u00f3vil.<\/p>\n<p><strong>Las caracter\u00edsticas:<\/strong><br \/>\n- La cubierta protectora es transparente y no interfiere al realizar un pago sin contacto (NFC)<br \/>\n- Adem\u00e1s de una base inal\u00e1mbrica A77 Docking Station, tambi\u00e9n puede utilizarse como soporte para su terminal de pago<br \/>\n- No es necesario retirar la funda o cubierta protectora antes de proceder a la carga.<br \/>\n- El chip, la c\u00e1mara y el esc\u00e1ner permanecen abiertos<\/p>\n<p><strong>\u00bfPara qu\u00e9 marca y modelo es adecuado este cargador?<\/strong><br \/>\nEste cargador de terminal de pago inal\u00e1mbrico est\u00e1 dise\u00f1ado exclusivamente para el Pax A77. Por lo tanto, s\u00f3lo puede utilizarse en combinaci\u00f3n con un A77. Existen cargadores tradicionales para otros modelos de la serie Pax, como el A920 y el A920 Pro.<\/p>\n<p><strong>\u00bfCu\u00e1les son las ventajas de una estaci\u00f3n de acoplamiento Pax?<\/strong><br \/>\n- Garantiza una colocaci\u00f3n segura y estable del terminal durante la carga.<br \/>\n- Protege el Pax A77 contra ara\u00f1azos y da\u00f1os.<br \/>\n- Proporciona m\u00e1s visi\u00f3n de conjunto y un lugar de trabajo ordenado.<\/p>\n<p><strong>\u00bfCu\u00e1nto dura este cargador?<\/strong><br \/>\nEste cargador\/estaci\u00f3n de acoplamiento CCV est\u00e1 fabricado con materiales de alta calidad y est\u00e1 dise\u00f1ado para durar varios a\u00f1os sin problemas. La vida \u00fatil final de este soporte para terminales inal\u00e1mbricos depende en parte de la frecuencia con la que se utilice. Por ejemplo, (al igual que con cualquier otro producto t\u00e9cnico) puede producirse un cortocircuito o da\u00f1os internos debido a ca\u00eddas o accidentes con l\u00edquidos. Por lo tanto, es aconsejable guardar la base de conexi\u00f3n en un lugar fijo y seco.<\/p>","protected":false},"excerpt":{"rendered":"<p>Te presentamos el cargador inal\u00e1mbrico Qi para el Pax A77. Este cargador est\u00e1 hecho a medida para el Pax A77 y combina una estaci\u00f3n base, una cubierta protectora y un soporte en 1 dispositivo. Al utilizar una estaci\u00f3n base, su terminal de pago est\u00e1 siempre en una ubicaci\u00f3n fija y se carga constantemente. Esto significa que los l\u00edos con cables y alambres son cosa del pasado.<\/p>\n<p>La gran ventaja de este modelo es que el terminal se puede cargar de forma inal\u00e1mbrica mediante la tecnolog\u00eda Qi. Con esta t\u00e9cnica, el dispositivo se carga sin necesidad de utilizar cables de alimentaci\u00f3n en el terminal m\u00f3vil. Esto no solo evita da\u00f1os por rotura de cables, sino que tambi\u00e9n es r\u00e1pido y c\u00f3modo.<\/p>","protected":false},"featured_media":31596,"comment_status":"open","ping_status":"closed","template":"","meta":[],"product_cat":[730,1482],"product_tag":[3334,1537,2707,3840,901,694,728,1438,1538,3199,2611,1536,891,735,3844,996,3198],"acf":[],"_links":{"self":[{"href":"https:\/\/paymentdiscounter.com\/es\/wp-json\/wp\/v2\/product\/23001"}],"collection":[{"href":"https:\/\/paymentdiscounter.com\/es\/wp-json\/wp\/v2\/product"}],"about":[{"href":"https:\/\/paymentdiscounter.com\/es\/wp-json\/wp\/v2\/types\/product"}],"replies":[{"embeddable":true,"href":"https:\/\/paymentdiscounter.com\/es\/wp-json\/wp\/v2\/comments?post=23001"}],"version-history":[{"count":2,"href":"https:\/\/paymentdiscounter.com\/es\/wp-json\/wp\/v2\/product\/23001\/revisions"}],"predecessor-version":[{"id":31595,"href":"https:\/\/paymentdiscounter.com\/es\/wp-json\/wp\/v2\/product\/23001\/revisions\/31595"}],"wp:featuredmedia":[{"embeddable":true,"href":"https:\/\/paymentdiscounter.com\/es\/wp-json\/wp\/v2\/media\/31596"}],"wp:attachment":[{"href":"https:\/\/paymentdiscounter.com\/es\/wp-json\/wp\/v2\/media?parent=23001"}],"wp:term":[{"taxonomy":"product_cat","embeddable":true,"href":"https:\/\/paymentdiscounter.com\/es\/wp-json\/wp\/v2\/product_cat?post=23001"},{"taxonomy":"product_tag","embeddable":true,"href":"https:\/\/paymentdiscounter.com\/es\/wp-json\/wp\/v2\/product_tag?post=23001"}],"curies":[{"name":"wp","href":"https:\/\/api.w.org\/{rel}","templated":true}]}}