{"id":22993,"date":"2023-11-28T18:32:43","date_gmt":"2023-11-28T18:32:43","guid":{"rendered":"https:\/\/paymentdiscounter.com\/?post_type=product&#038;p=22993"},"modified":"2023-12-02T12:54:50","modified_gmt":"2023-12-02T12:54:50","slug":"sunmi-t3-pro","status":"publish","type":"product","link":"https:\/\/paymentdiscounter.com\/es\/producto\/sunmi-t3-pro\/","title":{"rendered":"Sunmi T3 Pro"},"content":{"rendered":"<h6><strong>Escenarios de aplicaci\u00f3n:<\/strong><\/h6>\n<ol>\n<li><strong>Restaurante:<\/strong>\n<ul>\n<li>Gesti\u00f3n eficaz de pedidos y aceptaci\u00f3n de pagos para mejorar la experiencia gastron\u00f3mica.<\/li>\n<\/ul>\n<\/li>\n<li><strong>Tienda Boutique:<\/strong>\n<ul>\n<li>Gesti\u00f3n de socios y pago sin problemas con soporte para varios m\u00e9todos de pago, incluido SoftPos.<\/li>\n<\/ul>\n<\/li>\n<li><strong>Caf\u00e9:<\/strong>\n<ul>\n<li>Optimice la transparencia de cara al cliente con una pantalla que muestre informaci\u00f3n promocional, paquetes, ofertas y programas de afiliaci\u00f3n.<\/li>\n<\/ul>\n<\/li>\n<\/ol>\n<h6><strong>Rendimiento insignia:<\/strong><\/h6>\n<ul>\n<li>Rendimiento ultrarr\u00e1pido con una CPU Octa-Core a 2,7 GHz.<\/li>\n<li>6 GB de RAM + 128 GB de ROM para una capacidad multitarea superior.<\/li>\n<li>Hasta 25% m\u00e1s de frecuencia de CPU, hasta 50% m\u00e1s de memoria y hasta 150% m\u00e1s de rendimiento*.<\/li>\n<\/ul>\n<h6><strong>Excelencia en ingenier\u00eda:<\/strong><\/h6>\n<ul>\n<li>Pantalla de alta resoluci\u00f3n 1920*1080 sin biseles con 400 nits de brillo.<\/li>\n<li>Dise\u00f1o de inspiraci\u00f3n aerodin\u00e1mica para mayor fluidez y dinamismo.<\/li>\n<li>Aspecto suspendido con cableado oculto para una encimera ordenada.<\/li>\n<li>Construcci\u00f3n de aleaci\u00f3n de aluminio duradera y elegante.<\/li>\n<\/ul>\n<h6><strong>Dise\u00f1o interactivo:<\/strong><\/h6>\n<ul>\n<li>Desbloqueo por huella dactilar para un acceso r\u00e1pido y seguro.<\/li>\n<li>Pantalla principal abatible con un \u00e1ngulo ajustable de 125\u00b0 y m\u00e1s de 100.000 ciclos de abatimiento*.<\/li>\n<li>Compatible con NFC y SoftPOS para realizar transacciones c\u00f3modamente.<\/li>\n<\/ul>\n<h6><strong>Posibilidades infinitas:<\/strong><\/h6>\n<ul>\n<li>Dise\u00f1o modular con opciones de configuraci\u00f3n de 15,6\u2033+10,1\u2033, 15,6\u2033+15,6\u2033 y 15,6\u2033.<\/li>\n<li>La T3 PRO MAX incorpora una impresora Seiko interna de alta velocidad para imprimir r\u00e1pidamente en horas punta.<\/li>\n<li>Personalizable con logotipos y colores de la marca para darle un toque personalizado.<\/li>\n<\/ul>\n<p><strong>SUNMI OS 4.0:<\/strong><\/p>\n<ul>\n<li>Potentes funciones para una experiencia T3 PRO SERIES mejorada.<\/li>\n<li>Configuraci\u00f3n de cuentas basada en ID f\u00e1cil de usar para la implantaci\u00f3n en l\u00ednea.<\/li>\n<li>Mayor privacidad de los usuarios y seguridad de los datos.<\/li>\n<\/ul>\n<p>&nbsp;<\/p>\n<h5><strong>Especificaciones t\u00e9cnicas:<\/strong><\/h5>\n<ul>\n<li><strong>Modelo:<\/strong> L15B1<\/li>\n<li><strong>OS:<\/strong> SUNMI OS (basado en Android 13)<\/li>\n<li><strong>CPU:<\/strong> Kyro-670 Qualcomm octa-core hasta 2,7GHz<\/li>\n<li><strong>Memoria:<\/strong> 6GB RAM + 128GB ROM<\/li>\n<li><strong>Pantalla:<\/strong> 15,6\u2033 FHD 1920*1080, 400nits, antihuellas (AF)<\/li>\n<li><strong>C\u00e1mara:<\/strong> C\u00e1mara frontal, lente \u00fanica, 8 MP<\/li>\n<li><strong>Lector de tarjetas:<\/strong> NFC en pantalla<\/li>\n<li><strong>Red:<\/strong> LAN 1000M, Wi-Fi 2,4GHz &amp; 5GHz &amp; 6GHz, Bluetooth 5.2 y BLE soportados<\/li>\n<li><strong>Puertos:<\/strong> M\u00faltiples puertos USB, RJ45, RJ11, RJ12, CC<\/li>\n<li><strong>Accesorios:<\/strong> Monitor independiente de 15,6\u2033 (FHD 1920<em>1080), monitor independiente de 10,1\u2033 (HD 1280<\/em>800)<\/li>\n<li><strong>Peso:<\/strong> T3 PRO: 3,3 kg, monitor independiente de 15,6\u2033: 1,7 kg, monitor independiente de 10,1\u2033: 0,9 kg.<\/li>\n<li><strong>Medio ambiente:<\/strong> Temp. de funcionamiento: 0\u00b0C~40\u00b0C, Temp. de almacenamiento: -20\u00b0C\uff5e60\u00b0C<\/li>\n<li><strong>Dimensiones:<\/strong> 298 mm<em>371,5 mm<\/em>170 mm<\/li>\n<\/ul>\n<p>&nbsp;<\/p>","protected":false},"excerpt":{"rendered":"<p>Conoce el SUNMI T3 PRO SERIES. El siguiente nivel de terminal Android de escritorio inteligente. El SUNMI T3 PRO SERIES redefine el escritorio Android, ofreciendo un rendimiento insignia, excelencia en ingenier\u00eda y dise\u00f1o interactivo para una experiencia de usuario sin precedentes.<\/p>\n<p>Los terminales de la serie T3 est\u00e1n dise\u00f1ados para una gesti\u00f3n fluida de los pedidos, procesos de caja eficientes y una experiencia superior para el cliente.<\/p>","protected":false},"featured_media":23030,"comment_status":"open","ping_status":"closed","template":"","meta":[],"product_cat":[1555,3183],"product_tag":[1939,1874,3184,3185],"acf":[],"_links":{"self":[{"href":"https:\/\/paymentdiscounter.com\/es\/wp-json\/wp\/v2\/product\/22993"}],"collection":[{"href":"https:\/\/paymentdiscounter.com\/es\/wp-json\/wp\/v2\/product"}],"about":[{"href":"https:\/\/paymentdiscounter.com\/es\/wp-json\/wp\/v2\/types\/product"}],"replies":[{"embeddable":true,"href":"https:\/\/paymentdiscounter.com\/es\/wp-json\/wp\/v2\/comments?post=22993"}],"version-history":[{"count":10,"href":"https:\/\/paymentdiscounter.com\/es\/wp-json\/wp\/v2\/product\/22993\/revisions"}],"predecessor-version":[{"id":23461,"href":"https:\/\/paymentdiscounter.com\/es\/wp-json\/wp\/v2\/product\/22993\/revisions\/23461"}],"wp:featuredmedia":[{"embeddable":true,"href":"https:\/\/paymentdiscounter.com\/es\/wp-json\/wp\/v2\/media\/23030"}],"wp:attachment":[{"href":"https:\/\/paymentdiscounter.com\/es\/wp-json\/wp\/v2\/media?parent=22993"}],"wp:term":[{"taxonomy":"product_cat","embeddable":true,"href":"https:\/\/paymentdiscounter.com\/es\/wp-json\/wp\/v2\/product_cat?post=22993"},{"taxonomy":"product_tag","embeddable":true,"href":"https:\/\/paymentdiscounter.com\/es\/wp-json\/wp\/v2\/product_tag?post=22993"}],"curies":[{"name":"wp","href":"https:\/\/api.w.org\/{rel}","templated":true}]}}