{"id":22983,"date":"2023-11-28T17:03:23","date_gmt":"2023-11-28T17:03:23","guid":{"rendered":"https:\/\/paymentdiscounter.com\/?post_type=product&#038;p=22983"},"modified":"2023-12-02T11:36:41","modified_gmt":"2023-12-02T11:36:41","slug":"sunmi-d2s","status":"publish","type":"product","link":"https:\/\/paymentdiscounter.com\/es\/producto\/sunmi-d2s\/","title":{"rendered":"Sunmi D2s"},"content":{"rendered":"<p><em>Caracter\u00edsticas principales:<\/em><\/p>\n<ul>\n<li><strong>Huella peque\u00f1a:<\/strong> Un dispositivo compacto, con la mitad de tama\u00f1o que el papel A4, que maximiza el espacio en caja.<\/li>\n<li><strong>Impresi\u00f3n de alta velocidad:<\/strong> Equipada con una impresora Seiko de 58 mm para una impresi\u00f3n r\u00e1pida y fluida a 160 mm\/s.<\/li>\n<li><strong>Doble pantalla:<\/strong> Uso simult\u00e1neo de la pantalla t\u00e1ctil principal de 15,6\u2033 y de una pantalla de cliente de 10,1\u2033 o 15,6\u2033 para una caja y promoci\u00f3n eficientes.<\/li>\n<li><strong>Opciones de c\u00e1mara:<\/strong> Tres configuraciones de c\u00e1mara, incluida una c\u00e1mara 3D de luz estructurada para un reconocimiento facial seguro.<\/li>\n<li><strong>Canalizaci\u00f3n de cables:<\/strong> Mantiene la mesa despejada para mejorar la est\u00e9tica general de la caja.<\/li>\n<li><strong>Puertos vers\u00e1tiles:<\/strong> M\u00faltiples puertos para una mayor extensibilidad y compatibilidad con diversos perif\u00e9ricos.<\/li>\n<li><strong>D2s COMBO:<\/strong> Una soluci\u00f3n todo en uno con pantalla, impresora, teclado y caj\u00f3n portamonedas.<\/li>\n<\/ul>\n<p><em><strong><br \/>\nUsuarios:<\/strong><br \/>\n<\/em>Ideal para empresas que buscan una soluci\u00f3n de punto de venta eficiente y que ahorre espacio:<\/p>\n<ul>\n<li><strong>Tiendas de conveniencia:<\/strong> Optimice los procesos de pago y mejore las ventas con transacciones r\u00e1pidas.<\/li>\n<li><strong>Restaurantes de servicio r\u00e1pido:<\/strong> Agilice los pagos m\u00f3viles, los pedidos r\u00e1pidos y los informes de ventas.<\/li>\n<li><strong>Tiendas\/Centros de t\u00e9:<\/strong> Digitalice la gesti\u00f3n y los procesos empresariales para lograr operaciones m\u00e1s inteligentes.<\/li>\n<\/ul>\n<p><strong><em>Soluciones recomendadas:<\/em><\/strong><\/p>\n<ul>\n<li><strong>D2s COMBO:<\/strong> Perfecta para el comercio minorista de mercanc\u00edas diversas, ofrece asignaci\u00f3n de ancho de banda, prevenci\u00f3n de p\u00e9rdidas y gesti\u00f3n integral.<\/li>\n<li><strong>D2s:<\/strong> Adaptada a las peque\u00f1as y medianas tiendas de conveniencia, se centra en los pagos por m\u00f3vil\/efectivo, el inventario y la gesti\u00f3n de socios.<\/li>\n<li><strong>D2s COMBO:<\/strong> Soluci\u00f3n ligera y compacta para restaurantes de comida r\u00e1pida que permite realizar pagos m\u00f3viles y procesar pedidos de forma eficaz.<\/li>\n<\/ul>\n<p><strong><em>Especificaciones t\u00e9cnicas:<\/em><\/strong><\/p>\n<ul>\n<li><strong>OS:<\/strong> SUNMI OS (<em>basado en Android 7.1 para Config 1\/2\/3, Android 11 para Config 4\/5\/6<\/em>)<\/li>\n<li><strong>Procesador:<\/strong> Cortex-A17 de cuatro n\u00facleos a 1,6 GHz (Config 1\/2\/3), Cortex-A55 de cuatro n\u00facleos a 2,0 GHz (Config 4\/5\/6)<\/li>\n<li><strong>Memoria:<\/strong> 2 GB RAM+8 GB ROM (Config 1\/2\/3), 2 GB RAM+16 GB ROM\/4 GB RAM+64 GB ROM (Config 4\/5\/6)<\/li>\n<li><strong>Pantallas:<\/strong> 15,6\u2033FHD, 1920*1080 Capacitiva multit\u00e1ctil (Principal), 10,1\u2033 o 15,6\u2033 Capacitiva multit\u00e1ctil (Cliente).<\/li>\n<li><strong>Impresora:<\/strong> Impresora t\u00e9rmica integrada de 58 mm (160 mm\/s)<\/li>\n<li><strong>Puertos:<\/strong> USB, serie RJ11, caj\u00f3n portamonedas RJ12, LAN RJ45, toma de audio, depuraci\u00f3n Micro USB<\/li>\n<li><strong>C\u00e1mara:<\/strong> C\u00e1mara de reconocimiento facial (opcional)<\/li>\n<li><strong>Conectividad:<\/strong> Wi-Fi, Bluetooth, LAN<\/li>\n<li><strong>Adaptador de corriente:<\/strong> Entrada CA 100~240V\/1,7A, salida CC 24V\/2,5A<\/li>\n<li><strong>Dimensiones:<\/strong> Var\u00eda en funci\u00f3n de la configuraci\u00f3n<\/li>\n<li><strong>Peso total:<\/strong> Var\u00eda (Config 1\/4: 3,2 kg, Config 2\/5: 3,9 kg, Config 3\/6: 4,8 kg)<\/li>\n<li><strong>Medio ambiente:<\/strong> Temperatura de trabajo: 0\u00b0C<del>40\u00b0C, Temperatura de almacenamiento: -20\u00b0C<\/del>60\u00b0C<\/li>\n<\/ul>","protected":false},"excerpt":{"rendered":"<p>Mejore su experiencia de pago con el compacto SUNMI D2s. El SUNMI D2s es un TPV de sobremesa que redefine las cajas. Con un tama\u00f1o equivalente al de una hoja de papel A5, optimiza cada cent\u00edmetro de espacio. Con una impresora Seiko de 58 mm integrada, dos pantallas y varias opciones de c\u00e1mara, este terminal ofrece m\u00e1s posibilidades para realizar transacciones y actividades promocionales sin problemas.<\/p>","protected":false},"featured_media":23081,"comment_status":"open","ping_status":"closed","template":"","meta":[],"product_cat":[1555,3164],"product_tag":[3157,1939,1874],"acf":[],"_links":{"self":[{"href":"https:\/\/paymentdiscounter.com\/es\/wp-json\/wp\/v2\/product\/22983"}],"collection":[{"href":"https:\/\/paymentdiscounter.com\/es\/wp-json\/wp\/v2\/product"}],"about":[{"href":"https:\/\/paymentdiscounter.com\/es\/wp-json\/wp\/v2\/types\/product"}],"replies":[{"embeddable":true,"href":"https:\/\/paymentdiscounter.com\/es\/wp-json\/wp\/v2\/comments?post=22983"}],"version-history":[{"count":4,"href":"https:\/\/paymentdiscounter.com\/es\/wp-json\/wp\/v2\/product\/22983\/revisions"}],"predecessor-version":[{"id":23435,"href":"https:\/\/paymentdiscounter.com\/es\/wp-json\/wp\/v2\/product\/22983\/revisions\/23435"}],"wp:featuredmedia":[{"embeddable":true,"href":"https:\/\/paymentdiscounter.com\/es\/wp-json\/wp\/v2\/media\/23081"}],"wp:attachment":[{"href":"https:\/\/paymentdiscounter.com\/es\/wp-json\/wp\/v2\/media?parent=22983"}],"wp:term":[{"taxonomy":"product_cat","embeddable":true,"href":"https:\/\/paymentdiscounter.com\/es\/wp-json\/wp\/v2\/product_cat?post=22983"},{"taxonomy":"product_tag","embeddable":true,"href":"https:\/\/paymentdiscounter.com\/es\/wp-json\/wp\/v2\/product_tag?post=22983"}],"curies":[{"name":"wp","href":"https:\/\/api.w.org\/{rel}","templated":true}]}}