{"id":22981,"date":"2023-11-28T17:00:07","date_gmt":"2023-11-28T17:00:07","guid":{"rendered":"https:\/\/paymentdiscounter.com\/?post_type=product&#038;p=22981"},"modified":"2023-12-02T11:44:22","modified_gmt":"2023-12-02T11:44:22","slug":"sunmi-d2s-combo","status":"publish","type":"product","link":"https:\/\/paymentdiscounter.com\/es\/producto\/sunmi-d2s-combo\/","title":{"rendered":"Sunmi D2s COMBO"},"content":{"rendered":"<p><strong><em>Caracter\u00edsticas principales:<\/em><\/strong><\/p>\n<ul>\n<li><strong>Soluci\u00f3n todo en uno:<\/strong> D2s COMBO integra una pantalla, una impresora, un teclado y un caj\u00f3n portamonedas, eliminando la necesidad de dispositivos separados.<\/li>\n<li><strong>Impresora Seiko:<\/strong> Equipada con una fiable impresora Seiko de 58 mm con una velocidad de impresi\u00f3n de 160 mm\/s y una vida \u00fatil de 50 km.<\/li>\n<li><strong>SUNMI Teclado comercial de 89 teclas:<\/strong> Un teclado peque\u00f1o pero r\u00e1pido dise\u00f1ado para uso comercial que mejora la eficacia de la introducci\u00f3n de datos.<\/li>\n<li><strong>Mini caja registradora:<\/strong> Un caj\u00f3n portamonedas fiable con un funcionamiento fluido que garantiza un almacenamiento seguro del efectivo y los recibos.<\/li>\n<li><strong>Configuraciones opcionales:<\/strong> Disponible en tres configuraciones: pantalla \u00fanica, pantalla doble (peque\u00f1a + grande) y pantalla doble (grande + grande), para satisfacer las distintas necesidades de las empresas.<\/li>\n<li><strong>Reconocimiento facial 3D (opcional):<\/strong> Mejore la seguridad con la c\u00e1mara de reconocimiento facial 3D opcional que agiliza la autenticaci\u00f3n de usuarios.<\/li>\n<li><strong>Cableado ordenado:<\/strong> El dise\u00f1o integrado con cableado ordenado minimiza el espacio ocupado y mejora el atractivo est\u00e9tico de su caja.<\/li>\n<li><strong>Puertos extensos:<\/strong> Los puertos altamente compatibles admiten diversos accesorios, como esc\u00e1neres de c\u00f3digos e impresoras de recibos, que ampl\u00edan la funcionalidad de D2s COMBO.<\/li>\n<\/ul>\n<p><strong><em>Usuarios:<br \/>\n<\/em><\/strong>Perfecto para empresas que buscan una soluci\u00f3n de punto de venta integrada y eficaz:<\/p>\n<ul>\n<li><strong>Tiendas al por menor:<\/strong> Agilice los procesos de pago con una soluci\u00f3n todo en uno.<\/li>\n<li><strong>Restaurantes:<\/strong> Mejore la eficacia del procesamiento de pedidos con perif\u00e9ricos integrados.<\/li>\n<li><strong>Espacios comerciales:<\/strong> Optimice el uso del espacio del mostrador y mejore la est\u00e9tica general.<\/li>\n<\/ul>\n<p><strong><em>Especificaciones t\u00e9cnicas:<\/em><\/strong><\/p>\n<ul>\n<li><strong>OS:<\/strong> SUNMI OS (<em>basado en Android 7.1 para Config 1\/2\/3, Android 11 para Config 4\/5\/6<\/em>)<\/li>\n<li><strong>Procesador:<\/strong> Cortex-A17 de cuatro n\u00facleos a 1,6 GHz (Config 1\/2\/3), Cortex-A55 de cuatro n\u00facleos a 2,0 GHz (Config 4\/5\/6)<\/li>\n<li><strong>Memoria:<\/strong> 2 GB RAM+8 GB ROM (Config 1\/2\/3), 2 GB RAM+16 GB ROM\/4 GB RAM+64 GB ROM<\/li>\n<li><strong>Pantallas:<\/strong> 15,6\u2033FHD, 1920*1080 Capacitiva multit\u00e1ctil (Principal), 10,1\u2033 o 15,6\u2033 Capacitiva multit\u00e1ctil.<\/li>\n<li><strong>Impresora:<\/strong> Impresora t\u00e9rmica integrada de 58 mm (160 mm\/s)<\/li>\n<li><strong>Puertos:<\/strong> USB, serie RJ11, caj\u00f3n portamonedas RJ12, LAN RJ45, toma de audio, depuraci\u00f3n Micro USB<\/li>\n<li><strong>C\u00e1mara:<\/strong> C\u00e1mara de reconocimiento facial (opcional)<\/li>\n<li><strong>Conectividad:<\/strong> Wi-Fi, Bluetooth, LAN<\/li>\n<li><strong>Adaptador de corriente:<\/strong> Entrada CA 100~240V\/1,7A, salida CC 24V\/2,5A<\/li>\n<li><strong>Dimensiones:<\/strong> Var\u00eda en funci\u00f3n de la configuraci\u00f3n<\/li>\n<li><strong>Peso total:<\/strong> Var\u00eda (Config 1\/4: 6,75 kg, Config 2\/5: 7,53 kg, Config 3\/6: 8,31 kg)<\/li>\n<li><strong>Medio ambiente:<\/strong> Temperatura de trabajo: 0\u00b0C<del>40\u00b0C, Temperatura de almacenamiento: -20\u00b0C<\/del>60\u00b0C<\/li>\n<li><strong>Accesorios:<\/strong> 1<em>Caj\u00f3n portamonedas, 1<\/em>Teclado, 1*Soporte para teclado<\/li>\n<\/ul>","protected":false},"excerpt":{"rendered":"<p>Presentamos el SUNMI D2s COMBO. Un revolucionario TPV de sobremesa dise\u00f1ado para ofrecer versatilidad y eficiencia en entornos comerciales. Esta soluci\u00f3n cuatro en uno integra a la perfecci\u00f3n una pantalla, una impresora, un teclado y un caj\u00f3n portamonedas en un elegante cuerpo negro y gris. Con el objetivo de simplificar las operaciones de su negocio, el D2s COMBO proporciona una soluci\u00f3n todo en uno para el comercio minorista, lo que lo convierte en la elecci\u00f3n perfecta para diversas aplicaciones comerciales.<\/p>","protected":false},"featured_media":23091,"comment_status":"open","ping_status":"closed","template":"","meta":[],"product_cat":[1555,3160],"product_tag":[3157,3162,1939,3158,1874,3161],"acf":[],"_links":{"self":[{"href":"https:\/\/paymentdiscounter.com\/es\/wp-json\/wp\/v2\/product\/22981"}],"collection":[{"href":"https:\/\/paymentdiscounter.com\/es\/wp-json\/wp\/v2\/product"}],"about":[{"href":"https:\/\/paymentdiscounter.com\/es\/wp-json\/wp\/v2\/types\/product"}],"replies":[{"embeddable":true,"href":"https:\/\/paymentdiscounter.com\/es\/wp-json\/wp\/v2\/comments?post=22981"}],"version-history":[{"count":4,"href":"https:\/\/paymentdiscounter.com\/es\/wp-json\/wp\/v2\/product\/22981\/revisions"}],"predecessor-version":[{"id":23438,"href":"https:\/\/paymentdiscounter.com\/es\/wp-json\/wp\/v2\/product\/22981\/revisions\/23438"}],"wp:featuredmedia":[{"embeddable":true,"href":"https:\/\/paymentdiscounter.com\/es\/wp-json\/wp\/v2\/media\/23091"}],"wp:attachment":[{"href":"https:\/\/paymentdiscounter.com\/es\/wp-json\/wp\/v2\/media?parent=22981"}],"wp:term":[{"taxonomy":"product_cat","embeddable":true,"href":"https:\/\/paymentdiscounter.com\/es\/wp-json\/wp\/v2\/product_cat?post=22981"},{"taxonomy":"product_tag","embeddable":true,"href":"https:\/\/paymentdiscounter.com\/es\/wp-json\/wp\/v2\/product_tag?post=22981"}],"curies":[{"name":"wp","href":"https:\/\/api.w.org\/{rel}","templated":true}]}}