{"id":22979,"date":"2023-11-28T16:57:01","date_gmt":"2023-11-28T16:57:01","guid":{"rendered":"https:\/\/paymentdiscounter.com\/?post_type=product&#038;p=22979"},"modified":"2023-12-02T12:02:29","modified_gmt":"2023-12-02T12:02:29","slug":"sunmi-d2s-kds","status":"publish","type":"product","link":"https:\/\/paymentdiscounter.com\/es\/producto\/sunmi-d2s-kds\/","title":{"rendered":"Sunmi D2s KDS"},"content":{"rendered":"<p><strong><em>Caracter\u00edsticas principales:<\/em><\/strong><\/p>\n<ol>\n<li><strong>Mayor eficiencia del BOH:<\/strong> Integre a la perfecci\u00f3n los pedidos de la zona de atenci\u00f3n al p\u00fablico (FOH) directamente en las pantallas de la cocina, reduciendo errores y mejorando la eficiencia.<\/li>\n<li><strong>Toca, y listo:<\/strong> Compruebe y actualice el estado de los pedidos sin esfuerzo en la pantalla t\u00e1ctil capacitiva FHD de 15,6\u2033. Incluso con las manos mojadas o enguantadas.<\/li>\n<li><strong>Protecci\u00f3n de sellado:<\/strong> Con una carcasa estanca IP55, el D2s KDS es perfecto para entornos de cocina calurosos, h\u00famedos y grasientos.<\/li>\n<li><strong>Instalaci\u00f3n sencilla:<\/strong> Compatible con montaje VESA para opciones de instalaci\u00f3n flexibles. Funci\u00f3n de arranque autom\u00e1tico y alimentaci\u00f3n a trav\u00e9s de Ethernet (PoE) para reducir las necesidades de cableado.<\/li>\n<li><strong>Dise\u00f1o centrado en el cliente:<\/strong> Cables ocultos, bot\u00f3n lateral f\u00e1cil de encontrar y esquinas redondeadas para una cocina limpia y f\u00e1cil de usar.<\/li>\n<\/ol>\n<p><strong><em>Especificaciones t\u00e9cnicas:<\/em><\/strong><\/p>\n<ul>\n<li><strong>OS:<\/strong> SUNMI OS (<em>basado en Android 11<\/em>)<\/li>\n<li><strong>Procesador:<\/strong> Cortex-A55 de cuatro n\u00facleos a 1,8 GHz<\/li>\n<li><strong>Memoria:<\/strong> 2 GB RAM+8 GB ROM, 4 GB RAM+64 GB ROM (opcional)<\/li>\n<li><strong>Pantalla:<\/strong> Pantalla multit\u00e1ctil capacitiva FHD de 15,6\u2033.<\/li>\n<li><strong>C\u00e1mara:<\/strong> C\u00e1mara 2M FF integrada (opcional)<\/li>\n<li><strong>Wi-Fi:<\/strong> 2,4 GHz\/5 GHz IEEE 802.11 a\/b\/g\/n\/ac<\/li>\n<li><strong>Bluetooth:<\/strong> Bluetooth 2.1\/3.0\/4.0\/4.2 BLE<\/li>\n<li><strong>LAN:<\/strong> LAN 100M, POE (opcional)<\/li>\n<li><strong>Botones:<\/strong> 1*Bot\u00f3n de encendido\/apagado (bot\u00f3n de la pantalla de bloqueo)<\/li>\n<li><strong>Tarjeta de memoria externa:<\/strong> 1*MicroSD (TF) Hasta 1TB<\/li>\n<li><strong>Puertos:<\/strong> 4<em>USB tipo A, 1<\/em>RJ11, 1<em>Interruptor para arranque autom\u00e1tico, 1<\/em>RJ45 LAN, 1<em>Toma de audio de 3,5 mm, 1<\/em>Puerto de alimentaci\u00f3n, 1*Puerto de depuraci\u00f3n Micro-USB<\/li>\n<li><strong>Adaptador de corriente:<\/strong> Entrada - CA 100\uff5e240V\/0,6A o CA 100\uff5e240V\/1,5A, Salida - CC 24V\/1A o CC 24V\/1,5A<\/li>\n<li><strong>Dimensiones:<\/strong> 381.51<em>251.21<\/em>40,58 mm<\/li>\n<li><strong>Peso:<\/strong> 1,69 kg<\/li>\n<li><strong>Medio ambiente:<\/strong> Temperatura de trabajo: 0\u2103<del>40\u2103, Temperatura de almacenamiento: -20\u2103<\/del>60\u2103<\/li>\n<\/ul>","protected":false},"excerpt":{"rendered":"<p>El SUNMI D2s KDS es un terminal de sobremesa inteligente que ayuda a elevar las operaciones de su cocina. El SUNMI D2s KDS es un sistema de visualizaci\u00f3n de cocina dise\u00f1ado para revolucionar sus operaciones de cocina y mejorar la satisfacci\u00f3n del cliente. Dise\u00f1ado para el sector de la restauraci\u00f3n, este terminal de sobremesa inteligente aporta a su entorno de cocina una mayor eficiencia, una protecci\u00f3n herm\u00e9tica y una instalaci\u00f3n sencilla.<\/p>","protected":false},"featured_media":23108,"comment_status":"open","ping_status":"closed","template":"","meta":[],"product_cat":[1555,3154],"product_tag":[3157,3156,1939,3158,1874,3155],"acf":[],"_links":{"self":[{"href":"https:\/\/paymentdiscounter.com\/es\/wp-json\/wp\/v2\/product\/22979"}],"collection":[{"href":"https:\/\/paymentdiscounter.com\/es\/wp-json\/wp\/v2\/product"}],"about":[{"href":"https:\/\/paymentdiscounter.com\/es\/wp-json\/wp\/v2\/types\/product"}],"replies":[{"embeddable":true,"href":"https:\/\/paymentdiscounter.com\/es\/wp-json\/wp\/v2\/comments?post=22979"}],"version-history":[{"count":4,"href":"https:\/\/paymentdiscounter.com\/es\/wp-json\/wp\/v2\/product\/22979\/revisions"}],"predecessor-version":[{"id":23441,"href":"https:\/\/paymentdiscounter.com\/es\/wp-json\/wp\/v2\/product\/22979\/revisions\/23441"}],"wp:featuredmedia":[{"embeddable":true,"href":"https:\/\/paymentdiscounter.com\/es\/wp-json\/wp\/v2\/media\/23108"}],"wp:attachment":[{"href":"https:\/\/paymentdiscounter.com\/es\/wp-json\/wp\/v2\/media?parent=22979"}],"wp:term":[{"taxonomy":"product_cat","embeddable":true,"href":"https:\/\/paymentdiscounter.com\/es\/wp-json\/wp\/v2\/product_cat?post=22979"},{"taxonomy":"product_tag","embeddable":true,"href":"https:\/\/paymentdiscounter.com\/es\/wp-json\/wp\/v2\/product_tag?post=22979"}],"curies":[{"name":"wp","href":"https:\/\/api.w.org\/{rel}","templated":true}]}}