{"id":22845,"date":"2023-11-24T20:54:45","date_gmt":"2023-11-24T20:54:45","guid":{"rendered":"https:\/\/paymentdiscounter.com\/?post_type=product&#038;p=22845"},"modified":"2023-11-24T21:06:27","modified_gmt":"2023-11-24T21:06:27","slug":"estacion-de-acoplamiento-castles-v3b3","status":"publish","type":"product","link":"https:\/\/paymentdiscounter.com\/es\/producto\/estacion-de-acoplamiento-castles-v3b3\/","title":{"rendered":"Estaci\u00f3n de acoplamiento Castles V3B3"},"content":{"rendered":"<p>La Castles V3B3 Dockingstation es una base de carga vers\u00e1til dise\u00f1ada para cargar su terminal de pago m\u00f3vil. La base de carga V3B3 tiene un dise\u00f1o elegante y compacto que puede colocarse f\u00e1cilmente en su mostrador o en la caja. La parte inferior de la base de carga tiene nervaduras antideslizantes para evitar que resbale o se da\u00f1e. Adem\u00e1s, la base de carga est\u00e1 equipada con un indicador luminoso LED en la parte delantera que permite ver si los terminales se est\u00e1n cargando correctamente.<\/p>\n<p>Con esta estaci\u00f3n base, cargar sus terminales de pago nunca ha sido tan f\u00e1cil. Este producto es imprescindible para cualquiera que busque una forma c\u00f3moda y eficaz de cargar su terminal.<\/p>","protected":false},"excerpt":{"rendered":"<p>La Castles V3B3 Dockingstation es una base de carga vers\u00e1til dise\u00f1ada para cargar su terminal de pago m\u00f3vil. La base de carga V3B3 tiene un dise\u00f1o elegante y compacto que puede colocarse f\u00e1cilmente en su mostrador o en la caja. La parte inferior de la base de carga tiene nervaduras antideslizantes para evitar que resbale o se da\u00f1e. Adem\u00e1s, la base de carga est\u00e1 equipada con un indicador luminoso LED en la parte delantera que permite ver si los terminales se est\u00e1n cargando correctamente.<\/p>","protected":false},"featured_media":0,"comment_status":"open","ping_status":"closed","template":"","meta":[],"product_cat":[3145],"product_tag":[3146,690,694,3147],"acf":[],"_links":{"self":[{"href":"https:\/\/paymentdiscounter.com\/es\/wp-json\/wp\/v2\/product\/22845"}],"collection":[{"href":"https:\/\/paymentdiscounter.com\/es\/wp-json\/wp\/v2\/product"}],"about":[{"href":"https:\/\/paymentdiscounter.com\/es\/wp-json\/wp\/v2\/types\/product"}],"replies":[{"embeddable":true,"href":"https:\/\/paymentdiscounter.com\/es\/wp-json\/wp\/v2\/comments?post=22845"}],"version-history":[{"count":1,"href":"https:\/\/paymentdiscounter.com\/es\/wp-json\/wp\/v2\/product\/22845\/revisions"}],"predecessor-version":[{"id":22846,"href":"https:\/\/paymentdiscounter.com\/es\/wp-json\/wp\/v2\/product\/22845\/revisions\/22846"}],"wp:attachment":[{"href":"https:\/\/paymentdiscounter.com\/es\/wp-json\/wp\/v2\/media?parent=22845"}],"wp:term":[{"taxonomy":"product_cat","embeddable":true,"href":"https:\/\/paymentdiscounter.com\/es\/wp-json\/wp\/v2\/product_cat?post=22845"},{"taxonomy":"product_tag","embeddable":true,"href":"https:\/\/paymentdiscounter.com\/es\/wp-json\/wp\/v2\/product_tag?post=22845"}],"curies":[{"name":"wp","href":"https:\/\/api.w.org\/{rel}","templated":true}]}}