{"id":22602,"date":"2023-10-12T20:56:12","date_gmt":"2023-10-12T20:56:12","guid":{"rendered":"https:\/\/paymentdiscounter.com\/?post_type=product&#038;p=22602"},"modified":"2025-07-21T10:20:09","modified_gmt":"2025-07-21T10:20:09","slug":"ingenico-link-2500-caja-de-bornes","status":"publish","type":"product","link":"https:\/\/paymentdiscounter.com\/es\/producto\/ingenico-link-2500-caja-de-bornes\/","title":{"rendered":"Caja de terminales Ingenico Link 2500"},"content":{"rendered":"<p><strong>Caja de terminales Ingenico Link 2500<\/strong><br \/>\nSi recibe con regularidad pagos con tarjeta de d\u00e9bito en lugares como el mercado, cafeter\u00edas, restaurantes o domicilios particulares, puede resultarle muy \u00fatil utilizar una funda protectora Ingenico Link 2500. De este modo, su m\u00e1quina estar\u00e1 mejor protegida contra accidentes y da\u00f1os y evitar\u00e1 aver\u00edas en su terminal de pago Ingenico. La funda protectora Ingenico est\u00e1 fabricada en silicona, lo que facilita su sujeci\u00f3n y le proporciona un mejor agarre del terminal.<\/p>\n<p><strong>Nuevas mejoras<\/strong><br \/>\nLa cubierta protectora del Link 2500 tiene los laterales elevados, lo que significa que es menos probable que se produzcan da\u00f1os si el terminal se resbala de la mano.<\/p>\n<p>No es necesario retirar el parachoques de silicona antes de efectuar un pago. El parachoques protector se ha desarrollado de tal forma que es f\u00e1cil de usar durante todo el d\u00eda. Al final del d\u00eda puedes retirar f\u00e1cilmente la funda protectora y limpiarla bajo el grifo.<\/p>\n<p>&nbsp;<\/p>","protected":false},"excerpt":{"rendered":"<p>Con la funda protectora Ingenico Link 2500 se asegura de que su terminal de pago m\u00f3vil est\u00e9 mejor protegido contra el agua, los golpes y los da\u00f1os por ca\u00eddas. El uso de una funda protectora para terminales de pago puede evitar da\u00f1os o la sustituci\u00f3n de su lector y es una forma sencilla de mantener su terminal de pago durante m\u00e1s tiempo en buen estado.<\/p>","protected":false},"featured_media":35712,"comment_status":"open","ping_status":"closed","template":"","meta":[],"product_cat":[705,1466],"product_tag":[3840,901,1375,3020,1469,3026,891,735,3844,996],"acf":[],"_links":{"self":[{"href":"https:\/\/paymentdiscounter.com\/es\/wp-json\/wp\/v2\/product\/22602"}],"collection":[{"href":"https:\/\/paymentdiscounter.com\/es\/wp-json\/wp\/v2\/product"}],"about":[{"href":"https:\/\/paymentdiscounter.com\/es\/wp-json\/wp\/v2\/types\/product"}],"replies":[{"embeddable":true,"href":"https:\/\/paymentdiscounter.com\/es\/wp-json\/wp\/v2\/comments?post=22602"}],"version-history":[{"count":5,"href":"https:\/\/paymentdiscounter.com\/es\/wp-json\/wp\/v2\/product\/22602\/revisions"}],"predecessor-version":[{"id":36635,"href":"https:\/\/paymentdiscounter.com\/es\/wp-json\/wp\/v2\/product\/22602\/revisions\/36635"}],"wp:featuredmedia":[{"embeddable":true,"href":"https:\/\/paymentdiscounter.com\/es\/wp-json\/wp\/v2\/media\/35712"}],"wp:attachment":[{"href":"https:\/\/paymentdiscounter.com\/es\/wp-json\/wp\/v2\/media?parent=22602"}],"wp:term":[{"taxonomy":"product_cat","embeddable":true,"href":"https:\/\/paymentdiscounter.com\/es\/wp-json\/wp\/v2\/product_cat?post=22602"},{"taxonomy":"product_tag","embeddable":true,"href":"https:\/\/paymentdiscounter.com\/es\/wp-json\/wp\/v2\/product_tag?post=22602"}],"curies":[{"name":"wp","href":"https:\/\/api.w.org\/{rel}","templated":true}]}}