{"id":22019,"date":"2023-09-15T15:46:42","date_gmt":"2023-09-15T15:46:42","guid":{"rendered":"https:\/\/paymentdiscounter.com\/?post_type=product&#038;p=22019"},"modified":"2026-03-07T11:53:07","modified_gmt":"2026-03-07T11:53:07","slug":"funda-protectora-pax-a77-negra","status":"publish","type":"product","link":"https:\/\/paymentdiscounter.com\/es\/producto\/funda-protectora-pax-a77-negra\/","title":{"rendered":"Funda protectora Pax A77 Negra"},"content":{"rendered":"<p><strong>Funda protectora Pax A77<\/strong><br \/>\nSi recibe con regularidad pagos con tarjeta de d\u00e9bito en lugares como el mercado o en los domicilios particulares, puede resultarle muy \u00fatil utilizar una funda protectora Pax A77. De este modo, su terminal de pago estar\u00e1 a\u00fan m\u00e1s protegido contra accidentes y da\u00f1os. Evitar\u00e1 costosas reparaciones y mantendr\u00e1 el terminal en buen estado durante m\u00e1s tiempo. La funda protectora est\u00e1 hecha de silicona, lo que le proporciona un mejor agarre del terminal. Incluso con las manos mojadas.<\/p>\n<p><strong>Destinatarios<\/strong><br \/>\nEl Pax A77 es un terminal de pago m\u00f3vil compacto que es f\u00e1cil de llevar con usted en el lugar. Debido a que este terminal Android es tan compacto, esta m\u00e1quina se utiliza a menudo para comerciantes de mercado, mensajeros, establecimientos de restauraci\u00f3n y taxistas. Dado que este grupo destinatario no suele depender de una ubicaci\u00f3n fija, este modelo es muy adecuado para empresarios m\u00f3viles. Para mantener el terminal de pago en buenas condiciones durante m\u00e1s tiempo, es aconsejable utilizar una funda.<\/p>\n<p><strong>Nuevas mejoras<\/strong><br \/>\nEsta funda Pax A77 tiene bordes elevados en la parte superior que proporcionan una protecci\u00f3n adicional en caso de ca\u00edda. Se han colocado tapas de goma cerrables en la parte superior para que el agua y los l\u00edquidos tengan menos probabilidades de causar da\u00f1os. Tambi\u00e9n ayuda a prevenir la acumulaci\u00f3n de suciedad y polvo que puede causar una mala conexi\u00f3n a su cargador.<\/p>\n<p>La cubierta protectora tambi\u00e9n puede utilizarse en combinaci\u00f3n con una estaci\u00f3n de acoplamiento Pax. Esto significa que no es necesario retirar la cubierta. Pr\u00e1ctico para las personas que desean utilizar una Base Station como cargador en lugar de un cargador de bater\u00eda independiente.<\/p>","protected":false},"excerpt":{"rendered":"<p>Con esta funda protectora negra Pax A77 se asegurar\u00e1 de que su terminal de pago m\u00f3vil est\u00e9 mejor protegido contra el agua, el polvo y los da\u00f1os por ca\u00eddas. Fabricada con silicona resistente y provista de topes en relieve en la parte superior. \u00bfAcepta a menudo transacciones en lugares al aire libre? Entonces utilice esta funda protectora hecha a medida y mantenga su terminal de pago en buenas condiciones durante m\u00e1s tiempo.<\/p>","protected":false},"featured_media":22026,"comment_status":"open","ping_status":"closed","template":"","meta":[],"product_cat":[730,1482],"product_tag":[3334,1537,3840,901,728,1438,1538,2611,1536,891,735,3844,996],"acf":[],"_links":{"self":[{"href":"https:\/\/paymentdiscounter.com\/es\/wp-json\/wp\/v2\/product\/22019"}],"collection":[{"href":"https:\/\/paymentdiscounter.com\/es\/wp-json\/wp\/v2\/product"}],"about":[{"href":"https:\/\/paymentdiscounter.com\/es\/wp-json\/wp\/v2\/types\/product"}],"replies":[{"embeddable":true,"href":"https:\/\/paymentdiscounter.com\/es\/wp-json\/wp\/v2\/comments?post=22019"}],"version-history":[{"count":7,"href":"https:\/\/paymentdiscounter.com\/es\/wp-json\/wp\/v2\/product\/22019\/revisions"}],"predecessor-version":[{"id":38169,"href":"https:\/\/paymentdiscounter.com\/es\/wp-json\/wp\/v2\/product\/22019\/revisions\/38169"}],"wp:featuredmedia":[{"embeddable":true,"href":"https:\/\/paymentdiscounter.com\/es\/wp-json\/wp\/v2\/media\/22026"}],"wp:attachment":[{"href":"https:\/\/paymentdiscounter.com\/es\/wp-json\/wp\/v2\/media?parent=22019"}],"wp:term":[{"taxonomy":"product_cat","embeddable":true,"href":"https:\/\/paymentdiscounter.com\/es\/wp-json\/wp\/v2\/product_cat?post=22019"},{"taxonomy":"product_tag","embeddable":true,"href":"https:\/\/paymentdiscounter.com\/es\/wp-json\/wp\/v2\/product_tag?post=22019"}],"curies":[{"name":"wp","href":"https:\/\/api.w.org\/{rel}","templated":true}]}}