{"id":21883,"date":"2023-07-17T09:44:58","date_gmt":"2023-07-17T09:44:58","guid":{"rendered":"https:\/\/paymentdiscounter.com\/?post_type=product&#038;p=21883"},"modified":"2023-07-17T12:21:54","modified_gmt":"2023-07-17T12:21:54","slug":"zebra-tc53-handheld","status":"publish","type":"product","link":"https:\/\/paymentdiscounter.com\/es\/producto\/zebra-tc53-handheld\/","title":{"rendered":"Zebra TC53 Port\u00e1til"},"content":{"rendered":"<p>El Zebra TC53 es el ep\u00edtome de la tecnolog\u00eda punta en el mundo de los ordenadores port\u00e1tiles para empresas. Con sus avanzadas funciones y un rendimiento inigualable, establece un nuevo est\u00e1ndar para los dispositivos de mano utilizados por los empresarios. Equipado con el procesador octa-core 6490 de Qualcomm, el TC53 ofrece velocidades de procesamiento ultrarr\u00e1pidas y tiempos de respuesta casi instant\u00e1neos.<\/p>\n<p>Emparejado con las \u00faltimas tecnolog\u00edas inal\u00e1mbricas como 5G, Wi-Fi 6E y CBRS (solo en EE. UU.), este dispositivo garantiza las conexiones inal\u00e1mbricas m\u00e1s r\u00e1pidas y fiables, tanto si se encuentra sobre el terreno como dentro de los confines de sus instalaciones.<\/p>\n<h3>Descripci\u00f3n del modelo<\/h3>\n<p>Nueva generaci\u00f3n de ordenadores port\u00e1tiles EMC serie TC5X<br \/>\n* Qualcomm 6490 octa-core, 2,7 GHz<br \/>\n* Wi-Fi 6E<br \/>\n* Pantalla de alta definici\u00f3n de 6 pulgadas<br \/>\n* M\u00faltiples ca\u00eddas de 1,8 m sobre hormig\u00f3n con bota robusta; ca\u00eddas de 1,5 m sobre baldosa. \/ 1,5 m sobre baldosas de hormig\u00f3n<\/p>\n<h3>Nuevas posibilidades de recogida de datos<\/h3>\n<p>Con el Zebra TC53 puede reimaginar sus flujos de trabajo y desbloquear todo un nuevo reino de posibilidades de recopilaci\u00f3n de datos. Escanee una etiqueta de estanter\u00eda en el estante m\u00e1s alto sin dar un paso. Calcule con precisi\u00f3n las dimensiones de los paquetes y los gastos de env\u00edo con s\u00f3lo pulsar un bot\u00f3n. Realice recuentos de inventario rapid\u00edsimos con la ayuda de la tecnolog\u00eda RFID. Transforme instant\u00e1neamente el dispositivo en una estaci\u00f3n de trabajo o en un punto de venta h\u00edbrido.<\/p>\n<p>Adem\u00e1s, prep\u00e1rese para aceptar pagos de forma segura con la funci\u00f3n tap-to-pay y mucho m\u00e1s. Estas innovadoras soluciones de hardware y software definen una nueva era de movilidad que eleva su eficiencia operativa a niveles sin precedentes.<\/p>\n<h3>Dise\u00f1ado para el futuro<\/h3>\n<p>El TC53 cuenta con un dise\u00f1o adaptable y preparado para el futuro que va m\u00e1s all\u00e1 de las exigencias de los flujos de trabajo actuales, garantizando que pueda satisfacer sus necesidades cambiantes en el futuro. Tanto si est\u00e1 explorando aplicaciones de realidad aumentada basadas en ARCore, aprovechando flujos de trabajo manos libres de vanguardia o adoptando soluciones de pago de pr\u00f3xima generaci\u00f3n, el TC53 tiene soporte incorporado para integrar sin problemas estos flujos de trabajo futuros en sus operaciones.<\/p>\n<h3>Una experiencia sin igual<\/h3>\n<p>Sus trabajadores dependen de sus dispositivos m\u00f3viles cada minuto de cada turno, y el TC53 se ha dise\u00f1ado espec\u00edficamente para ofrecerles la mejor experiencia posible. La brillante pantalla Full HD+ de 6 pulgadas garantiza una visibilidad \u00f3ptima. Incluso a plena luz del sol.<\/p>\n<p>La ergonom\u00eda m\u00e1s fina del dispositivo proporciona comodidad durante todo el d\u00eda, minimizando la fatiga y maximizando la productividad. El cambio de pilas se realiza en cuesti\u00f3n de segundos, por lo que los trabajadores pueden mantener la energ\u00eda durante todo el turno. El audio n\u00edtido mejora la comunicaci\u00f3n y garantiza que cada palabra se oiga alto y claro. El TC53 est\u00e1 repleto de funciones que dan prioridad a las necesidades de sus trabajadores, permiti\u00e9ndoles sobresalir en sus funciones.<\/p>\n<h3>Ventaja incorporada<\/h3>\n<p>Mientras que otros fabricantes de ordenadores port\u00e1tiles se detienen en lo b\u00e1sico, Zebra va un paso m\u00e1s all\u00e1 con sus funciones de software Mobility DNA. Este conjunto de aplicaciones, utilidades y herramientas capacita a los usuarios en una gran variedad de casos de uso. Desde la integraci\u00f3n y la seguridad hasta el despliegue y la optimizaci\u00f3n. Zebra garantiza que su TC53 est\u00e9 totalmente equipado para maximizar su rendimiento.<\/p>\n<p>Desde el principio tendr\u00e1 acceso a aplicaciones integradas que agilizan la gesti\u00f3n de dispositivos y mejoran la seguridad, lo que facilita la integraci\u00f3n y optimizaci\u00f3n del TC53 para sus necesidades espec\u00edficas.<\/p>\n<h3>Posibilidades de conducci\u00f3n con el TC53<\/h3>\n<p>El terminal port\u00e1til TC53\/TC58 de Zebra cambia las reglas del juego en el mundo de la movilidad empresarial.<\/p>\n<ol>\n<li><strong>Nuevo procesador mucho m\u00e1s r\u00e1pido:<\/strong> Con una mejora de 90% en el rendimiento de la CPU gracias al procesador octa-core Qualcomm 6490, el TC53\/TC58 ofrece velocidades vertiginosas y tiempos de respuesta casi instant\u00e1neos. Tambi\u00e9n ofrece compatibilidad a largo plazo con futuras versiones de Android, lo que garantiza su compatibilidad y longevidad.<\/li>\n<li><strong>V\u00edvida pantalla FHD+ de 6 pulgadas:<\/strong> Con la pantalla m\u00e1s grande, de mayor resoluci\u00f3n y m\u00e1s brillante de su clase, el TC53\/TC58 facilita la lectura en interiores y exteriores, garantizando una visibilidad \u00f3ptima en cualquier entorno.<\/li>\n<li><strong>Conectividad m\u00e1s r\u00e1pida y preparada para el futuro:<\/strong> Equipado con tecnolog\u00edas 5G (TC58) y Wi-Fi 6E, este dispositivo proporciona las velocidades celulares m\u00e1s r\u00e1pidas posibles para los trabajadores sobre el terreno. Tambi\u00e9n optimiza el rendimiento Wi-Fi en grandes edificios, facilitando conexiones de baja latencia que potencian las aplicaciones de realidad aumentada de pr\u00f3xima generaci\u00f3n.<\/li>\n<li><strong>Exploraci\u00f3n de alcance est\u00e1ndar o avanzado:<\/strong> El TC53\/TC58 presenta dos opciones de escaneado. El motor de escaneado 1D\/2D SE4720 ofrece un escaneado de alcance est\u00e1ndar que garantiza una captura fiable de los c\u00f3digos de barras en pr\u00e1cticamente cualquier condici\u00f3n. Por otro lado, el motor de escaneado SE55 permite a los trabajadores escanear f\u00e1cilmente c\u00f3digos de barras en la mano o al otro lado de la sala, lo que proporciona flexibilidad en diversos escenarios de escaneado.<\/li>\n<li><strong>Fotos y v\u00eddeos de alt\u00edsima resoluci\u00f3n:<\/strong> Capta im\u00e1genes y v\u00eddeos asombrosos con la c\u00e1mara trasera de 16 MP del TC53\/TC58, mejorada con la tecnolog\u00eda de Estabilizaci\u00f3n \u00d3ptica de la Imagen (OIS). Esta funci\u00f3n garantiza un mejor rendimiento en condiciones de poca luz y en situaciones de alto rango din\u00e1mico, ofreciendo una calidad de imagen excepcional.<\/li>\n<li><strong>Resistente al agua, al polvo y a las ca\u00eddas:<\/strong> El TC53\/TC58 est\u00e1 dise\u00f1ado para soportar los entornos m\u00e1s exigentes. Con doble sellado IP65\/IP68, es resistente al agua y al polvo. Tambi\u00e9n puede soportar ca\u00eddas sobre hormig\u00f3n desde una altura de 1,8 m\/6 pies con una bota protectora o de 1,5 m\/5 pies sobre baldosas de hormig\u00f3n sin bota protectora. Adem\u00e1s, cumple las normas MIL-STD-810H de durabilidad.<\/li>\n<li><strong>Tecnolog\u00eda de bater\u00edas inigualable:<\/strong> El TC53\/TC58 cuenta con la bater\u00eda de mayor capacidad de su clase, lo que garantiza una potencia duradera. Ofrece varias opciones de bater\u00eda, como la bater\u00eda extendida, la bater\u00eda BLE y la bater\u00eda de carga inal\u00e1mbrica. Gracias a las funciones de cambio en caliente (modelos est\u00e1ndar) y en caliente (modelos premium), puede cambiar las bater\u00edas sin problemas para evitar tiempos de inactividad y garantizar un funcionamiento continuo. El dispositivo tambi\u00e9n ofrece una gesti\u00f3n superior de la bater\u00eda para un rendimiento \u00f3ptimo.<\/li>\n<li><strong>Calidad de voz superior:<\/strong> La comunicaci\u00f3n es vital en cualquier entorno empresarial y el TC53\/TC58 destaca por ofrecer una calidad de voz superior. Con tres micr\u00f3fonos integrados, dos altavoces y compatibilidad con auriculares inal\u00e1mbricos y con cable, este dispositivo garantiza que cada palabra se oiga con claridad, haciendo que cada llamada sea eficiente y eficaz.<\/li>\n<li><strong>Largo ciclo de vida:<\/strong> Zebra proporciona un amplio soporte para el TC53\/TC58 ofreciendo cuatro a\u00f1os de soporte de ventas y otros cuatro a\u00f1os de soporte continuo. Este largo ciclo de vida garantiza que pueda confiar en su inversi\u00f3n durante un periodo prolongado, maximizando el retorno de la inversi\u00f3n.<\/li>\n<li><strong>M\u00e1ximo tiempo de actividad con Zebra OneCare\u2122:<\/strong> Los completos planes de asistencia de Zebra, como Zebra OneCare\u2122, proporcionan tranquilidad a su empresa. Con opciones que van desde la cobertura Essential a la asistencia Select elevada e incluso planes especializados para una protecci\u00f3n espec\u00edfica, puede elegir el nivel de cobertura que mejor se adapte a las necesidades de su empresa.<\/li>\n<\/ol>\n<h3>Descripci\u00f3n general del dispositivo<\/h3>\n<p>El terminal port\u00e1til TC53\/TC58 de Zebra est\u00e1 dise\u00f1ado espec\u00edficamente para los trabajadores de primera l\u00ednea de los sectores minorista, de servicios de campo y log\u00edstico. Este dispositivo de nueva generaci\u00f3n se basa en el \u00e9xito de su predecesor y ofrece un equilibrio perfecto entre durabilidad, ergonom\u00eda y dise\u00f1o intuitivo. Con innovaciones de hardware y software l\u00edderes del sector, el TC53\/TC58 redefine el rendimiento de la inform\u00e1tica m\u00f3vil y abre un mundo de posibilidades para los empresarios.<\/p>\n<h3>Caracter\u00edsticas destacadas del TC53<\/h3>\n<ol>\n<li><strong>C\u00e1mara frontal de 8 MP:<\/strong> El TC53\/TC58 incorpora una c\u00e1mara frontal de 8 MP que permite a los trabajadores capturar im\u00e1genes y v\u00eddeos con fines de documentaci\u00f3n o comunicaci\u00f3n.<\/li>\n<li><strong>5G (TC58) y Wi-Fi 6E:<\/strong> Con conectividad 5G (TC58) y Wi-Fi 6E, el TC53\/TC58 proporciona las velocidades celulares m\u00e1s r\u00e1pidas posibles garantizando una conectividad sin interrupciones para los trabajadores sobre el terreno. El rendimiento Wi-Fi optimizado en grandes edificios mejora a\u00fan m\u00e1s la conectividad, mientras que las conexiones de baja latencia impulsan las aplicaciones de realidad aumentada de pr\u00f3xima generaci\u00f3n.<\/li>\n<li><strong>Dise\u00f1o ligero y fino:<\/strong> Con un peso de tan s\u00f3lo 293 g y un grosor de 16,7 mm, el TC53\/TC58 ofrece un factor de forma ligero y compacto. Este dise\u00f1o garantiza comodidad y facilidad de uso incluso en turnos de trabajo prolongados.<\/li>\n<li><strong>Tecla de escaneado de doble cara:<\/strong> El dispositivo viene equipado con una tecla de escaneado de doble cara que permite a los usuarios iniciar acciones de escaneado con facilidad tanto si son zurdos como diestros.<\/li>\n<li><strong>M\u00faltiples configuraciones de memoria:<\/strong> El terminal port\u00e1til ofrece configuraciones de memoria flexibles con opciones disponibles de hasta 8 GB de RAM y 128 GB de Flash UFS. Esto permite a los usuarios almacenar datos y acceder a ellos de forma eficiente.<\/li>\n<li><strong>Tecla de pulsar para hablar:<\/strong> Con una tecla dedicada para pulsar y hablar, el TC53 facilita la comunicaci\u00f3n instant\u00e1nea entre los miembros del equipo, fomentando la colaboraci\u00f3n y la eficiencia.<\/li>\n<li><strong>C\u00e1mara trasera de ultra alta resoluci\u00f3n:<\/strong> El terminal est\u00e1 equipado con una c\u00e1mara trasera de 16 MP con tecnolog\u00eda de estabilizaci\u00f3n \u00f3ptica de la imagen (OIS). Esto garantiza una calidad de imagen superior incluso en condiciones de iluminaci\u00f3n dif\u00edciles, lo que permite a los trabajadores capturar im\u00e1genes detalladas para documentaci\u00f3n o an\u00e1lisis.<\/li>\n<li><strong>eConnex\u2122 para emparejamiento Snap-and-Go:<\/strong> El TC53 incorpora la tecnolog\u00eda eConnex\u2122, que permite emparejarlo sin esfuerzo con trineos RFID y otros accesorios. Esta funcionalidad \"snap-and-go\" agiliza el proceso de despliegue y mejora la productividad.<\/li>\n<li><strong>Sensor de profundidad de tiempo de vuelo:<\/strong> Para un dimensionamiento preciso de los paquetes, el TC53 incorpora un sensor de profundidad de tiempo de vuelo. Este avanzado sensor permite realizar mediciones precisas que mejoran la exactitud y la eficiencia del env\u00edo.<\/li>\n<li><strong>Opciones de bater\u00eda:<\/strong> El TC53 ofrece varias opciones de bater\u00eda para adaptarse a las distintas necesidades de los usuarios. Los usuarios pueden elegir entre bater\u00eda est\u00e1ndar, bater\u00eda ampliada, bater\u00eda BLE o bater\u00eda de carga inal\u00e1mbrica.<\/li>\n<li><strong>Funciones avanzadas de escaneado:<\/strong> El dispositivo est\u00e1 equipado con dos motores de escaneado. El motor de escaneado SE55 1D\/2D Advanced Range incorpora la tecnolog\u00eda IntelliFocus\u2122 que permite a los trabajadores escanear c\u00f3digos de barras sin esfuerzo. Tanto si est\u00e1n cerca como a distancia. El motor de escaneado SE4720 1D\/2D ofrece un escaneado de alcance est\u00e1ndar y garantiza una captura fiable de los c\u00f3digos de barras en diversas condiciones.<\/li>\n<li><strong>Pantalla Full HD+ ultrabrillante:<\/strong> El port\u00e1til cuenta con una pantalla Full HD+ de 6 pulgadas con un brillo excepcional. La pantalla est\u00e1 protegida por Corning\u00ae Gorilla\u00ae Glass, lo que garantiza su durabilidad y resistencia a los ara\u00f1azos.<\/li>\n<\/ol>\n<p>&nbsp;<\/p>\n<p>&nbsp;<\/p>","protected":false},"excerpt":{"rendered":"<p>El Zebra TC53 es un ordenador m\u00f3vil empresarial que cambia las reglas del juego y redefine la movilidad para los empresarios. Su potente procesador, su conectividad inal\u00e1mbrica avanzada y sus innovadoras funciones abren nuevas posibilidades en la recopilaci\u00f3n de datos, los flujos de trabajo y la eficiencia operativa.<\/p>\n<p>Con su dise\u00f1o preparado para el futuro, su experiencia de usuario superior y sus completas funciones de software, el TC53 permite a las empresas adaptarse y prosperar en un entorno digital en constante evoluci\u00f3n.<\/p>","protected":false},"featured_media":21885,"comment_status":"open","ping_status":"closed","template":"","meta":[],"product_cat":[1387,2918],"product_tag":[1875,715,1436,1832,2920,1400,2919],"acf":[],"_links":{"self":[{"href":"https:\/\/paymentdiscounter.com\/es\/wp-json\/wp\/v2\/product\/21883"}],"collection":[{"href":"https:\/\/paymentdiscounter.com\/es\/wp-json\/wp\/v2\/product"}],"about":[{"href":"https:\/\/paymentdiscounter.com\/es\/wp-json\/wp\/v2\/types\/product"}],"replies":[{"embeddable":true,"href":"https:\/\/paymentdiscounter.com\/es\/wp-json\/wp\/v2\/comments?post=21883"}],"version-history":[{"count":4,"href":"https:\/\/paymentdiscounter.com\/es\/wp-json\/wp\/v2\/product\/21883\/revisions"}],"predecessor-version":[{"id":21892,"href":"https:\/\/paymentdiscounter.com\/es\/wp-json\/wp\/v2\/product\/21883\/revisions\/21892"}],"wp:featuredmedia":[{"embeddable":true,"href":"https:\/\/paymentdiscounter.com\/es\/wp-json\/wp\/v2\/media\/21885"}],"wp:attachment":[{"href":"https:\/\/paymentdiscounter.com\/es\/wp-json\/wp\/v2\/media?parent=21883"}],"wp:term":[{"taxonomy":"product_cat","embeddable":true,"href":"https:\/\/paymentdiscounter.com\/es\/wp-json\/wp\/v2\/product_cat?post=21883"},{"taxonomy":"product_tag","embeddable":true,"href":"https:\/\/paymentdiscounter.com\/es\/wp-json\/wp\/v2\/product_tag?post=21883"}],"curies":[{"name":"wp","href":"https:\/\/api.w.org\/{rel}","templated":true}]}}