{"id":19751,"date":"2023-04-10T22:31:30","date_gmt":"2023-04-10T22:31:30","guid":{"rendered":"https:\/\/paymentdiscounter.com\/?post_type=product&#038;p=19751"},"modified":"2024-10-24T14:46:36","modified_gmt":"2024-10-24T14:46:36","slug":"estacion-de-acoplamiento-pax-a77","status":"publish","type":"product","link":"https:\/\/paymentdiscounter.com\/es\/producto\/estacion-de-acoplamiento-pax-a77\/","title":{"rendered":"Estaci\u00f3n de acoplamiento Pax A77"},"content":{"rendered":"","protected":false},"excerpt":{"rendered":"<p>Con una Pax A77 Docking Station su terminal de pago siempre tendr\u00e1 la bater\u00eda llena. Puede colocar f\u00e1cilmente el terminal de pago en el soporte, conectarlo con un cargador Pax y dejar que la dockingstation haga el resto.<\/p>\n<p>Esta base de conexi\u00f3n ayuda a evitar problemas como bater\u00edas agotadas o da\u00f1os por rotura de cables que pueden provocar cortocircuitos. Utiliza una base Pax original para garantizar una compatibilidad adecuada y un rendimiento \u00f3ptimo.<\/p>\n<p>La base de conexi\u00f3n Pax A77 es un accesorio \u00fatil para los comerciantes que necesitan mantener sus terminales de pago cargados y listos para su uso en todo momento.<\/p>\n<p>&nbsp;<\/p>","protected":false},"featured_media":19753,"comment_status":"open","ping_status":"closed","template":"","meta":[],"product_cat":[730,1482],"product_tag":[2625,3334,690,694,728,1438,2611,1314,2609],"acf":[],"_links":{"self":[{"href":"https:\/\/paymentdiscounter.com\/es\/wp-json\/wp\/v2\/product\/19751"}],"collection":[{"href":"https:\/\/paymentdiscounter.com\/es\/wp-json\/wp\/v2\/product"}],"about":[{"href":"https:\/\/paymentdiscounter.com\/es\/wp-json\/wp\/v2\/types\/product"}],"replies":[{"embeddable":true,"href":"https:\/\/paymentdiscounter.com\/es\/wp-json\/wp\/v2\/comments?post=19751"}],"version-history":[{"count":1,"href":"https:\/\/paymentdiscounter.com\/es\/wp-json\/wp\/v2\/product\/19751\/revisions"}],"predecessor-version":[{"id":19755,"href":"https:\/\/paymentdiscounter.com\/es\/wp-json\/wp\/v2\/product\/19751\/revisions\/19755"}],"wp:featuredmedia":[{"embeddable":true,"href":"https:\/\/paymentdiscounter.com\/es\/wp-json\/wp\/v2\/media\/19753"}],"wp:attachment":[{"href":"https:\/\/paymentdiscounter.com\/es\/wp-json\/wp\/v2\/media?parent=19751"}],"wp:term":[{"taxonomy":"product_cat","embeddable":true,"href":"https:\/\/paymentdiscounter.com\/es\/wp-json\/wp\/v2\/product_cat?post=19751"},{"taxonomy":"product_tag","embeddable":true,"href":"https:\/\/paymentdiscounter.com\/es\/wp-json\/wp\/v2\/product_tag?post=19751"}],"curies":[{"name":"wp","href":"https:\/\/api.w.org\/{rel}","templated":true}]}}