{"id":19708,"date":"2023-04-10T17:09:06","date_gmt":"2023-04-10T17:09:06","guid":{"rendered":"https:\/\/paymentdiscounter.com\/?post_type=product&#038;p=19708"},"modified":"2026-02-03T16:29:39","modified_gmt":"2026-02-03T16:29:39","slug":"pax-a77-dockingstation-multi","status":"publish","type":"product","link":"https:\/\/paymentdiscounter.com\/es\/producto\/pax-a77-dockingstation-multi\/","title":{"rendered":"Estaci\u00f3n de acoplamiento Pax A77 Multi"},"content":{"rendered":"<p>La base de carga m\u00faltiple Pax B78 es una base de carga vers\u00e1til dise\u00f1ada para cargar hasta 5 terminales Pax A77 simult\u00e1neamente. Esta estaci\u00f3n de carga es ideal para propietarios de negocios que utilizan varios terminales de pago en su negocio. La ventaja es que no tiene que adquirir varias bases de carga, sino que puede cargar varios terminales simult\u00e1neamente con una sola unidad.<\/p>\n<p>La base de carga m\u00faltiple Pax B78 tiene un dise\u00f1o elegante y compacto que puede colocarse f\u00e1cilmente en el mostrador o en la caja. La parte inferior de la base de carga tiene nervaduras antideslizantes para evitar que resbale o se da\u00f1e. Adem\u00e1s, la base de carga est\u00e1 equipada con un indicador luminoso LED en la parte delantera que le permite ver si los terminales se est\u00e1n cargando correctamente.<\/p>\n<p>Con este original Multi Charger de Pax, cargar sus terminales de pago nunca ha sido tan f\u00e1cil. Este producto es imprescindible para cualquiera que busque una forma c\u00f3moda y eficaz de cargar varios terminales de pago.<\/p>\n<p><strong>Algunas de las ventajas de este modelo son:<\/strong><\/p>\n<ul>\n<li>Producto original Pax (B78-BC-1EA)<\/li>\n<li>Carga hasta 5 terminales simult\u00e1neamente<\/li>\n<li>S\u00f3lo necesita una toma de corriente<\/li>\n<li>La fuente de alimentaci\u00f3n est\u00e1 incluida<\/li>\n<\/ul>","protected":false},"excerpt":{"rendered":"<p>La base de carga m\u00faltiple Pax B78 es una estaci\u00f3n de carga vers\u00e1til dise\u00f1ada para cargar simult\u00e1neamente hasta 5 dispositivos de pago Pax A77. Esta base de carga es ideal para empresarios que utilizan varios terminales de pago en su negocio. La mayor ventaja es que no es necesario adquirir estaciones de carga independientes, sino que con una sola unidad se pueden cargar varios terminales al mismo tiempo.<\/p>\n<p>Es importante se\u00f1alar que el Pax A77 es un popular terminal de pago utilizado en diversos negocios como restaurantes, tiendas minoristas y otros establecimientos. La base de carga simplifica el proceso de mantener los terminales cargados, organizados y f\u00e1cilmente accesibles para los miembros del personal. Adem\u00e1s, la base de carga m\u00faltiple Pax B78 tiene un dise\u00f1o compacto y puede colocarse c\u00f3modamente en un mostrador o escritorio.<\/p>","protected":false},"featured_media":19760,"comment_status":"open","ping_status":"closed","template":"","meta":[],"product_cat":[730,1482],"product_tag":[2625,3334,690,694,728,1438,2611,1314,2609],"acf":[],"_links":{"self":[{"href":"https:\/\/paymentdiscounter.com\/es\/wp-json\/wp\/v2\/product\/19708"}],"collection":[{"href":"https:\/\/paymentdiscounter.com\/es\/wp-json\/wp\/v2\/product"}],"about":[{"href":"https:\/\/paymentdiscounter.com\/es\/wp-json\/wp\/v2\/types\/product"}],"replies":[{"embeddable":true,"href":"https:\/\/paymentdiscounter.com\/es\/wp-json\/wp\/v2\/comments?post=19708"}],"version-history":[{"count":2,"href":"https:\/\/paymentdiscounter.com\/es\/wp-json\/wp\/v2\/product\/19708\/revisions"}],"predecessor-version":[{"id":19764,"href":"https:\/\/paymentdiscounter.com\/es\/wp-json\/wp\/v2\/product\/19708\/revisions\/19764"}],"wp:featuredmedia":[{"embeddable":true,"href":"https:\/\/paymentdiscounter.com\/es\/wp-json\/wp\/v2\/media\/19760"}],"wp:attachment":[{"href":"https:\/\/paymentdiscounter.com\/es\/wp-json\/wp\/v2\/media?parent=19708"}],"wp:term":[{"taxonomy":"product_cat","embeddable":true,"href":"https:\/\/paymentdiscounter.com\/es\/wp-json\/wp\/v2\/product_cat?post=19708"},{"taxonomy":"product_tag","embeddable":true,"href":"https:\/\/paymentdiscounter.com\/es\/wp-json\/wp\/v2\/product_tag?post=19708"}],"curies":[{"name":"wp","href":"https:\/\/api.w.org\/{rel}","templated":true}]}}