{"id":19298,"date":"2023-04-06T09:36:56","date_gmt":"2023-04-06T09:36:56","guid":{"rendered":"https:\/\/paymentdiscounter.com\/?post_type=product&#038;p=19298"},"modified":"2026-03-07T11:53:07","modified_gmt":"2026-03-07T11:53:07","slug":"funda-protectora-pax-a920-negro","status":"publish","type":"product","link":"https:\/\/paymentdiscounter.com\/es\/producto\/funda-protectora-pax-a920-negro\/","title":{"rendered":"Pax Cubierta protectora A920 Negro"},"content":{"rendered":"","protected":false},"excerpt":{"rendered":"<p>Utilizar una funda protectora Pax A920 para su terminal de pago es una forma sencilla de evitar da\u00f1os en su terminal de pago m\u00f3vil. Mantiene su terminal en buen estado durante m\u00e1s tiempo y ayuda a evitar costosas reparaciones. Con la funda protectora Pax A920 puede estar seguro de que su terminal de pago m\u00f3vil est\u00e1 mejor protegido contra el agua, los golpes y los da\u00f1os por ca\u00eddas.<\/p>\n<p>Evite da\u00f1os y costosas reparaciones utilizando nuestra cubierta protectora para terminales de pago m\u00f3viles. Adem\u00e1s, la cubierta protectora Pax A920 es ligera y f\u00e1cil de colocar, lo que la convierte en un accesorio pr\u00e1ctico para cualquier empresa que dependa del procesamiento de pagos m\u00f3viles.<\/p>","protected":false},"featured_media":19319,"comment_status":"open","ping_status":"closed","template":"","meta":[],"product_cat":[730,1485],"product_tag":[2610,3333,3840,901,728,1488,2611,1536,891,735,3844,996],"acf":[],"_links":{"self":[{"href":"https:\/\/paymentdiscounter.com\/es\/wp-json\/wp\/v2\/product\/19298"}],"collection":[{"href":"https:\/\/paymentdiscounter.com\/es\/wp-json\/wp\/v2\/product"}],"about":[{"href":"https:\/\/paymentdiscounter.com\/es\/wp-json\/wp\/v2\/types\/product"}],"replies":[{"embeddable":true,"href":"https:\/\/paymentdiscounter.com\/es\/wp-json\/wp\/v2\/comments?post=19298"}],"version-history":[{"count":8,"href":"https:\/\/paymentdiscounter.com\/es\/wp-json\/wp\/v2\/product\/19298\/revisions"}],"predecessor-version":[{"id":36659,"href":"https:\/\/paymentdiscounter.com\/es\/wp-json\/wp\/v2\/product\/19298\/revisions\/36659"}],"wp:featuredmedia":[{"embeddable":true,"href":"https:\/\/paymentdiscounter.com\/es\/wp-json\/wp\/v2\/media\/19319"}],"wp:attachment":[{"href":"https:\/\/paymentdiscounter.com\/es\/wp-json\/wp\/v2\/media?parent=19298"}],"wp:term":[{"taxonomy":"product_cat","embeddable":true,"href":"https:\/\/paymentdiscounter.com\/es\/wp-json\/wp\/v2\/product_cat?post=19298"},{"taxonomy":"product_tag","embeddable":true,"href":"https:\/\/paymentdiscounter.com\/es\/wp-json\/wp\/v2\/product_tag?post=19298"}],"curies":[{"name":"wp","href":"https:\/\/api.w.org\/{rel}","templated":true}]}}