{"id":14612,"date":"2022-05-26T13:31:51","date_gmt":"2022-05-26T13:31:51","guid":{"rendered":"https:\/\/paymentdiscounter.com\/?post_type=product&#038;p=14612"},"modified":"2024-01-11T22:26:24","modified_gmt":"2024-01-11T22:26:24","slug":"verifone-vx520-placa-trasera-tailwind-40mm","status":"publish","type":"product","link":"https:\/\/paymentdiscounter.com\/es\/producto\/verifone-vx520-placa-trasera-tailwind-40mm\/","title":{"rendered":"Verifone Placa posterior VX520 de 40 mm"},"content":{"rendered":"","protected":false},"excerpt":{"rendered":"<p>La Verifone VX520 Backplate 40mm es una placa de montaje que se utiliza para fijar la m\u00e1quina al poste de pago. Fije f\u00e1cilmente la Backplate a la parte inferior del terminal de pago y encaje el terminal de pago en el soporte.<\/p>\n<p>Utilizando un est\u00e1ndar Tailwind evitar\u00e1s da\u00f1os y costosas reparaciones.<\/p>","protected":false},"featured_media":14613,"comment_status":"closed","ping_status":"closed","template":"","meta":[],"product_cat":[791,796],"product_tag":[1893,1894,1326,776,1928],"acf":[],"_links":{"self":[{"href":"https:\/\/paymentdiscounter.com\/es\/wp-json\/wp\/v2\/product\/14612"}],"collection":[{"href":"https:\/\/paymentdiscounter.com\/es\/wp-json\/wp\/v2\/product"}],"about":[{"href":"https:\/\/paymentdiscounter.com\/es\/wp-json\/wp\/v2\/types\/product"}],"replies":[{"embeddable":true,"href":"https:\/\/paymentdiscounter.com\/es\/wp-json\/wp\/v2\/comments?post=14612"}],"version-history":[{"count":4,"href":"https:\/\/paymentdiscounter.com\/es\/wp-json\/wp\/v2\/product\/14612\/revisions"}],"predecessor-version":[{"id":26285,"href":"https:\/\/paymentdiscounter.com\/es\/wp-json\/wp\/v2\/product\/14612\/revisions\/26285"}],"wp:featuredmedia":[{"embeddable":true,"href":"https:\/\/paymentdiscounter.com\/es\/wp-json\/wp\/v2\/media\/14613"}],"wp:attachment":[{"href":"https:\/\/paymentdiscounter.com\/es\/wp-json\/wp\/v2\/media?parent=14612"}],"wp:term":[{"taxonomy":"product_cat","embeddable":true,"href":"https:\/\/paymentdiscounter.com\/es\/wp-json\/wp\/v2\/product_cat?post=14612"},{"taxonomy":"product_tag","embeddable":true,"href":"https:\/\/paymentdiscounter.com\/es\/wp-json\/wp\/v2\/product_tag?post=14612"}],"curies":[{"name":"wp","href":"https:\/\/api.w.org\/{rel}","templated":true}]}}