{"id":14593,"date":"2022-05-26T13:10:55","date_gmt":"2022-05-26T13:10:55","guid":{"rendered":"https:\/\/paymentdiscounter.com\/?post_type=product&#038;p=14593"},"modified":"2024-03-05T01:03:33","modified_gmt":"2024-03-05T01:03:33","slug":"verifone-p400-copia-de-la-placa-posterior","status":"publish","type":"product","link":"https:\/\/paymentdiscounter.com\/es\/producto\/verifone-p400-copia-de-la-placa-posterior\/","title":{"rendered":"Verifone P400 Placa posterior"},"content":{"rendered":"","protected":false},"excerpt":{"rendered":"<p>La Verifone P400 Backplate es una placa de montaje que se utiliza para fijar la m\u00e1quina al poste de pago. Fije f\u00e1cilmente la Backplate a la parte inferior del terminal de pago y encaje el terminal de pago en el soporte.<\/p>\n<p>Utilizando un est\u00e1ndar Tailwind evitar\u00e1s da\u00f1os y costosas reparaciones.<\/p>","protected":false},"featured_media":14594,"comment_status":"closed","ping_status":"closed","template":"","meta":[],"product_cat":[791,824],"product_tag":[1893,3340,1894,1326,776,3338,821],"acf":[],"_links":{"self":[{"href":"https:\/\/paymentdiscounter.com\/es\/wp-json\/wp\/v2\/product\/14593"}],"collection":[{"href":"https:\/\/paymentdiscounter.com\/es\/wp-json\/wp\/v2\/product"}],"about":[{"href":"https:\/\/paymentdiscounter.com\/es\/wp-json\/wp\/v2\/types\/product"}],"replies":[{"embeddable":true,"href":"https:\/\/paymentdiscounter.com\/es\/wp-json\/wp\/v2\/comments?post=14593"}],"version-history":[{"count":4,"href":"https:\/\/paymentdiscounter.com\/es\/wp-json\/wp\/v2\/product\/14593\/revisions"}],"predecessor-version":[{"id":26289,"href":"https:\/\/paymentdiscounter.com\/es\/wp-json\/wp\/v2\/product\/14593\/revisions\/26289"}],"wp:featuredmedia":[{"embeddable":true,"href":"https:\/\/paymentdiscounter.com\/es\/wp-json\/wp\/v2\/media\/14594"}],"wp:attachment":[{"href":"https:\/\/paymentdiscounter.com\/es\/wp-json\/wp\/v2\/media?parent=14593"}],"wp:term":[{"taxonomy":"product_cat","embeddable":true,"href":"https:\/\/paymentdiscounter.com\/es\/wp-json\/wp\/v2\/product_cat?post=14593"},{"taxonomy":"product_tag","embeddable":true,"href":"https:\/\/paymentdiscounter.com\/es\/wp-json\/wp\/v2\/product_tag?post=14593"}],"curies":[{"name":"wp","href":"https:\/\/api.w.org\/{rel}","templated":true}]}}