{"id":14552,"date":"2022-05-25T21:18:37","date_gmt":"2022-05-25T21:18:37","guid":{"rendered":"https:\/\/paymentdiscounter.com\/?post_type=product&#038;p=14552"},"modified":"2026-03-07T11:53:08","modified_gmt":"2026-03-07T11:53:08","slug":"ingenico-lane-5000-tailwind-backplate","status":"publish","type":"product","link":"https:\/\/paymentdiscounter.com\/es\/producto\/ingenico-lane-5000-tailwind-backplate\/","title":{"rendered":"Ingenico Placa posterior Lane 5000"},"content":{"rendered":"","protected":false},"excerpt":{"rendered":"<p>El Ingenico Lane 5000 Backplate es una placa de montaje que se utiliza para fijar la m\u00e1quina al poste de pago. Acople f\u00e1cilmente la Backplate a la parte inferior del terminal de pago y encaje el terminal de pago en el soporte.<\/p>\n<p>Utilizando un est\u00e1ndar Tailwind evitar\u00e1s da\u00f1os y costosas reparaciones.<\/p>","protected":false},"featured_media":14557,"comment_status":"open","ping_status":"closed","template":"","meta":[],"product_cat":[705,1333],"product_tag":[1893,703,1334,1894,1326],"acf":[],"_links":{"self":[{"href":"https:\/\/paymentdiscounter.com\/es\/wp-json\/wp\/v2\/product\/14552"}],"collection":[{"href":"https:\/\/paymentdiscounter.com\/es\/wp-json\/wp\/v2\/product"}],"about":[{"href":"https:\/\/paymentdiscounter.com\/es\/wp-json\/wp\/v2\/types\/product"}],"replies":[{"embeddable":true,"href":"https:\/\/paymentdiscounter.com\/es\/wp-json\/wp\/v2\/comments?post=14552"}],"version-history":[{"count":3,"href":"https:\/\/paymentdiscounter.com\/es\/wp-json\/wp\/v2\/product\/14552\/revisions"}],"predecessor-version":[{"id":15635,"href":"https:\/\/paymentdiscounter.com\/es\/wp-json\/wp\/v2\/product\/14552\/revisions\/15635"}],"wp:featuredmedia":[{"embeddable":true,"href":"https:\/\/paymentdiscounter.com\/es\/wp-json\/wp\/v2\/media\/14557"}],"wp:attachment":[{"href":"https:\/\/paymentdiscounter.com\/es\/wp-json\/wp\/v2\/media?parent=14552"}],"wp:term":[{"taxonomy":"product_cat","embeddable":true,"href":"https:\/\/paymentdiscounter.com\/es\/wp-json\/wp\/v2\/product_cat?post=14552"},{"taxonomy":"product_tag","embeddable":true,"href":"https:\/\/paymentdiscounter.com\/es\/wp-json\/wp\/v2\/product_tag?post=14552"}],"curies":[{"name":"wp","href":"https:\/\/api.w.org\/{rel}","templated":true}]}}