{"id":14514,"date":"2022-05-25T11:11:01","date_gmt":"2022-05-25T11:11:01","guid":{"rendered":"https:\/\/paymentdiscounter.com\/?post_type=product&#038;p=14514"},"modified":"2023-07-22T22:04:39","modified_gmt":"2023-07-22T22:04:39","slug":"ingenico-desk-5000-placa-trasera","status":"publish","type":"product","link":"https:\/\/paymentdiscounter.com\/es\/producto\/ingenico-desk-5000-placa-trasera\/","title":{"rendered":"Ingenico Placa posterior Desk 5000"},"content":{"rendered":"","protected":false},"excerpt":{"rendered":"<p>El Ingenico Desk 5000 tailwind ped pack Backplate es una placa de montaje que se utiliza para fijar la m\u00e1quina al poste de pago. Fije f\u00e1cilmente el Backplate a la parte inferior del terminal de pago y encaje el terminal de pago en el soporte.<\/p>\n<p>Utilizando un est\u00e1ndar Tailwind evitar\u00e1s da\u00f1os y costosas reparaciones.<\/p>","protected":false},"featured_media":14515,"comment_status":"open","ping_status":"closed","template":"","meta":[],"product_cat":[705,827],"product_tag":[1893,703,1161,1894,1326],"acf":[],"_links":{"self":[{"href":"https:\/\/paymentdiscounter.com\/es\/wp-json\/wp\/v2\/product\/14514"}],"collection":[{"href":"https:\/\/paymentdiscounter.com\/es\/wp-json\/wp\/v2\/product"}],"about":[{"href":"https:\/\/paymentdiscounter.com\/es\/wp-json\/wp\/v2\/types\/product"}],"replies":[{"embeddable":true,"href":"https:\/\/paymentdiscounter.com\/es\/wp-json\/wp\/v2\/comments?post=14514"}],"version-history":[{"count":3,"href":"https:\/\/paymentdiscounter.com\/es\/wp-json\/wp\/v2\/product\/14514\/revisions"}],"predecessor-version":[{"id":15648,"href":"https:\/\/paymentdiscounter.com\/es\/wp-json\/wp\/v2\/product\/14514\/revisions\/15648"}],"wp:featuredmedia":[{"embeddable":true,"href":"https:\/\/paymentdiscounter.com\/es\/wp-json\/wp\/v2\/media\/14515"}],"wp:attachment":[{"href":"https:\/\/paymentdiscounter.com\/es\/wp-json\/wp\/v2\/media?parent=14514"}],"wp:term":[{"taxonomy":"product_cat","embeddable":true,"href":"https:\/\/paymentdiscounter.com\/es\/wp-json\/wp\/v2\/product_cat?post=14514"},{"taxonomy":"product_tag","embeddable":true,"href":"https:\/\/paymentdiscounter.com\/es\/wp-json\/wp\/v2\/product_tag?post=14514"}],"curies":[{"name":"wp","href":"https:\/\/api.w.org\/{rel}","templated":true}]}}