{"id":14479,"date":"2022-05-24T17:28:44","date_gmt":"2022-05-24T17:28:44","guid":{"rendered":"https:\/\/paymentdiscounter.com\/?post_type=product&#038;p=14479"},"modified":"2023-04-21T10:53:45","modified_gmt":"2023-04-21T10:53:45","slug":"sunmi-v2s-plus","status":"publish","type":"product","link":"https:\/\/paymentdiscounter.com\/es\/producto\/sunmi-v2s-plus\/","title":{"rendered":"SUNMI V2s PLUS"},"content":{"rendered":"<p>El Sunmi V2s Plus es un terminal m\u00f3vil inteligente que supera los l\u00edmites para ayudarle a conseguir m\u00e1s. Tanto si se dedica al reparto como al almacenamiento, la venta de loter\u00eda, el comercio minorista o el mayorista. El V2s Plus es el dispositivo perfecto para ayudarle a llevar su negocio al siguiente nivel. Con sus innovadoras funciones y su dise\u00f1o superior, el V2s Plus cambia las reglas del juego en el mundo de los terminales m\u00f3viles.<\/p>\n<p><strong>Entrega, almacenamiento, venta de loter\u00eda y comercio minorista<\/strong><br \/>\nEl V2s Plus es un dispositivo vers\u00e1til que puede utilizarse en diversos sectores. Gracias a su capacidad para escanear c\u00f3digos de barras e imprimir etiquetas de entrega, el V2s Plus es la herramienta perfecta para el servicio de campo. Ya no es necesario llevar una PDA y una impresora Bluetooth, ya que el V2s Plus lo hace todo. Adem\u00e1s, el V2s Plus puede recopilar y cargar informaci\u00f3n sobre art\u00edculos e imprimir etiquetas de art\u00edculos, lo que garantiza que su inventario est\u00e9 siempre actualizado. El dise\u00f1o compacto del V2s Plus lo hace ideal para la venta de loter\u00eda, dejando m\u00e1s espacio para la mercanc\u00eda y aumentando los beneficios. Para los comercios minoristas, el V2s Plus facilita el acceso a la informaci\u00f3n sobre art\u00edculos y promociones, y los clientes pueden escanear para pagar en lugar de esperar en una larga cola de caja.<\/p>\n<p><strong>Innovaci\u00f3n y nuevos complementos<\/strong><br \/>\nEl V2s Plus siempre est\u00e1 superando los l\u00edmites de la innovaci\u00f3n y los nuevos complementos no son una excepci\u00f3n. La versi\u00f3n est\u00e1ndar del V2s Plus viene con 2 GB de RAM y 16 GB de ROM, mientras que la versi\u00f3n con esc\u00e1ner y la versi\u00f3n GMS vienen con 3 GB de RAM y 32 GB de ROM. Adem\u00e1s, el V2s Plus incorpora una impresora de 80 mm, lo que lo convierte en el primer dispositivo port\u00e1til que integra una impresora de este tipo. Esta impresora permite imprimir recibos, etiquetas y marcas negras con facilidad. La pantalla de 6,22\u2033 con dise\u00f1o de muesca de gota de agua proporciona la mejor experiencia visual, mientras que la c\u00e1mara frontal \u00e1gil permite la identificaci\u00f3n de los empleados y los pagos mediante reconocimiento facial. La c\u00e1mara trasera HD viene con opciones de 5MP y 13MP que facilitan la realizaci\u00f3n de pagos basados en c\u00f3digos de barras y fotos de prueba.<\/p>\n<p><strong>De guardia, las veinticuatro horas del d\u00eda<\/strong><br \/>\nEl V2s Plus est\u00e1 dise\u00f1ado para funcionar las 24 horas del d\u00eda. Con su bater\u00eda extra\u00edble de gran capacidad de 7,7V\/3500mAh, el V2s Plus puede durar hasta 14 d\u00edas en modo de espera y m\u00e1s de 16 horas en uso continuo. El chip inteligente incorporado est\u00e1 equipado con el algoritmo Sunmi para prolongar la duraci\u00f3n de la bater\u00eda, asegur\u00e1ndose de que tu dispositivo dure tanto como necesites.<\/p>\n<p><strong>Dise\u00f1o superior<\/strong><br \/>\nEl V2s Plus ha ganado el premio Red Dot Design Award y es f\u00e1cil ver por qu\u00e9. El dispositivo incorpora botones de color naranja para darle un toque de vitalidad y facilidad de uso, y el indicador LED permite comprobar el nivel de carga de la bater\u00eda de un vistazo. Con s\u00f3lo 16,5 mm en su parte m\u00e1s delgada y 535 g de peso, la V2s Plus es m\u00e1s ligera que una botella de agua, lo que facilita su transporte all\u00e1 donde vayas. La cubierta transl\u00facida de la impresora con tiras met\u00e1licas permite comprobar los niveles del rollo de papel sin sacrificar el dise\u00f1o del dispositivo y el fijador del rollo de papel permite cargar rollos de impresi\u00f3n de 60 a 80 mm de ancho. La cubierta de la impresora est\u00e1 dise\u00f1ada con una hebilla para evitar que se abra accidentalmente durante su uso.<\/p>","protected":false},"excerpt":{"rendered":"<p>El Sunmi V2s Plus es un terminal m\u00f3vil inteligente que supera los l\u00edmites para ayudarle a conseguir m\u00e1s. Tanto si se dedica al reparto como al almacenamiento, la venta de loter\u00eda, el comercio minorista o el mayorista. El V2s Plus es el dispositivo perfecto para ayudarle a llevar su negocio al siguiente nivel. Con sus innovadoras funciones y su dise\u00f1o superior, el V2s Plus cambia las reglas del juego en el mundo de los terminales m\u00f3viles.<\/p>","protected":false},"featured_media":14495,"comment_status":"open","ping_status":"closed","template":"","meta":[],"product_cat":[1555,1706],"product_tag":[1791,715,944,1436,1874,1890],"acf":[],"_links":{"self":[{"href":"https:\/\/paymentdiscounter.com\/es\/wp-json\/wp\/v2\/product\/14479"}],"collection":[{"href":"https:\/\/paymentdiscounter.com\/es\/wp-json\/wp\/v2\/product"}],"about":[{"href":"https:\/\/paymentdiscounter.com\/es\/wp-json\/wp\/v2\/types\/product"}],"replies":[{"embeddable":true,"href":"https:\/\/paymentdiscounter.com\/es\/wp-json\/wp\/v2\/comments?post=14479"}],"version-history":[{"count":6,"href":"https:\/\/paymentdiscounter.com\/es\/wp-json\/wp\/v2\/product\/14479\/revisions"}],"predecessor-version":[{"id":19955,"href":"https:\/\/paymentdiscounter.com\/es\/wp-json\/wp\/v2\/product\/14479\/revisions\/19955"}],"wp:featuredmedia":[{"embeddable":true,"href":"https:\/\/paymentdiscounter.com\/es\/wp-json\/wp\/v2\/media\/14495"}],"wp:attachment":[{"href":"https:\/\/paymentdiscounter.com\/es\/wp-json\/wp\/v2\/media?parent=14479"}],"wp:term":[{"taxonomy":"product_cat","embeddable":true,"href":"https:\/\/paymentdiscounter.com\/es\/wp-json\/wp\/v2\/product_cat?post=14479"},{"taxonomy":"product_tag","embeddable":true,"href":"https:\/\/paymentdiscounter.com\/es\/wp-json\/wp\/v2\/product_tag?post=14479"}],"curies":[{"name":"wp","href":"https:\/\/api.w.org\/{rel}","templated":true}]}}