{"id":12623,"date":"2022-04-18T08:41:34","date_gmt":"2022-04-18T08:41:34","guid":{"rendered":"https:\/\/paymentdiscounter.com\/?post_type=product&#038;p=12623"},"modified":"2026-03-07T11:53:09","modified_gmt":"2026-03-07T11:53:09","slug":"bateria-nexgo-n86","status":"publish","type":"product","link":"https:\/\/paymentdiscounter.com\/es\/producto\/bateria-nexgo-n86\/","title":{"rendered":"Bater\u00eda Nexgo N86"},"content":{"rendered":"<p><strong>Bater\u00eda Nexgo N86<\/strong><br \/>\nEn general, la bater\u00eda dura unos 2-3 a\u00f1os o 300 ciclos de carga completos. Dado que los empresarios a veces tienen pagos con tarjetas de hasta 50%, es importante que siempre tenga la bater\u00eda llena. No poder aceptar pagos m\u00f3viles puede suponer una p\u00e9rdida de ingresos. Por ello, siempre es aconsejable tener a mano una bater\u00eda de repuesto y cargada. Por si acaso.<\/p>\n<p><strong>Cargar la bater\u00eda<\/strong><br \/>\nEs mejor cargar la bater\u00eda con la mayor frecuencia posible. Si completa el ciclo de carga completo de 0% a 100%, la capacidad m\u00e1xima disminuye m\u00e1s que por diez ciclos de carga cortos de 90% a 100%. Si la temperatura ambiente es inferior a 0 \u00b0 C, es aconsejable no recargar la bater\u00eda. Es posible que los procesos qu\u00edmicos provoquen un cortocircuito que da\u00f1e su terminal de pago. Esto tambi\u00e9n se aplica si la temperatura de su entorno es superior a 40 \u00b0 C.<\/p>\n<p>Es muy posible que la bater\u00eda se sobrecaliente y se produzcan da\u00f1os si la carga no se realiza correctamente. La bater\u00eda del Nexgo N86 contiene un sensor de temperatura que garantiza que no se cargue si la temperatura es inferior a 0 \u00b0C y superior a 60 \u00b0C. Para garantizar que la bater\u00eda muestra los valores correctos, debe realizar una calibraci\u00f3n de la bater\u00eda cada tres meses.<\/p>\n<p><strong>Descarga<\/strong><br \/>\nSi la capacidad es inferior a 10%, puede producirse una descarga profunda. En este caso, se produce un cortocircuito, tras lo cual el terminal de pago indica autom\u00e1ticamente un mensaje de fallo (tamper) en muchos casos.<\/p>\n<p><strong>Almacenamiento en bater\u00eda<\/strong><br \/>\nSi desea almacenar la bater\u00eda, es mejor dejarla cargada para 40%. La bater\u00eda durar\u00e1 m\u00e1s y no envejecer\u00e1 tan r\u00e1pido. Encontrar\u00e1 m\u00e1s informaci\u00f3n sobre la colocaci\u00f3n correcta de la bater\u00eda y su mantenimiento en la gu\u00eda Nexgo.<\/p>","protected":false},"excerpt":{"rendered":"<p>La bater\u00eda del Nexgo N86 es f\u00e1cil de sustituir y puede durar varios a\u00f1os si se utiliza correctamente. Si observa que el terminal puede imprimir cada vez menos transacciones con la misma bater\u00eda, pero muestra una bater\u00eda completamente cargada, entonces probablemente sea prudente reemplazarlo.<\/p>","protected":false},"featured_media":12626,"comment_status":"open","ping_status":"closed","template":"","meta":[],"product_cat":[1248,1547],"product_tag":[681,1315,1548,751],"acf":[],"_links":{"self":[{"href":"https:\/\/paymentdiscounter.com\/es\/wp-json\/wp\/v2\/product\/12623"}],"collection":[{"href":"https:\/\/paymentdiscounter.com\/es\/wp-json\/wp\/v2\/product"}],"about":[{"href":"https:\/\/paymentdiscounter.com\/es\/wp-json\/wp\/v2\/types\/product"}],"replies":[{"embeddable":true,"href":"https:\/\/paymentdiscounter.com\/es\/wp-json\/wp\/v2\/comments?post=12623"}],"version-history":[{"count":3,"href":"https:\/\/paymentdiscounter.com\/es\/wp-json\/wp\/v2\/product\/12623\/revisions"}],"predecessor-version":[{"id":29082,"href":"https:\/\/paymentdiscounter.com\/es\/wp-json\/wp\/v2\/product\/12623\/revisions\/29082"}],"wp:featuredmedia":[{"embeddable":true,"href":"https:\/\/paymentdiscounter.com\/es\/wp-json\/wp\/v2\/media\/12626"}],"wp:attachment":[{"href":"https:\/\/paymentdiscounter.com\/es\/wp-json\/wp\/v2\/media?parent=12623"}],"wp:term":[{"taxonomy":"product_cat","embeddable":true,"href":"https:\/\/paymentdiscounter.com\/es\/wp-json\/wp\/v2\/product_cat?post=12623"},{"taxonomy":"product_tag","embeddable":true,"href":"https:\/\/paymentdiscounter.com\/es\/wp-json\/wp\/v2\/product_tag?post=12623"}],"curies":[{"name":"wp","href":"https:\/\/api.w.org\/{rel}","templated":true}]}}