{"id":12597,"date":"2022-04-17T22:36:06","date_gmt":"2022-04-17T22:36:06","guid":{"rendered":"https:\/\/paymentdiscounter.com\/?post_type=product&#038;p=12597"},"modified":"2026-03-07T11:53:09","modified_gmt":"2026-03-07T11:53:09","slug":"fuente-de-alimentacion-nexgo-n86","status":"publish","type":"product","link":"https:\/\/paymentdiscounter.com\/es\/producto\/fuente-de-alimentacion-nexgo-n86\/","title":{"rendered":"Nexgo N86 Fuente de alimentaci\u00f3n"},"content":{"rendered":"<p>Nexgo N86 Fuente de alimentaci\u00f3n<br \/>\nNecesita un cargador para cargar el terminal de pago. \u00c9ste se incluye de serie con la compra de su terminal de pago. Sin embargo, con el tiempo o tras un uso frecuente, pueden producirse roturas. Dado que la fuente de alimentaci\u00f3n es esencial para el funcionamiento del terminal de pago, una fuente de alimentaci\u00f3n defectuosa es una situaci\u00f3n dif\u00edcil. Al fin y al cabo, sin cargador no se puede recargar el terminal de pago, lo que puede provocar p\u00e9rdidas de facturaci\u00f3n.<\/p>\n<p>El Nexgo N86 es un terminal de pago compacto y f\u00e1cil de usar, ideal para comerciantes y empresarios independientes con una ubicaci\u00f3n fija.<\/p>\n<p>Utilice la fuente de alimentaci\u00f3n Nexgo N86:<br \/>\n- Vincul\u00e1ndolo directamente a tu terminal<br \/>\n- En combinaci\u00f3n con una estaci\u00f3n de acoplamiento Nexgo<\/p>","protected":false},"excerpt":{"rendered":"<p>La fuente de alimentaci\u00f3n para el Nexgo N86 se ha desarrollado especialmente para su uso con terminales Nexgo. Se trata de un cargador original que puede acoplarse f\u00e1cilmente a su terminal de pago o estaci\u00f3n de acoplamiento. Pida su terminal de pago r\u00e1pida y f\u00e1cilmente en l\u00ednea.<\/p>\n<h1 style=\"color: #37557a; font-size: 12px;\">*s\u00f3lo cargador. terminal no incluido<\/h1>","protected":false},"featured_media":12613,"comment_status":"open","ping_status":"closed","template":"","meta":[],"product_cat":[1248,1547],"product_tag":[690,1315,1548,751],"acf":[],"_links":{"self":[{"href":"https:\/\/paymentdiscounter.com\/es\/wp-json\/wp\/v2\/product\/12597"}],"collection":[{"href":"https:\/\/paymentdiscounter.com\/es\/wp-json\/wp\/v2\/product"}],"about":[{"href":"https:\/\/paymentdiscounter.com\/es\/wp-json\/wp\/v2\/types\/product"}],"replies":[{"embeddable":true,"href":"https:\/\/paymentdiscounter.com\/es\/wp-json\/wp\/v2\/comments?post=12597"}],"version-history":[{"count":5,"href":"https:\/\/paymentdiscounter.com\/es\/wp-json\/wp\/v2\/product\/12597\/revisions"}],"predecessor-version":[{"id":29080,"href":"https:\/\/paymentdiscounter.com\/es\/wp-json\/wp\/v2\/product\/12597\/revisions\/29080"}],"wp:featuredmedia":[{"embeddable":true,"href":"https:\/\/paymentdiscounter.com\/es\/wp-json\/wp\/v2\/media\/12613"}],"wp:attachment":[{"href":"https:\/\/paymentdiscounter.com\/es\/wp-json\/wp\/v2\/media?parent=12597"}],"wp:term":[{"taxonomy":"product_cat","embeddable":true,"href":"https:\/\/paymentdiscounter.com\/es\/wp-json\/wp\/v2\/product_cat?post=12597"},{"taxonomy":"product_tag","embeddable":true,"href":"https:\/\/paymentdiscounter.com\/es\/wp-json\/wp\/v2\/product_tag?post=12597"}],"curies":[{"name":"wp","href":"https:\/\/api.w.org\/{rel}","templated":true}]}}