{"id":12572,"date":"2022-04-17T20:16:45","date_gmt":"2022-04-17T20:16:45","guid":{"rendered":"https:\/\/paymentdiscounter.com\/?post_type=product&#038;p=12572"},"modified":"2024-03-05T01:08:27","modified_gmt":"2024-03-05T01:08:27","slug":"verifone-vx820-placa-adaptadora","status":"publish","type":"product","link":"https:\/\/paymentdiscounter.com\/es\/producto\/verifone-vx820-placa-adaptadora\/","title":{"rendered":"Verifone Placa adaptadora Vx820"},"content":{"rendered":"<p>La placa adaptadora verifone vx820 garantiza que el terminal de pago tenga un soporte firme y est\u00e9 ligeramente elevado. As\u00ed se evitan da\u00f1os por l\u00edquidos y agua y el terminal de pago se mantiene en buen estado durante m\u00e1s tiempo.<\/p>\n<p>En la parte inferior de la placa adaptadora hay varios pies de goma que proporcionan un agarre adicional. Esta placa adaptadora es compatible con los soportes Verifone Vx820 de CCV.<\/p>","protected":false},"excerpt":{"rendered":"<p>La placa adaptadora verifone vx820 garantiza que el terminal de pago tenga un soporte firme y est\u00e9 ligeramente elevado. As\u00ed se evitan da\u00f1os por l\u00edquidos y agua y el terminal de pago se mantiene en buen estado durante m\u00e1s tiempo.<\/p>\n<p>En la parte inferior de la placa adaptadora hay varios pies de goma que proporcionan un agarre adicional. Esta placa adaptadora es compatible con los soportes Verifone vx820 de CCV.<\/p>","protected":false},"featured_media":12574,"comment_status":"closed","ping_status":"closed","template":"","meta":[],"product_cat":[791,780],"product_tag":[1542,873,888,776,3338,781],"acf":[],"_links":{"self":[{"href":"https:\/\/paymentdiscounter.com\/es\/wp-json\/wp\/v2\/product\/12572"}],"collection":[{"href":"https:\/\/paymentdiscounter.com\/es\/wp-json\/wp\/v2\/product"}],"about":[{"href":"https:\/\/paymentdiscounter.com\/es\/wp-json\/wp\/v2\/types\/product"}],"replies":[{"embeddable":true,"href":"https:\/\/paymentdiscounter.com\/es\/wp-json\/wp\/v2\/comments?post=12572"}],"version-history":[{"count":4,"href":"https:\/\/paymentdiscounter.com\/es\/wp-json\/wp\/v2\/product\/12572\/revisions"}],"predecessor-version":[{"id":26292,"href":"https:\/\/paymentdiscounter.com\/es\/wp-json\/wp\/v2\/product\/12572\/revisions\/26292"}],"wp:featuredmedia":[{"embeddable":true,"href":"https:\/\/paymentdiscounter.com\/es\/wp-json\/wp\/v2\/media\/12574"}],"wp:attachment":[{"href":"https:\/\/paymentdiscounter.com\/es\/wp-json\/wp\/v2\/media?parent=12572"}],"wp:term":[{"taxonomy":"product_cat","embeddable":true,"href":"https:\/\/paymentdiscounter.com\/es\/wp-json\/wp\/v2\/product_cat?post=12572"},{"taxonomy":"product_tag","embeddable":true,"href":"https:\/\/paymentdiscounter.com\/es\/wp-json\/wp\/v2\/product_tag?post=12572"}],"curies":[{"name":"wp","href":"https:\/\/api.w.org\/{rel}","templated":true}]}}