{"id":12229,"date":"2022-04-14T08:43:45","date_gmt":"2022-04-14T08:43:45","guid":{"rendered":"https:\/\/paymentdiscounter.com\/?post_type=product&#038;p=12229"},"modified":"2026-03-07T11:53:07","modified_gmt":"2026-03-07T11:53:07","slug":"funda-protectora-pax-a77","status":"publish","type":"product","link":"https:\/\/paymentdiscounter.com\/es\/producto\/funda-protectora-pax-a77\/","title":{"rendered":"Funda protectora Pax A77 Blanco"},"content":{"rendered":"<p><strong>Funda protectora Pax A77<\/strong><br \/>\nSi recibe regularmente pagos con tarjeta de d\u00e9bito en lugares como el Mercado o en casa de la gente, utilizar una funda protectora Pax A77 puede ser muy \u00fatil. De esta forma, su m\u00e1quina estar\u00e1 a\u00fan mejor protegida contra accidentes y da\u00f1os y evitar\u00e1 aver\u00edas en su terminal de pago Pax. La funda protectora est\u00e1 fabricada en silicona, lo que facilita su sujeci\u00f3n y le proporciona un mejor agarre del terminal.<\/p>\n<p><strong>Destinatarios<\/strong><br \/>\nEl Pax A77 es un terminal de pago utilizado principalmente por empresarios que aceptan peque\u00f1as cantidades de transacciones al d\u00eda. El grupo destinatario est\u00e1 formado principalmente por comerciantes de mercado, mensajeros, aut\u00f3nomos y taxistas. Dado que este grupo destinatario no suele depender de una ubicaci\u00f3n fija, el terminal se utiliza regularmente para realizar pagos in situ. Por lo tanto, se recomienda utilizar una funda o estuche para evitar da\u00f1os durante el trayecto.<\/p>\n<p><strong>Nuevas mejoras<\/strong><br \/>\nLa cubierta protectora del Pax A77 tiene los laterales elevados, lo que significa que es menos probable que se produzcan da\u00f1os si el terminal se le resbala de la mano. Adem\u00e1s, las entradas del terminal est\u00e1n selladas con una junta de goma. De este modo, el agua, los l\u00edquidos o la suciedad se acumulan con menos rapidez, por lo que el terminal de pago se mantiene en buen estado durante m\u00e1s tiempo.<\/p>\n<p>No es necesario retirar la cubierta protectora antes de efectuar un pago. La cubierta protectora se ha desarrollado de forma que sea f\u00e1cil de usar durante todo el d\u00eda. Al final del d\u00eda puede retirar f\u00e1cilmente la cubierta protectora y limpiarla bajo el grifo.<\/p>\n<p>&nbsp;<\/p>","protected":false},"excerpt":{"rendered":"<p>Con la funda protectora Pax A77 se asegurar\u00e1 de que su terminal de pago m\u00f3vil est\u00e9 mejor protegido contra el agua, los golpes y los da\u00f1os por ca\u00eddas. El uso de una funda protectora de silicona para terminal de pago puede evitar da\u00f1os o la sustituci\u00f3n de su lector y es una forma sencilla de mantener su terminal de pago durante m\u00e1s tiempo en buen estado.<\/p>\n<p><strong>10% descuento extra al comprar 10 piezas<\/strong><br \/>\nC\u00f3digo de descuento: A77-10<\/p>","protected":false},"featured_media":12235,"comment_status":"open","ping_status":"closed","template":"","meta":[],"product_cat":[730,1482],"product_tag":[3334,1537,3840,901,728,1438,1538,2611,1536,891,735,3844,996],"acf":[],"_links":{"self":[{"href":"https:\/\/paymentdiscounter.com\/es\/wp-json\/wp\/v2\/product\/12229"}],"collection":[{"href":"https:\/\/paymentdiscounter.com\/es\/wp-json\/wp\/v2\/product"}],"about":[{"href":"https:\/\/paymentdiscounter.com\/es\/wp-json\/wp\/v2\/types\/product"}],"replies":[{"embeddable":true,"href":"https:\/\/paymentdiscounter.com\/es\/wp-json\/wp\/v2\/comments?post=12229"}],"version-history":[{"count":11,"href":"https:\/\/paymentdiscounter.com\/es\/wp-json\/wp\/v2\/product\/12229\/revisions"}],"predecessor-version":[{"id":36634,"href":"https:\/\/paymentdiscounter.com\/es\/wp-json\/wp\/v2\/product\/12229\/revisions\/36634"}],"wp:featuredmedia":[{"embeddable":true,"href":"https:\/\/paymentdiscounter.com\/es\/wp-json\/wp\/v2\/media\/12235"}],"wp:attachment":[{"href":"https:\/\/paymentdiscounter.com\/es\/wp-json\/wp\/v2\/media?parent=12229"}],"wp:term":[{"taxonomy":"product_cat","embeddable":true,"href":"https:\/\/paymentdiscounter.com\/es\/wp-json\/wp\/v2\/product_cat?post=12229"},{"taxonomy":"product_tag","embeddable":true,"href":"https:\/\/paymentdiscounter.com\/es\/wp-json\/wp\/v2\/product_tag?post=12229"}],"curies":[{"name":"wp","href":"https:\/\/api.w.org\/{rel}","templated":true}]}}