{"id":10553,"date":"2021-12-16T19:39:00","date_gmt":"2021-12-16T19:39:00","guid":{"rendered":"https:\/\/paymentdiscounter.com\/?post_type=product&#038;p=10553"},"modified":"2025-10-31T16:51:40","modified_gmt":"2025-10-31T16:51:40","slug":"worldline-yoximo-cargador-de-fuente-de-alimentacion","status":"publish","type":"product","link":"https:\/\/paymentdiscounter.com\/es\/producto\/worldline-yoximo-cargador-de-fuente-de-alimentacion\/","title":{"rendered":"Worldline yoximo Fuente de alimentaci\u00f3n Cargador"},"content":{"rendered":"","protected":false},"excerpt":{"rendered":"<p>La fuente de alimentaci\u00f3n para el yoximo Worldline se ha desarrollado especialmente para su uso con terminales de pago Worldline. Se trata de un cargador original que puede acoplarse f\u00e1cilmente a su terminal de pago o estaci\u00f3n de acoplamiento. Pida su terminal online de forma r\u00e1pida y sencilla.<\/p>","protected":false},"featured_media":10554,"comment_status":"open","ping_status":"closed","template":"","meta":[],"product_cat":[804,835],"product_tag":[690,751,933,3342,1344,1367,3346],"acf":[],"_links":{"self":[{"href":"https:\/\/paymentdiscounter.com\/es\/wp-json\/wp\/v2\/product\/10553"}],"collection":[{"href":"https:\/\/paymentdiscounter.com\/es\/wp-json\/wp\/v2\/product"}],"about":[{"href":"https:\/\/paymentdiscounter.com\/es\/wp-json\/wp\/v2\/types\/product"}],"replies":[{"embeddable":true,"href":"https:\/\/paymentdiscounter.com\/es\/wp-json\/wp\/v2\/comments?post=10553"}],"version-history":[{"count":8,"href":"https:\/\/paymentdiscounter.com\/es\/wp-json\/wp\/v2\/product\/10553\/revisions"}],"predecessor-version":[{"id":37260,"href":"https:\/\/paymentdiscounter.com\/es\/wp-json\/wp\/v2\/product\/10553\/revisions\/37260"}],"wp:featuredmedia":[{"embeddable":true,"href":"https:\/\/paymentdiscounter.com\/es\/wp-json\/wp\/v2\/media\/10554"}],"wp:attachment":[{"href":"https:\/\/paymentdiscounter.com\/es\/wp-json\/wp\/v2\/media?parent=10553"}],"wp:term":[{"taxonomy":"product_cat","embeddable":true,"href":"https:\/\/paymentdiscounter.com\/es\/wp-json\/wp\/v2\/product_cat?post=10553"},{"taxonomy":"product_tag","embeddable":true,"href":"https:\/\/paymentdiscounter.com\/es\/wp-json\/wp\/v2\/product_tag?post=10553"}],"curies":[{"name":"wp","href":"https:\/\/api.w.org\/{rel}","templated":true}]}}