{"id":3,"date":"2021-11-24T17:49:55","date_gmt":"2021-11-24T17:49:55","guid":{"rendered":"https:\/\/paymentdiscounter.com\/?page_id=3"},"modified":"2025-11-20T20:48:48","modified_gmt":"2025-11-20T20:48:48","slug":"politica-de-privacidad","status":"publish","type":"page","link":"https:\/\/paymentdiscounter.com\/es\/politica-de-privacidad\/","title":{"rendered":"Pol\u00edtica de privacidad"},"content":{"rendered":"<div data-elementor-type=\"wp-page\" data-elementor-id=\"3\" class=\"elementor elementor-3\" data-elementor-post-type=\"page\">\n\t\t\t\t\t\t<section class=\"elementor-section elementor-top-section elementor-element elementor-element-8f41d3f elementor-section-boxed elementor-section-height-default elementor-section-height-default\" data-id=\"8f41d3f\" data-element_type=\"section\">\n\t\t\t\t\t\t<div class=\"elementor-container elementor-column-gap-default\">\n\t\t\t\t\t<div class=\"elementor-column elementor-col-100 elementor-top-column elementor-element elementor-element-c692074\" data-id=\"c692074\" data-element_type=\"column\">\n\t\t\t<div class=\"elementor-column-wrap--c692074 elementor-widget-wrap elementor-element-populated\">\n\t\t\t\t\t\t<div class=\"elementor-element elementor-element-1d26f4a elementor-widget elementor-widget-spacer\" data-id=\"1d26f4a\" data-element_type=\"widget\" data-widget_type=\"spacer.default\">\n\t\t\t\t<div class=\"elementor-widget-container\">\n\t\t\t\t\t\t\t<div class=\"elementor-spacer\">\n\t\t\t<div class=\"elementor-spacer-inner\"><\/div>\n\t\t<\/div>\n\t\t\t\t\t\t<\/div>\n\t\t\t\t<\/div>\n\t\t\t\t<div class=\"elementor-element elementor-element-ea2b4f5 elementor-widget elementor-widget-heading\" data-id=\"ea2b4f5\" data-element_type=\"widget\" data-widget_type=\"heading.default\">\n\t\t\t\t<div class=\"elementor-widget-container\">\n\t\t\t\t\t<h2 class=\"elementor-heading-title elementor-size-default\">Pol\u00edtica de privacidad\n<\/h2>\t\t\t\t<\/div>\n\t\t\t\t<\/div>\n\t\t\t\t\t<\/div>\n\t\t<\/div>\n\t\t\t\t\t<\/div>\n\t\t<\/section>\n\t\t\t\t<section class=\"elementor-section elementor-top-section elementor-element elementor-element-e48ed7a elementor-section-boxed elementor-section-height-default elementor-section-height-default\" data-id=\"e48ed7a\" data-element_type=\"section\">\n\t\t\t\t\t\t<div class=\"elementor-container elementor-column-gap-default\">\n\t\t\t\t\t<div class=\"elementor-column elementor-col-100 elementor-top-column elementor-element elementor-element-0cfcdc9\" data-id=\"0cfcdc9\" data-element_type=\"column\">\n\t\t\t<div class=\"elementor-column-wrap--0cfcdc9 elementor-widget-wrap elementor-element-populated\">\n\t\t\t\t\t\t<div class=\"elementor-element elementor-element-0d9cf5c elementor-widget elementor-widget-spacer\" data-id=\"0d9cf5c\" data-element_type=\"widget\" data-widget_type=\"spacer.default\">\n\t\t\t\t<div class=\"elementor-widget-container\">\n\t\t\t\t\t\t\t<div class=\"elementor-spacer\">\n\t\t\t<div class=\"elementor-spacer-inner\"><\/div>\n\t\t<\/div>\n\t\t\t\t\t\t<\/div>\n\t\t\t\t<\/div>\n\t\t\t\t\t<\/div>\n\t\t<\/div>\n\t\t\t\t\t<\/div>\n\t\t<\/section>\n\t\t\t\t<section class=\"elementor-section elementor-top-section elementor-element elementor-element-47345459 elementor-section-boxed elementor-section-height-default elementor-section-height-default\" data-id=\"47345459\" data-element_type=\"section\">\n\t\t\t\t\t\t<div class=\"elementor-container elementor-column-gap-wide\">\n\t\t\t\t\t<div class=\"elementor-column elementor-col-50 elementor-top-column elementor-element elementor-element-585b38fa\" data-id=\"585b38fa\" data-element_type=\"column\">\n\t\t\t<div class=\"elementor-column-wrap--585b38fa elementor-widget-wrap elementor-element-populated\">\n\t\t\t\t\t\t<div class=\"elementor-element elementor-element-174f1b7d elementor-widget elementor-widget-text-editor\" data-id=\"174f1b7d\" data-element_type=\"widget\" data-widget_type=\"text-editor.default\">\n\t\t\t\t<div class=\"elementor-widget-container\">\n\t\t\t\t\t\t\t\t\t<p><\/p>\n<p><strong style=\"background-color: var(--body-bg-color); color: var(--body-color); font-family: var(--body-font-family),sans-serif; font-size: var(--body-font-size);\">1. General<br \/><\/strong><strong style=\"background-color: var(--body-bg-color); color: var(--body-color); font-family: var(--body-font-family),sans-serif; font-size: var(--body-font-size);\">1.1.<\/strong><span style=\"background-color: var(--body-bg-color); color: var(--body-color); font-family: var(--body-font-family),sans-serif; font-size: var(--body-font-size); font-weight: var(--body-font-weight);\"> Paymentdiscounter.com es responsable del tratamiento de los datos personales de sus Visitantes. Nuestra Declaraci\u00f3n de Privacidad describe c\u00f3mo se lleva a cabo este procesamiento de datos y para qu\u00e9 fines se procesan estos datos.<\/span><\/p>\n<p><strong>1.2.<\/strong> Al utilizar el Sitio Web www.paymentdiscounter.com, creando o no una cuenta personal o concluyendo un acuerdo con Paymentdiscounter, el visitante acepta las condiciones que se aplican a<br \/>ellos. Si un Visitante no est\u00e1 de acuerdo con esta Declaraci\u00f3n de Privacidad, se le ruega que no utilice el Sitio Web ni celebre ning\u00fan contrato.<\/p>\n<p><strong>2. Definiciones<\/strong><br \/>En esta declaraci\u00f3n de privacidad, los siguientes t\u00e9rminos tienen el siguiente significado:<\/p>\n<p>- Aplicaci\u00f3n : Todas las aplicaciones web de Paymentdiscounter<br \/>- VG : Reglamento general de protecci\u00f3n de datos<br \/>- Visitante : Todo visitante del sitio web o usuario de una aplicaci\u00f3n.<br \/>- Terceros : Partes distintas de Paymentdiscounter, la persona interesada y posiblemente un procesador.<br \/>- Declaraci\u00f3n de privacidad : esta declaraci\u00f3n de privacidad de Paymentdiscounter.<br \/>- Paymentdiscounter: El responsable del sitio web www.paymentdiscounter.com y de las aplicaciones web asociadas es CHAINSUPPLY, con domicilio social en \u00c1msterdam y registrada en la C\u00e1mara de Comercio con el n\u00famero 94665451. Paymentdiscounter es tambi\u00e9n el responsable del tratamiento a que se refiere la AVG.<\/p>\n<p>- Procesador : una organizaci\u00f3n que realiza servicios para Paymentdiscounter , incluida la transmisi\u00f3n de material impreso y trabajos de mantenimiento inform\u00e1tico.<br \/>- Sitio web : el sitio web de Paymentdiscounter, www.Paymentdiscounter.com<br \/>- Observador : la persona que se registra como observador a trav\u00e9s del sitio web y\/o la aplicaci\u00f3n. Un observador tiene una cuenta personal e inicia sesi\u00f3n con una combinaci\u00f3n \u00fanica de c\u00f3digo de observador y contrase\u00f1a.<br \/>- Contraparte : la parte con la que Paymentdiscounter celebra un acuerdo, incluidos los clientes.<\/p>\n<p><strong>3. Tratamiento de datos personales<\/strong><br \/><strong>3.1.<\/strong> Paymentdiscounter recopila datos personales de sus Visitantes que facilitan datos personales a Paymentdiscounter a trav\u00e9s del Sitio Web y\/o App en el contexto de una solicitud de (m\u00e1s) informaci\u00f3n, registro como<br \/>Observador y \/ o realizar un pedido con Paymentdiscounter. Esta recogida tiene lugar, por ejemplo, en el<br \/>siguientes casos:<\/p>\n<p><strong>3.1.1.<\/strong>\u00a0Al visitar el Sitio Web o utilizar la App, los servidores guardan autom\u00e1ticamente informaci\u00f3n, como la URL, la direcci\u00f3n IP, el tipo de navegador y el idioma, la fecha y la hora de la visita (\u201cInformaci\u00f3n del visitante\u201d).<br \/><strong>3.1.2.<\/strong> Para solicitar (m\u00e1s) informaci\u00f3n, dar su opini\u00f3n y\/o suscribirse al bolet\u00edn digital o a un curso, Paymentdiscounter procesar\u00e1 los datos de contacto facilitados por el Visitante (como nombre, direcci\u00f3n, n\u00famero de tel\u00e9fono y direcci\u00f3n de correo electr\u00f3nico).<br \/><strong>3.1.3.<\/strong> Para participar en los recuentos de aves, introducir los datos (de recuento) resultantes y ponerlos a disposici\u00f3n a trav\u00e9s del sitio web y\/o de la aplicaci\u00f3n y recibir el apoyo de Paymentdiscounter, debe crearse una cuenta personal para la que un observador:<br \/>- Requerido para proporcionar su nombre completo, direcci\u00f3n, direcci\u00f3n de correo electr\u00f3nico y contrase\u00f1a.<br \/>- Puede proporcionar opcionalmente el a\u00f1o de nacimiento, sexo y n\u00famero de tel\u00e9fono y\/o informaci\u00f3n sobre habilidades espec\u00edficas relevantes para Paymentdiscounter.<\/p>\n<p><strong>3.1.4.<\/strong> Con el fin de realizar un pedido de bienes o servicios de Paymentdiscounter o de solicitar la adhesi\u00f3n como Contraparte, Paymentdiscounter procesar\u00e1 los datos necesarios de contacto y direcci\u00f3n, as\u00ed como los datos financieros de la Contraparte correspondiente.<br \/><strong>3.2.<\/strong> Los datos personales facilitados s\u00f3lo ser\u00e1n tratados por Paymentdiscounter para el cumplimiento de sus fines.<br \/><strong>3.3.<\/strong> Paymentdiscounter tambi\u00e9n podr\u00e1 utilizar los datos personales para informar a sus Visitantes de productos, servicios y\/o actividades de Paymentdiscounter que puedan ser de inter\u00e9s para el Visitante en cuesti\u00f3n. Si el Visitante se opone a ello, puede ponerse en contacto a trav\u00e9s de info@paymentdiscounter.com.<\/p>\n<p><strong>4. Transferencia a terceros<\/strong><br \/><strong>4.1.<\/strong> Sin perjuicio de lo dispuesto en el apartado 4.2, s\u00f3lo las personas autorizadas por Paymentdiscounter para asegurar los datos personales y \/ o editar y \/ o realizar actividades de mantenimiento de TI tienen acceso a los datos personales de los visitantes.<br \/><strong>4.2.<\/strong> Para algunos de los fines de tratamiento enumerados en la presente Declaraci\u00f3n de Privacidad, Paymentdiscounter podr\u00e1 contratar a un Encargado del Tratamiento, con el que Paymentdiscounter haya celebrado un acuerdo que garantice que la<br \/>El encargado del tratamiento ofrece garant\u00edas suficientes en cuanto a las medidas de seguridad t\u00e9cnicas y organizativas en relaci\u00f3n con las operaciones de tratamiento que se llevar\u00e1n a cabo. Este acuerdo tambi\u00e9n establece que los datos personales en<br \/>s\u00f3lo podr\u00e1 utilizarse para el fin descrito y deber\u00e1 destruirse inmediatamente despu\u00e9s de su uso.<br \/><strong>4.3.<\/strong> Por lo dem\u00e1s, Paymentdiscounter no transmitir\u00e1 los datos personales de sus Visitantes a terceros, salvo que sea necesario en virtud de una prescripci\u00f3n legal o en caso de emergencia. La provisi\u00f3n en el contexto de una emergencia se produce en la medida en que, en opini\u00f3n razonable de Paymentdiscounter, sea en inter\u00e9s de sus Visitantes.<br \/><strong>4.4.<\/strong> Paymentdiscounter podr\u00e1 poner a disposici\u00f3n de Terceros los datos agregados que no puedan ser rastreados hasta las personas para su inspecci\u00f3n en el contexto de la investigaci\u00f3n sobre el desarrollo de redes de observadores, en la medida en que ello redunde en inter\u00e9s de su Visitante en opini\u00f3n razonable de Paymentdiscounter, y siempre que Paymentdiscounter participe. en esta investigaci\u00f3n.<\/p>\n<p>\u00a0<\/p>\n<p><\/p>\t\t\t\t\t\t\t\t<\/div>\n\t\t\t\t<\/div>\n\t\t\t\t\t<\/div>\n\t\t<\/div>\n\t\t\t\t<div class=\"elementor-column elementor-col-50 elementor-top-column elementor-element elementor-element-bb08d14\" data-id=\"bb08d14\" data-element_type=\"column\">\n\t\t\t<div class=\"elementor-column-wrap--bb08d14 elementor-widget-wrap elementor-element-populated\">\n\t\t\t\t\t\t<div class=\"elementor-element elementor-element-dfb0ba3 elementor-widget elementor-widget-text-editor\" data-id=\"dfb0ba3\" data-element_type=\"widget\" data-widget_type=\"text-editor.default\">\n\t\t\t\t<div class=\"elementor-widget-container\">\n\t\t\t\t\t\t\t\t\t<p><\/p>\n<p><span style=\"font-weight: bold;\">5. 5. Cookies (general)<\/span><br><span style=\"font-weight: bold;\">5.1.<\/span>&nbsp;Paymentdiscounter utiliza las denominadas \u2018cookies\u2019. Las cookies son peque\u00f1os archivos de texto que almacena un ordenador cuando se visita el Sitio Web o se utiliza la App. La cookie recuerda lo que el Visitante, Observador y\/o Contraparte rellena en el Sitio Web y\/o App para una visita posterior, de modo que el contenido del Sitio Web y\/o App puede adaptarse al Visitante, Observador y\/o Contraparte en cuesti\u00f3n y no es necesario que se vuelvan a introducir datos personales.<\/p>\n<p><span style=\"font-weight: bold;\">5.2.<\/span>&nbsp;Encontrar\u00e1 m\u00e1s informaci\u00f3n sobre c\u00f3mo activar y desactivar las cookies en las instrucciones o en la funci\u00f3n de ayuda de su navegador. Algunas funciones del Sitio Web o de la Aplicaci\u00f3n pueden dejar de funcionar si un ordenador no puede recibir cookies. Si un Visitante, Observador y\/o Tercero desea m\u00e1s informaci\u00f3n al respecto, puede ponerse en contacto con nosotros a trav\u00e9s de info@Paymentdiscounter .com<\/p>\n<p><span style=\"font-weight: bold;\">6. Google Analytics<\/span><br><span style=\"font-weight: bold;\">6.1.<\/span>&nbsp;Paymentdiscounter utiliza Google Analytics, un servicio anal\u00edtico de web prestado por Google, Inc. (\u201cGoogle\u201d). Google Analytics utiliza cookies para analizar c\u00f3mo los visitantes utilizan el sitio web y \/ o la aplicaci\u00f3n.<br><span style=\"font-weight: bold;\">6.2.<\/span>&nbsp;Google utiliza la informaci\u00f3n antes mencionada para hacer un seguimiento de c\u00f3mo los Visitantes, Observadores y Otras Partes utilizan el Sitio Web y\/o la Aplicaci\u00f3n, para recopilar informes sobre la actividad del Sitio Web y de la Aplicaci\u00f3n para Paymentdiscounter y para ofrecer otros servicios relacionados con la actividad del Sitio Web y de la Aplicaci\u00f3n y el uso de Internet. Google podr\u00e1 transmitir dicha informaci\u00f3n a terceros cuando as\u00ed se lo requiera la legislaci\u00f3n, o cuando dichos terceros procesen la informaci\u00f3n por cuenta de Google. La informaci\u00f3n es transferida y almacenada por Google en servidores en los Estados Unidos. Google se compromete a cumplir con la normativa de privacidad que all\u00ed se aplique. Esto significa que habr\u00eda un nivel adecuado de protecci\u00f3n para el tratamiento (datos personales. Paymentdiscounter no es responsable de esto y excluye toda responsabilidad a este respecto.<\/p>\n<p><span style=\"font-weight: bold;\">7. 7. Redes sociales<\/span><br><span style=\"font-weight: bold;\">7.1.<\/span>&nbsp;En el Sitio Web se incluyen botones para promocionar o compartir sitios y\/o p\u00e1ginas web en redes sociales como Facebook de Facebook, Inc. y Twitter de Twitter, Inc. (\u201credes sociales\u201d). Estos botones funcionan a trav\u00e9s de piezas de c\u00f3digo que provienen de las propias redes sociales. Las cookies se colocan utilizando estos c\u00f3digos. Paymentdiscounter no tiene ninguna influencia sobre esto. Se aconseja a los Visitantes, Observadores y\/o Contrapartes que lean las declaraciones de privacidad de las redes sociales (que pueden cambiar regularmente), para ver qu\u00e9 hacen con los datos personales que procesan a trav\u00e9s de estas cookies.<br><span style=\"font-weight: bold;\">7.2.<\/span>&nbsp;La informaci\u00f3n que recopilan las redes sociales se transfiere y almacena en servidores de Estados Unidos. Las redes sociales declaran que cumplen la normativa sobre privacidad y cookies que se aplica all\u00ed. Esto significa que habr\u00eda un nivel adecuado de protecci\u00f3n para el tratamiento de cualquier dato personal. Paymentdiscounter no es responsable de ello y excluye toda responsabilidad al respecto.<\/p>\n<p><span style=\"font-weight: bold;\">8. Enlaces y cookies de sitios web de terceros<\/span><br>En el sitio web se incluyen enlaces a sitios web de terceros. Cuando los Visitantes visitan estos sitios web, se aplican las declaraciones de privacidad de estos terceros. Paymentdiscounter no es responsable de la forma en que terceros puedan utilizar los datos personales del Visitante o las cookies que se utilizan en estos sitios web de terceros.<\/p>\n<p><span style=\"font-weight: bold;\">9. Acceso y correcci\u00f3n<\/span><br><span style=\"font-weight: bold;\">9.1.<\/span>&nbsp;El Visitante, Observador y\/o Contraparte tiene derecho a inspeccionar sus datos personales recopilados y, en caso necesario, a ajustarlos, completarlos y\/o eliminarlos. Para ello, puede solicitarnoslo a trav\u00e9s de info@Paymentdiscounter.com<br><span style=\"font-weight: bold;\">9.2.<\/span>&nbsp;Los visitantes pueden darse de baja del bolet\u00edn digital de Paymentdiscounter a trav\u00e9s de info@Paymentdiscounter.com.<\/p>\n<p><span style=\"font-weight: bold;\">10. Periodo de almacenamiento<\/span><br>Paymentdiscounter no almacena los datos personales de sus Visitantes durante m\u00e1s tiempo del necesario para la prestaci\u00f3n de sus servicios, a menos que Paymentdiscounter est\u00e9 obligado por ley a conservar los datos personales durante m\u00e1s tiempo.<\/p>\n<p><span style=\"font-weight: bold;\">11. Seguridad<\/span><br>Paymentdiscounter ha adoptado las medidas t\u00e9cnicas y organizativas apropiadas para proteger los datos personales del Visitante contra la p\u00e9rdida o el tratamiento il\u00edcito, incluyendo:<br>- Nombramiento de un responsable de la protecci\u00f3n de datos. Este responsable se encarga dentro de la organizaci\u00f3n de supervisar el tratamiento cuidadoso de los datos personales, incluidas las disposiciones del Reglamento europeo (UE 2016\/679) relativo a la protecci\u00f3n de datos personales. Esta funci\u00f3n la desempe\u00f1a el jefe del Departamento de Inform\u00e1tica. Los datos de contacto pueden consultarse en otra parte del sitio web,<br>- Almacenamiento de esos datos en una base de datos segura con contrase\u00f1as cifradas y copias de seguridad seguras,<br>- Acceso a sus propios datos a trav\u00e9s de una cuenta personal con un nombre de usuario y una contrase\u00f1a \u00fanicos, as\u00ed como,<br>- Pago (s trabajo) y al Paymentdiscounter a trav\u00e9s de un protocolo de encriptaci\u00f3n (SSL).<\/p>\n<p>Aunque Paymentdiscounter ha tomado y tomar\u00e1 todas las medidas de seguridad posibles, el tratamiento de datos personales a trav\u00e9s de Internet conlleva riesgos inherentes al uso de Internet en la sociedad<\/p>\n<p><span style=\"font-weight: bold;\">12. Cambios<\/span><br>Paymentdiscounter se reserva el derecho a modificar esta Declaraci\u00f3n de Privacidad. Por lo tanto, se recomienda a los Visitantes que comprueben esta Declaraci\u00f3n de Privacidad con regularidad. El uso continuado del Sitio Web y\/o de la Aplicaci\u00f3n significa que los Visitantes, Observadores y\/o Otras Partes aceptan la Declaraci\u00f3n de Privacidad modificada de Paymentdiscounter .<\/p>\n<p><span style=\"font-weight: bold;\">14. Contacto<\/span><br>En caso de preguntas o comentarios sobre esta Declaraci\u00f3n de Privacidad u otros aspectos de nuestros servicios, puede ponerse en contacto con Paymentdiscounter a trav\u00e9s de info@Paymentdiscounter.com o&nbsp;<span style=\"color: rgb(72, 79, 86); background-color: var(--body-bg-color); font-family: var(--body-font-family); font-size: var(--body-font-size); font-weight: var(--body-font-weight,400);\">+31 (0)20 - 2612 399<\/span><\/p>\n<p><\/p>\t\t\t\t\t\t\t\t<\/div>\n\t\t\t\t<\/div>\n\t\t\t\t\t<\/div>\n\t\t<\/div>\n\t\t\t\t\t<\/div>\n\t\t<\/section>\n\t\t\t\t<section class=\"elementor-section elementor-top-section elementor-element elementor-element-7646339 elementor-section-boxed elementor-section-height-default elementor-section-height-default\" data-id=\"7646339\" data-element_type=\"section\">\n\t\t\t\t\t\t<div class=\"elementor-container elementor-column-gap-default\">\n\t\t\t\t\t<div class=\"elementor-column elementor-col-100 elementor-top-column elementor-element elementor-element-78d553f\" data-id=\"78d553f\" data-element_type=\"column\">\n\t\t\t<div class=\"elementor-column-wrap--78d553f elementor-widget-wrap elementor-element-populated\">\n\t\t\t\t\t\t<div class=\"elementor-element elementor-element-3abbaa6 elementor-widget elementor-widget-spacer\" data-id=\"3abbaa6\" data-element_type=\"widget\" data-widget_type=\"spacer.default\">\n\t\t\t\t<div class=\"elementor-widget-container\">\n\t\t\t\t\t\t\t<div class=\"elementor-spacer\">\n\t\t\t<div class=\"elementor-spacer-inner\"><\/div>\n\t\t<\/div>\n\t\t\t\t\t\t<\/div>\n\t\t\t\t<\/div>\n\t\t\t\t\t<\/div>\n\t\t<\/div>\n\t\t\t\t\t<\/div>\n\t\t<\/section>\n\t\t\t\t<\/div>","protected":false},"excerpt":{"rendered":"<p>Privacy Policy 1. General1.1. Paymentdiscounter.com is responsible for the processing of personal data of its Visitors. Our Privacy Statement describes how this data processing takes place and for what purposes this data is processed. 1.2. By using the Website www.paymentdiscounter.com whether or not by creating a personal account or concluding an agreement with Paymentdiscounter, a [&hellip;]<\/p>\n","protected":false},"author":1,"featured_media":0,"parent":0,"menu_order":0,"comment_status":"closed","ping_status":"open","template":"","meta":{"footnotes":""},"yst_prominent_words":[],"acf":[],"_links":{"self":[{"href":"https:\/\/paymentdiscounter.com\/es\/wp-json\/wp\/v2\/pages\/3"}],"collection":[{"href":"https:\/\/paymentdiscounter.com\/es\/wp-json\/wp\/v2\/pages"}],"about":[{"href":"https:\/\/paymentdiscounter.com\/es\/wp-json\/wp\/v2\/types\/page"}],"author":[{"embeddable":true,"href":"https:\/\/paymentdiscounter.com\/es\/wp-json\/wp\/v2\/users\/1"}],"replies":[{"embeddable":true,"href":"https:\/\/paymentdiscounter.com\/es\/wp-json\/wp\/v2\/comments?post=3"}],"version-history":[{"count":39,"href":"https:\/\/paymentdiscounter.com\/es\/wp-json\/wp\/v2\/pages\/3\/revisions"}],"predecessor-version":[{"id":38142,"href":"https:\/\/paymentdiscounter.com\/es\/wp-json\/wp\/v2\/pages\/3\/revisions\/38142"}],"wp:attachment":[{"href":"https:\/\/paymentdiscounter.com\/es\/wp-json\/wp\/v2\/media?parent=3"}],"wp:term":[{"taxonomy":"yst_prominent_words","embeddable":true,"href":"https:\/\/paymentdiscounter.com\/es\/wp-json\/wp\/v2\/yst_prominent_words?post=3"}],"curies":[{"name":"wp","href":"https:\/\/api.w.org\/{rel}","templated":true}]}}