{"id":10123,"date":"2021-12-14T12:27:35","date_gmt":"2021-12-14T12:27:35","guid":{"rendered":"https:\/\/paymentdiscounter.com\/?page_id=10123"},"modified":"2022-04-15T13:13:22","modified_gmt":"2022-04-15T13:13:22","slug":"galletas","status":"publish","type":"page","link":"https:\/\/paymentdiscounter.com\/es\/galletas\/","title":{"rendered":"Cookies"},"content":{"rendered":"<div data-elementor-type=\"wp-page\" data-elementor-id=\"10123\" class=\"elementor elementor-10123\" data-elementor-post-type=\"page\">\n\t\t\t\t\t\t<section class=\"elementor-section elementor-top-section elementor-element elementor-element-7722b30 elementor-section-boxed elementor-section-height-default elementor-section-height-default\" data-id=\"7722b30\" data-element_type=\"section\">\n\t\t\t\t\t\t<div class=\"elementor-container elementor-column-gap-default\">\n\t\t\t\t\t<div class=\"elementor-column elementor-col-100 elementor-top-column elementor-element elementor-element-8af1502\" data-id=\"8af1502\" data-element_type=\"column\">\n\t\t\t<div class=\"elementor-column-wrap--8af1502 elementor-widget-wrap elementor-element-populated\">\n\t\t\t\t\t\t<div class=\"elementor-element elementor-element-dd0f364 elementor-widget elementor-widget-spacer\" data-id=\"dd0f364\" data-element_type=\"widget\" data-widget_type=\"spacer.default\">\n\t\t\t\t<div class=\"elementor-widget-container\">\n\t\t\t\t\t\t\t<div class=\"elementor-spacer\">\n\t\t\t<div class=\"elementor-spacer-inner\"><\/div>\n\t\t<\/div>\n\t\t\t\t\t\t<\/div>\n\t\t\t\t<\/div>\n\t\t\t\t\t<\/div>\n\t\t<\/div>\n\t\t\t\t\t<\/div>\n\t\t<\/section>\n\t\t\t\t<section class=\"elementor-section elementor-top-section elementor-element elementor-element-aa78849 elementor-section-boxed elementor-section-height-default elementor-section-height-default\" data-id=\"aa78849\" data-element_type=\"section\">\n\t\t\t\t\t\t<div class=\"elementor-container elementor-column-gap-default\">\n\t\t\t\t\t<div class=\"elementor-column elementor-col-33 elementor-top-column elementor-element elementor-element-199710e\" data-id=\"199710e\" data-element_type=\"column\">\n\t\t\t<div class=\"elementor-column-wrap--199710e elementor-widget-wrap\">\n\t\t\t\t\t\t\t<\/div>\n\t\t<\/div>\n\t\t\t\t<div class=\"elementor-column elementor-col-33 elementor-top-column elementor-element elementor-element-068938c\" data-id=\"068938c\" data-element_type=\"column\">\n\t\t\t<div class=\"elementor-column-wrap--068938c elementor-widget-wrap elementor-element-populated\">\n\t\t\t\t\t\t<div class=\"elementor-element elementor-element-4b0097c elementor-widget elementor-widget-heading\" data-id=\"4b0097c\" data-element_type=\"widget\" data-widget_type=\"heading.default\">\n\t\t\t\t<div class=\"elementor-widget-container\">\n\t\t\t\t\t<h2 class=\"elementor-heading-title elementor-size-default\">Cookies<\/h2>\t\t\t\t<\/div>\n\t\t\t\t<\/div>\n\t\t\t\t\t<\/div>\n\t\t<\/div>\n\t\t\t\t<div class=\"elementor-column elementor-col-33 elementor-top-column elementor-element elementor-element-15d7e46\" data-id=\"15d7e46\" data-element_type=\"column\">\n\t\t\t<div class=\"elementor-column-wrap--15d7e46 elementor-widget-wrap\">\n\t\t\t\t\t\t\t<\/div>\n\t\t<\/div>\n\t\t\t\t\t<\/div>\n\t\t<\/section>\n\t\t\t\t<section class=\"elementor-section elementor-top-section elementor-element elementor-element-ebbee0b elementor-section-boxed elementor-section-height-default elementor-section-height-default\" data-id=\"ebbee0b\" data-element_type=\"section\">\n\t\t\t\t\t\t<div class=\"elementor-container elementor-column-gap-default\">\n\t\t\t\t\t<div class=\"elementor-column elementor-col-100 elementor-top-column elementor-element elementor-element-f0c4db4\" data-id=\"f0c4db4\" data-element_type=\"column\">\n\t\t\t<div class=\"elementor-column-wrap--f0c4db4 elementor-widget-wrap elementor-element-populated\">\n\t\t\t\t\t\t<div class=\"elementor-element elementor-element-9d4d990 elementor-widget elementor-widget-spacer\" data-id=\"9d4d990\" data-element_type=\"widget\" data-widget_type=\"spacer.default\">\n\t\t\t\t<div class=\"elementor-widget-container\">\n\t\t\t\t\t\t\t<div class=\"elementor-spacer\">\n\t\t\t<div class=\"elementor-spacer-inner\"><\/div>\n\t\t<\/div>\n\t\t\t\t\t\t<\/div>\n\t\t\t\t<\/div>\n\t\t\t\t\t<\/div>\n\t\t<\/div>\n\t\t\t\t\t<\/div>\n\t\t<\/section>\n\t\t\t\t<section class=\"elementor-section elementor-top-section elementor-element elementor-element-c2810c6 elementor-section-boxed elementor-section-height-default elementor-section-height-default\" data-id=\"c2810c6\" data-element_type=\"section\">\n\t\t\t\t\t\t<div class=\"elementor-container elementor-column-gap-wide\">\n\t\t\t\t\t<div class=\"elementor-column elementor-col-33 elementor-top-column elementor-element elementor-element-50196d8\" data-id=\"50196d8\" data-element_type=\"column\">\n\t\t\t<div class=\"elementor-column-wrap--50196d8 elementor-widget-wrap\">\n\t\t\t\t\t\t\t<\/div>\n\t\t<\/div>\n\t\t\t\t<div class=\"elementor-column elementor-col-33 elementor-top-column elementor-element elementor-element-68d137f\" data-id=\"68d137f\" data-element_type=\"column\">\n\t\t\t<div class=\"elementor-column-wrap--68d137f elementor-widget-wrap elementor-element-populated\">\n\t\t\t\t\t\t<div class=\"elementor-element elementor-element-bdfe6f0 elementor-widget elementor-widget-text-editor\" data-id=\"bdfe6f0\" data-element_type=\"widget\" data-widget_type=\"text-editor.default\">\n\t\t\t\t<div class=\"elementor-widget-container\">\n\t\t\t\t\t\t\t\t\t<p>Una cookie es un peque\u00f1o archivo con datos que se almacena en su ordenador o dispositivo para ayudar a los sitios web y aplicaciones m\u00f3viles a recordar cosas sobre su comportamiento de b\u00fasqueda. Nuestro <a href=\"\/es\/politica-de-privacidad\/\">Pol\u00edtica de privacidad<\/a> explica c\u00f3mo recopilamos y utilizamos informaci\u00f3n suya y sobre usted. En nuestra pol\u00edtica de cookies encontrar\u00e1 m\u00e1s informaci\u00f3n sobre c\u00f3mo funciona en la pr\u00e1ctica.<\/p><p><b>C\u00f3mo utilizamos las cookies<\/b><br \/><span style=\"background-color: var(--body-bg-color); color: var(--body-color); font-family: var(--body-font-family),sans-serif; font-size: var(--body-font-size); font-weight: var(--body-font-weight);\">Como la mayor\u00eda de los servicios web, www.paymentdiscounter.com utiliza cookies por varias razones, entre ellas para proteger los datos de su pedido y su cuenta, para saber qu\u00e9 funciones son m\u00e1s populares, para medir el n\u00famero de visitantes de una p\u00e1gina, para mejorar la experiencia de nuestros usuarios, para mantener nuestros servicios seguros y para ofrecerle una mejor experiencia en general. Las cookies que utilizamos suelen pertenecer a una de las siguientes categor\u00edas.<\/span><\/p>\t\t\t\t\t\t\t\t<\/div>\n\t\t\t\t<\/div>\n\t\t\t\t\t<\/div>\n\t\t<\/div>\n\t\t\t\t<div class=\"elementor-column elementor-col-33 elementor-top-column elementor-element elementor-element-e09f586\" data-id=\"e09f586\" data-element_type=\"column\">\n\t\t\t<div class=\"elementor-column-wrap--e09f586 elementor-widget-wrap\">\n\t\t\t\t\t\t\t<\/div>\n\t\t<\/div>\n\t\t\t\t\t<\/div>\n\t\t<\/section>\n\t\t\t\t<section class=\"elementor-section elementor-top-section elementor-element elementor-element-488fde6 elementor-section-boxed elementor-section-height-default elementor-section-height-default\" data-id=\"488fde6\" data-element_type=\"section\">\n\t\t\t\t\t\t<div class=\"elementor-container elementor-column-gap-wide\">\n\t\t\t\t\t<div class=\"elementor-column elementor-col-33 elementor-top-column elementor-element elementor-element-3b14e0f\" data-id=\"3b14e0f\" data-element_type=\"column\">\n\t\t\t<div class=\"elementor-column-wrap--3b14e0f elementor-widget-wrap\">\n\t\t\t\t\t\t\t<\/div>\n\t\t<\/div>\n\t\t\t\t<div class=\"elementor-column elementor-col-33 elementor-top-column elementor-element elementor-element-f996c11\" data-id=\"f996c11\" data-element_type=\"column\">\n\t\t\t<div class=\"elementor-column-wrap--f996c11 elementor-widget-wrap elementor-element-populated\">\n\t\t\t\t\t\t<div class=\"elementor-element elementor-element-be6f18f elementor-widget elementor-widget-text-editor\" data-id=\"be6f18f\" data-element_type=\"widget\" data-widget_type=\"text-editor.default\">\n\t\t\t\t<div class=\"elementor-widget-container\">\n\t\t\t\t\t\t\t\t\t<p>\u00a0<\/p><table><thead><tr><th>Categor\u00eda de galletas<\/th><th>Por qu\u00e9 utilizamos estas cookies<\/th><\/tr><\/thead><tbody><tr><td>Preferencias<\/td><td><p>Utilizamos estas cookies para recordar su configuraci\u00f3n y preferencias.<\/p><p>Por ejemplo, podemos utilizar estas cookies para recordar sus preferencias de idioma.<\/p><\/td><\/tr><tr><td>Seguridad<\/td><td><p>Utilizamos estas cookies para ayudar a identificar y prevenir riesgos de seguridad.<\/p><p>Por ejemplo, podemos utilizar estas cookies para almacenar sus datos de sesi\u00f3n para evitar que otros cambien su contrase\u00f1a sin su nombre de usuario y contrase\u00f1a.<\/p><\/td><\/tr><tr><td>Rendimiento<\/td><td><p>Utilizamos estas cookies para recopilar informaci\u00f3n sobre c\u00f3mo utiliza nuestros servicios y c\u00f3mo podemos mejorarlos.<\/p><p>Por ejemplo, podemos utilizar estas cookies para determinar si ha utilizado una p\u00e1gina determinada.<\/p><\/td><\/tr><tr><td>An\u00e1lisis<\/td><td><p>Utilizamos cookies para mejorar nuestros servicios.<\/p><p>Por ejemplo, podemos utilizar estas cookies para obtener m\u00e1s informaci\u00f3n sobre las funciones m\u00e1s populares entre nuestros usuarios y qu\u00e9 funciones podr\u00edan necesitar ajustes.<\/p><\/td><\/tr><tr><td>Para anunciar<\/td><td>Utilizamos estas cookies para mostrar anuncios, hacerlos m\u00e1s relevantes y significativos para los consumidores, y para medir la eficacia de nuestras campa\u00f1as publicitarias, tanto dentro de nuestros servicios como en otros sitios web o aplicaciones m\u00f3viles.<\/td><\/tr><\/tbody><\/table>\t\t\t\t\t\t\t\t<\/div>\n\t\t\t\t<\/div>\n\t\t\t\t\t<\/div>\n\t\t<\/div>\n\t\t\t\t<div class=\"elementor-column elementor-col-33 elementor-top-column elementor-element elementor-element-13ee48a\" data-id=\"13ee48a\" data-element_type=\"column\">\n\t\t\t<div class=\"elementor-column-wrap--13ee48a elementor-widget-wrap\">\n\t\t\t\t\t\t\t<\/div>\n\t\t<\/div>\n\t\t\t\t\t<\/div>\n\t\t<\/section>\n\t\t\t\t<section class=\"elementor-section elementor-top-section elementor-element elementor-element-531172c elementor-section-boxed elementor-section-height-default elementor-section-height-default\" data-id=\"531172c\" data-element_type=\"section\">\n\t\t\t\t\t\t<div class=\"elementor-container elementor-column-gap-wide\">\n\t\t\t\t\t<div class=\"elementor-column elementor-col-33 elementor-top-column elementor-element elementor-element-a8cca09\" data-id=\"a8cca09\" data-element_type=\"column\">\n\t\t\t<div class=\"elementor-column-wrap--a8cca09 elementor-widget-wrap\">\n\t\t\t\t\t\t\t<\/div>\n\t\t<\/div>\n\t\t\t\t<div class=\"elementor-column elementor-col-33 elementor-top-column elementor-element elementor-element-b56ae29\" data-id=\"b56ae29\" data-element_type=\"column\">\n\t\t\t<div class=\"elementor-column-wrap--b56ae29 elementor-widget-wrap elementor-element-populated\">\n\t\t\t\t\t\t<div class=\"elementor-element elementor-element-0c16062 elementor-widget elementor-widget-text-editor\" data-id=\"0c16062\" data-element_type=\"widget\" data-widget_type=\"text-editor.default\">\n\t\t\t\t<div class=\"elementor-widget-container\">\n\t\t\t\t\t\t\t\t\t<p><strong>Sus opciones<\/strong><br \/>Es posible que su navegador o dispositivo le permita bloquear o restringir de otro modo el uso de cookies. Pero las cookies son una parte importante del funcionamiento de nuestros servicios, por lo que si elimina, rechaza o restringe su uso, esto puede afectar a la disponibilidad y el funcionamiento de nuestros servicios.<\/p><p><strong>Cookies del navegador<\/strong><br \/>Su navegador puede ofrecerle la posibilidad de rechazar algunas o todas las cookies del navegador. Tambi\u00e9n puede tener la posibilidad de eliminar las cookies de su navegador. Para m\u00e1s informaci\u00f3n sobre la gesti\u00f3n de las cookies del navegador, siga las instrucciones de su navegador.<\/p><p><strong>Cont\u00e1ctenos<br \/><\/strong>Si tiene alguna pregunta sobre nuestro uso de las cookies, por favor <a href=\"\/es\/pongase-en-contacto-con\/\">Contacto<\/a>.<\/p>\t\t\t\t\t\t\t\t<\/div>\n\t\t\t\t<\/div>\n\t\t\t\t\t<\/div>\n\t\t<\/div>\n\t\t\t\t<div class=\"elementor-column elementor-col-33 elementor-top-column elementor-element elementor-element-5e78bfc\" data-id=\"5e78bfc\" data-element_type=\"column\">\n\t\t\t<div class=\"elementor-column-wrap--5e78bfc elementor-widget-wrap\">\n\t\t\t\t\t\t\t<\/div>\n\t\t<\/div>\n\t\t\t\t\t<\/div>\n\t\t<\/section>\n\t\t\t\t<section class=\"elementor-section elementor-top-section elementor-element elementor-element-ac707cd elementor-section-boxed elementor-section-height-default elementor-section-height-default\" data-id=\"ac707cd\" data-element_type=\"section\">\n\t\t\t\t\t\t<div class=\"elementor-container elementor-column-gap-default\">\n\t\t\t\t\t<div class=\"elementor-column elementor-col-100 elementor-top-column elementor-element elementor-element-b011da5\" data-id=\"b011da5\" data-element_type=\"column\">\n\t\t\t<div class=\"elementor-column-wrap--b011da5 elementor-widget-wrap elementor-element-populated\">\n\t\t\t\t\t\t<div class=\"elementor-element elementor-element-41a2acb elementor-widget elementor-widget-spacer\" data-id=\"41a2acb\" data-element_type=\"widget\" data-widget_type=\"spacer.default\">\n\t\t\t\t<div class=\"elementor-widget-container\">\n\t\t\t\t\t\t\t<div class=\"elementor-spacer\">\n\t\t\t<div class=\"elementor-spacer-inner\"><\/div>\n\t\t<\/div>\n\t\t\t\t\t\t<\/div>\n\t\t\t\t<\/div>\n\t\t\t\t\t<\/div>\n\t\t<\/div>\n\t\t\t\t\t<\/div>\n\t\t<\/section>\n\t\t\t\t<\/div>","protected":false},"excerpt":{"rendered":"<p>Cookies A cookie is a small file with data stored on your computer or device to help websites and mobile apps remember things about your search behavior.&nbsp;Our Privacy Policy explains how we collect and use information from and about you. In our cookie policy you will find more information on how this works in practice. [&hellip;]<\/p>\n","protected":false},"author":1,"featured_media":0,"parent":0,"menu_order":0,"comment_status":"closed","ping_status":"closed","template":"","meta":{"footnotes":""},"yst_prominent_words":[],"acf":[],"_links":{"self":[{"href":"https:\/\/paymentdiscounter.com\/es\/wp-json\/wp\/v2\/pages\/10123"}],"collection":[{"href":"https:\/\/paymentdiscounter.com\/es\/wp-json\/wp\/v2\/pages"}],"about":[{"href":"https:\/\/paymentdiscounter.com\/es\/wp-json\/wp\/v2\/types\/page"}],"author":[{"embeddable":true,"href":"https:\/\/paymentdiscounter.com\/es\/wp-json\/wp\/v2\/users\/1"}],"replies":[{"embeddable":true,"href":"https:\/\/paymentdiscounter.com\/es\/wp-json\/wp\/v2\/comments?post=10123"}],"version-history":[{"count":36,"href":"https:\/\/paymentdiscounter.com\/es\/wp-json\/wp\/v2\/pages\/10123\/revisions"}],"predecessor-version":[{"id":15847,"href":"https:\/\/paymentdiscounter.com\/es\/wp-json\/wp\/v2\/pages\/10123\/revisions\/15847"}],"wp:attachment":[{"href":"https:\/\/paymentdiscounter.com\/es\/wp-json\/wp\/v2\/media?parent=10123"}],"wp:term":[{"taxonomy":"yst_prominent_words","embeddable":true,"href":"https:\/\/paymentdiscounter.com\/es\/wp-json\/wp\/v2\/yst_prominent_words?post=10123"}],"curies":[{"name":"wp","href":"https:\/\/api.w.org\/{rel}","templated":true}]}}